{"id":114846,"date":"2023-05-26T10:15:07","date_gmt":"2023-05-26T10:15:07","guid":{"rendered":"https:\/\/barboflex.pt\/?page_id=114846"},"modified":"2024-01-22T12:27:50","modified_gmt":"2024-01-22T12:27:50","slug":"politique-de-confidentialite","status":"publish","type":"page","link":"https:\/\/barboflex.pt\/fr\/politique-de-confidentialite\/","title":{"rendered":"Politique de confidentialit\u00e9"},"content":{"rendered":"<div class=\"wpb-content-wrapper\"><p>[vc_row unlock_row_content=\u00a0\u00bb\u00a0\u00bb row_height_percent=\u00a0\u00bb0&Prime; override_padding=\u00a0\u00bbyes\u00a0\u00bb h_padding=\u00a0\u00bb0&Prime; top_padding=\u00a0\u00bb3&Prime; bottom_padding=\u00a0\u00bb2&Prime; shift_y=\u00a0\u00bb0&Prime; z_index=\u00a0\u00bb0&Prime;][vc_column position_horizontal=\u00a0\u00bb\u00a0\u00bb align_horizontal=\u00a0\u00bbtext-lg-center\u00a0\u00bb mobile_width=\u00a0\u00bb0&Prime; shift_x=\u00a0\u00bb0&Prime; shift_y=\u00a0\u00bb0&Prime; z_index=\u00a0\u00bb0&Prime; medium_width=\u00a0\u00bb0&Prime; width=\u00a0\u00bb1\/1&Prime;][vc_custom_heading auto_text=\u00a0\u00bbyes\u00a0\u00bb heading_semantic=\u00a0\u00bbh1&Prime; text_weight=\u00a0\u00bbfont-weight-light\u00a0\u00bb el_class=\u00a0\u00bbalternative-font\u00a0\u00bb][\/vc_custom_heading][\/vc_column][\/vc_row][vc_row row_height_percent=\u00a0\u00bb0&Prime; override_padding=\u00a0\u00bbyes\u00a0\u00bb h_padding=\u00a0\u00bb0&Prime; top_padding=\u00a0\u00bb1&Prime; bottom_padding=\u00a0\u00bb3&Prime; shift_y=\u00a0\u00bb0&Prime; z_index=\u00a0\u00bb0&Prime; el_class=\u00a0\u00bbmb-adapt-6&Prime;][vc_column position_horizontal=\u00a0\u00bb\u00a0\u00bb mobile_visibility=\u00a0\u00bbyes\u00a0\u00bb mobile_width=\u00a0\u00bb0&Prime; shift_x=\u00a0\u00bb0&Prime; shift_y=\u00a0\u00bb0&Prime; z_index=\u00a0\u00bb0&Prime; medium_visibility=\u00a0\u00bbyes\u00a0\u00bb medium_width=\u00a0\u00bb0&Prime; width=\u00a0\u00bb1\/6&Prime;][\/vc_column][vc_column width=\u00a0\u00bb2\/3&Prime;][vc_custom_heading text_size=\u00a0\u00bbh6&Prime;]<strong>Conditions g\u00e9n\u00e9rales<\/strong>[\/vc_custom_heading][vc_column_text]<\/p>\n<ul>\n<li>Veuillez lire attentivement tous les points de notre politique de confidentialit\u00e9. La pr\u00e9sente politique de confidentialit\u00e9 d\u00e9finit les modalit\u00e9s de collecte et d&rsquo;utilisation des donn\u00e9es \u00e0 caract\u00e8re personnel, ainsi que les garanties et les mesures de s\u00e9curit\u00e9 adopt\u00e9es lors de leur traitement.<\/li>\n<li>Barboflex reconna\u00eet l&rsquo;importance de votre vie priv\u00e9e. Les donn\u00e9es personnelles ne seront jamais vendues ou transmises \u00e0 des tiers, qu&rsquo;il s&rsquo;agisse de particuliers ou d&rsquo;entreprises.<\/li>\n<li>Le site web www.barboflex.pt est bas\u00e9 \u00e0 Zona Industrial dos Ter\u00e7os, Rua da Miseric\u00f3rdia, n\u00ba188, 4410-528, Canelas, Vila Nova de Gaia.<\/li>\n<li>Toutes les informations personnelles recueillies par le biais du site web seront utilis\u00e9es pour rendre votre visite sur notre site aussi productive et agr\u00e9able que possible.<\/li>\n<li>Assurer la confidentialit\u00e9 des donn\u00e9es personnelles de nos utilisateurs est extr\u00eamement important pour Barboflex, ainsi toutes les informations personnelles relatives aux membres, abonn\u00e9s, clients ou visiteurs utilisant le site web de Barboflex seront trait\u00e9es conform\u00e9ment \u00e0 la l\u00e9gislation applicable \u00e0 la Politique de protection des donn\u00e9es impos\u00e9e par la CNPD (Commission nationale de protection des donn\u00e9es) conform\u00e9ment au R\u00e8glement g\u00e9n\u00e9ral sur la protection des donn\u00e9es (RGPD) &#8211; R\u00e8glement n\u00b0 798\/2018 du 30 novembre 2018.<\/li>\n<li>Les informations personnelles collect\u00e9es peuvent inclure votre nom, votre adresse \u00e9lectronique, votre num\u00e9ro de t\u00e9l\u00e9phone et\/ou de t\u00e9l\u00e9phone portable, votre adresse, votre date de naissance et\/ou autres.<\/li>\n<li>\u2028L&rsquo;utilisation du site internet de Barboflex implique l&rsquo;acceptation du pr\u00e9sent accord de confidentialit\u00e9. L&rsquo;\u00e9quipe de Barboflex se r\u00e9serve le droit de modifier cet accord sans pr\u00e9avis. Nous vous recommandons donc de consulter r\u00e9guli\u00e8rement notre politique de confidentialit\u00e9 afin d&rsquo;\u00eatre toujours \u00e0 jour.<\/li>\n<\/ul>\n<p>[\/vc_column_text][vc_empty_space empty_h=\u00a0\u00bb3&Prime;][vc_custom_heading text_size=\u00a0\u00bbh6&Prime;]<strong>1. Collecte d&rsquo;informations<\/strong>[\/vc_custom_heading][vc_column_text]<\/p>\n<ul>\n<li>Chaque fois qu&rsquo;il est n\u00e9cessaire de collecter des informations personnelles pour la fourniture de produits dans la boutique en ligne, l&rsquo;utilisation de ces informations sera effectu\u00e9e conform\u00e9ment \u00e0 la l\u00e9gislation applicable \u00e0 la politique de protection des donn\u00e9es impos\u00e9e par la CNPD (Commission nationale de protection des donn\u00e9es) conform\u00e9ment au R\u00e8glement g\u00e9n\u00e9ral sur la protection des donn\u00e9es (RGPD) &#8211; R\u00e8glement n\u00b0 798\/2018 du 30 novembre 2018, afin d&rsquo;assurer la confidentialit\u00e9 et la s\u00e9curit\u00e9 des donn\u00e9es personnelles fournies.<\/li>\n<li>Barboflex s&rsquo;engage \u00e0 respecter la r\u00e9glementation en mati\u00e8re de traitement des donn\u00e9es personnelles en vigueur au Portugal. Les informations obtenues peuvent \u00eatre utilis\u00e9es par Barboflex pour envoyer des informations sur l&rsquo;entreprise, capturer des informations g\u00e9n\u00e9rales afin de comprendre le profil des utilisateurs et ainsi adapter ce que fait Barboflex \u00e0 ses utilisateurs et clients.<\/li>\n<li>Barboflex s&rsquo;engage \u00e0 ne pas fournir de donn\u00e9es personnelles \u00e0 ses utilisateurs. Lorsque cela s&rsquo;av\u00e8re n\u00e9cessaire pour la fourniture de produits ou de services, les donn\u00e9es personnelles ne seront communiqu\u00e9es qu&rsquo;avec l&rsquo;autorisation pr\u00e9alable de l&rsquo;utilisateur concern\u00e9, en veillant \u00e0 ce que seules les informations minimales n\u00e9cessaires pour r\u00e9pondre aux demandes soient partag\u00e9es.<\/li>\n<\/ul>\n<p>[\/vc_column_text][vc_empty_space empty_h=\u00a0\u00bb3&Prime;][vc_custom_heading text_size=\u00a0\u00bbh6&Prime;]<strong>2. Utilisation des informations collect\u00e9es<\/strong>[\/vc_custom_heading][vc_column_text]<\/p>\n<ul>\n<li>Barboflex s&rsquo;engage \u00e0 respecter la r\u00e9glementation en mati\u00e8re de traitement des donn\u00e9es personnelles en vigueur au Portugal. Les informations obtenues peuvent \u00eatre utilis\u00e9es par Barboflex pour envoyer des informations sur l&rsquo;entreprise, recueillir des informations g\u00e9n\u00e9rales afin de comprendre le profil des utilisateurs et d&rsquo;adapter ainsi l&rsquo;action de Barboflex \u00e0 ses utilisateurs et \u00e0 ses clients.\u2028Les donn\u00e9es collect\u00e9es sont destin\u00e9es exclusivement \u00e0 l&rsquo;usage de Barboflex, afin de donner suite aux demandes formul\u00e9es par le biais de ce site web, par t\u00e9l\u00e9phone ou par le biais de la lettre d&rsquo;information, et la confidentialit\u00e9 et la protection des donn\u00e9es de l&rsquo;utilisateur sont garanties.\u2028Barboflex s&rsquo;engage \u00e0 ne pas fournir de donn\u00e9es personnelles \u00e0 ses utilisateurs. Lorsque cela s&rsquo;av\u00e8re n\u00e9cessaire pour la fourniture de produits ou de services, les donn\u00e9es personnelles ne seront communiqu\u00e9es qu&rsquo;avec l&rsquo;autorisation pr\u00e9alable de l&rsquo;utilisateur concern\u00e9, en veillant \u00e0 ne partager que le minimum d&rsquo;informations n\u00e9cessaires \u00e0 l&rsquo;ex\u00e9cution des demandes.<\/li>\n<\/ul>\n<p>[\/vc_column_text][vc_empty_space empty_h=\u00a0\u00bb3&Prime;][vc_custom_heading text_size=\u00a0\u00bbh6&Prime;]<strong>3. Droit d&rsquo;acc\u00e8s, de rectification, d&rsquo;annulation et d&rsquo;opposition<\/strong>[\/vc_custom_heading][vc_column_text]<\/p>\n<ul>\n<li>Conform\u00e9ment aux dispositions du R\u00e8glement g\u00e9n\u00e9ral sur la protection des donn\u00e9es (RGPD) &#8211; R\u00e8glement n\u00b0 798\/2018 du 30 novembre 2018, toute personne peut demander \u00e0 acc\u00e9der \u00e0 ses donn\u00e9es personnelles, \u00eatre inform\u00e9e de leur contenu et exiger qu&rsquo;elles soient rectifi\u00e9es, mises \u00e0 jour ou d\u00e9truites, en adressant une demande \u00e9crite directement \u00e0 Barboflex aux adresses \u00e9lectroniques suivantes : marketing@barboflex.pt ou comunicacao@barboflex.pt.<\/li>\n<\/ul>\n<p>[\/vc_column_text][vc_empty_space empty_h=\u00a0\u00bb3&Prime;][vc_custom_heading text_size=\u00a0\u00bbh6&Prime;]<strong>4. S\u00e9curit\u00e9 et protection des donn\u00e9es<\/strong>[\/vc_custom_heading][vc_column_text]<\/p>\n<ul>\n<li>Barboflex s&rsquo;engage \u00e0 adopter toutes les mesures de s\u00e9curit\u00e9 n\u00e9cessaires pour garantir la protection des donn\u00e9es personnelles des utilisateurs contre d&rsquo;\u00e9ventuels abus ou acc\u00e8s non autoris\u00e9s. Toutefois, Internet n&rsquo;\u00e9tant pas un moyen de communication s\u00fbr \u00e0 100 %, Barboflex ne peut garantir la s\u00e9curit\u00e9 des informations divulgu\u00e9es en ligne en dehors de ce site web et\/ou des bulletins d&rsquo;information de l&rsquo;entreprise, et ne peut \u00eatre tenu pour responsable des pertes ou dommages caus\u00e9s \u00e0 l&rsquo;utilisateur en raison de la perte de confidentialit\u00e9 des informations par l&rsquo;interm\u00e9diaire d&rsquo;autres entit\u00e9s.<\/li>\n<\/ul>\n<p>[\/vc_column_text][vc_empty_space empty_h=\u00a0\u00bb3&Prime;][vc_custom_heading text_size=\u00a0\u00bbh6&Prime;]<strong>6. Acceptation de la politique de confidentialit\u00e9<\/strong>[\/vc_custom_heading][vc_column_text]<\/p>\n<ul>\n<li>Il est entendu que l&rsquo;utilisateur accepte les conditions de cette politique de confidentialit\u00e9 en introduisant ses donn\u00e9es. Le fait de remplir les formulaires implique le consentement de l&rsquo;utilisateur au traitement et \u00e0 l&rsquo;utilisation automatis\u00e9s des donn\u00e9es conform\u00e9ment aux conditions de confidentialit\u00e9 d\u00e9crites dans le pr\u00e9sent document.<\/li>\n<\/ul>\n<p>[\/vc_column_text][vc_empty_space empty_h=\u00a0\u00bb3&Prime;][vc_custom_heading text_size=\u00a0\u00bbh6&Prime;]<strong>7. Modifications de la politique de confidentialit\u00e9<\/strong>[\/vc_custom_heading][vc_column_text]<\/p>\n<ul>\n<li>Barboflex se r\u00e9serve le droit de mettre \u00e0 jour ou de r\u00e9viser cette politique de confidentialit\u00e9 \u00e0 tout moment afin de l&rsquo;adapter \u00e0 d&rsquo;\u00e9ventuels changements l\u00e9gislatifs et\/ou \u00e0 d&rsquo;autres contraintes. Toute modification sera publi\u00e9e dans cet espace, de sorte que les utilisateurs sont invit\u00e9s \u00e0 le visiter fr\u00e9quemment pour se tenir au courant de la politique de confidentialit\u00e9 en vigueur.<\/li>\n<li>Ces termes et conditions sont r\u00e9gis par la loi portugaise.\u2028Date de publication du pr\u00e9sent avis juridique : juin 2018.<\/li>\n<\/ul>\n<p>[\/vc_column_text][\/vc_column][vc_column position_horizontal=\u00a0\u00bb\u00a0\u00bb mobile_visibility=\u00a0\u00bbyes\u00a0\u00bb mobile_width=\u00a0\u00bb0&Prime; shift_x=\u00a0\u00bb0&Prime; shift_y=\u00a0\u00bb0&Prime; z_index=\u00a0\u00bb0&Prime; medium_visibility=\u00a0\u00bbyes\u00a0\u00bb medium_width=\u00a0\u00bb0&Prime; width=\u00a0\u00bb1\/6&Prime;][\/vc_column][\/vc_row][vc_row][vc_column width=\u00a0\u00bb1\/1&Prime;][miew_block id=\u00a0\u00bb1326&Prime;][\/vc_column][\/vc_row]<\/p>\n<\/div>","protected":false},"excerpt":{"rendered":"<p>[vc_row unlock_row_content=\u00a0\u00bb\u00a0\u00bb row_height_percent=\u00a0\u00bb0&Prime; override_padding=\u00a0\u00bbyes\u00a0\u00bb h_padding=\u00a0\u00bb0&Prime; top_padding=\u00a0\u00bb3&Prime; bottom_padding=\u00a0\u00bb2&Prime; shift_y=\u00a0\u00bb0&Prime; z_index=\u00a0\u00bb0&Prime;][vc_column position_horizontal=\u00a0\u00bb\u00a0\u00bb align_horizontal=\u00a0\u00bbtext-lg-center\u00a0\u00bb mobile_width=\u00a0\u00bb0&Prime; shift_x=\u00a0\u00bb0&Prime; shift_y=\u00a0\u00bb0&Prime; z_index=\u00a0\u00bb0&Prime; medium_width=\u00a0\u00bb0&Prime; width=\u00a0\u00bb1\/1&Prime;][vc_custom_heading auto_text=\u00a0\u00bbyes\u00a0\u00bb heading_semantic=\u00a0\u00bbh1&Prime; text_weight=\u00a0\u00bbfont-weight-light\u00a0\u00bb el_class=\u00a0\u00bbalternative-font\u00a0\u00bb][\/vc_custom_heading][\/vc_column][\/vc_row][vc_row row_height_percent=\u00a0\u00bb0&Prime; override_padding=\u00a0\u00bbyes\u00a0\u00bb h_padding=\u00a0\u00bb0&Prime; top_padding=\u00a0\u00bb1&Prime; bottom_padding=\u00a0\u00bb3&Prime; shift_y=\u00a0\u00bb0&Prime; z_index=\u00a0\u00bb0&Prime; el_class=\u00a0\u00bbmb-adapt-6&Prime;][vc_column position_horizontal=\u00a0\u00bb\u00a0\u00bb mobile_visibility=\u00a0\u00bbyes\u00a0\u00bb mobile_width=\u00a0\u00bb0&Prime; shift_x=\u00a0\u00bb0&Prime; shift_y=\u00a0\u00bb0&Prime; z_index=\u00a0\u00bb0&Prime; medium_visibility=\u00a0\u00bbyes\u00a0\u00bb medium_width=\u00a0\u00bb0&Prime; width=\u00a0\u00bb1\/6&Prime;][\/vc_column][vc_column width=\u00a0\u00bb2\/3&Prime;][vc_custom_heading text_size=\u00a0\u00bbh6&Prime;]Conditions g\u00e9n\u00e9rales[\/vc_custom_heading][vc_column_text] Veuillez lire attentivement tous les points de notre politique de confidentialit\u00e9. La pr\u00e9sente politique [&hellip;]<\/p>\n","protected":false},"author":1,"featured_media":0,"parent":0,"menu_order":0,"comment_status":"closed","ping_status":"closed","template":"","meta":{"_acf_changed":false,"content-type":"","footnotes":""},"class_list":["post-114846","page","type-page","status-publish","hentry"],"acf":[],"yoast_head":"<!-- This site is optimized with the Yoast SEO plugin v22.4 - https:\/\/yoast.com\/wordpress\/plugins\/seo\/ -->\n<title>Politique de confidentialit\u00e9 - Barboflex<\/title>\n<meta name=\"robots\" content=\"index, follow, max-snippet:-1, max-image-preview:large, max-video-preview:-1\" \/>\n<link rel=\"canonical\" href=\"https:\/\/barboflex.pt\/privacy-policy\/\" \/>\n<meta property=\"og:locale\" content=\"fr_FR\" \/>\n<meta property=\"og:type\" content=\"article\" \/>\n<meta property=\"og:title\" content=\"Politique de confidentialit\u00e9 - Barboflex\" \/>\n<meta property=\"og:description\" content=\"[vc_row unlock_row_content=\u00a0\u00bb\u00a0\u00bb row_height_percent=\u00a0\u00bb0&Prime; override_padding=\u00a0\u00bbyes\u00a0\u00bb h_padding=\u00a0\u00bb0&Prime; top_padding=\u00a0\u00bb3&Prime; bottom_padding=\u00a0\u00bb2&Prime; shift_y=\u00a0\u00bb0&Prime; z_index=\u00a0\u00bb0&Prime;][vc_column position_horizontal=\u00a0\u00bb\u00a0\u00bb align_horizontal=\u00a0\u00bbtext-lg-center\u00a0\u00bb mobile_width=\u00a0\u00bb0&Prime; shift_x=\u00a0\u00bb0&Prime; shift_y=\u00a0\u00bb0&Prime; z_index=\u00a0\u00bb0&Prime; medium_width=\u00a0\u00bb0&Prime; width=\u00a0\u00bb1\/1&Prime;][vc_custom_heading auto_text=\u00a0\u00bbyes\u00a0\u00bb heading_semantic=\u00a0\u00bbh1&Prime; text_weight=\u00a0\u00bbfont-weight-light\u00a0\u00bb el_class=\u00a0\u00bbalternative-font\u00a0\u00bb][\/vc_custom_heading][\/vc_column][\/vc_row][vc_row row_height_percent=\u00a0\u00bb0&Prime; override_padding=\u00a0\u00bbyes\u00a0\u00bb h_padding=\u00a0\u00bb0&Prime; top_padding=\u00a0\u00bb1&Prime; bottom_padding=\u00a0\u00bb3&Prime; shift_y=\u00a0\u00bb0&Prime; z_index=\u00a0\u00bb0&Prime; el_class=\u00a0\u00bbmb-adapt-6&Prime;][vc_column position_horizontal=\u00a0\u00bb\u00a0\u00bb mobile_visibility=\u00a0\u00bbyes\u00a0\u00bb mobile_width=\u00a0\u00bb0&Prime; shift_x=\u00a0\u00bb0&Prime; shift_y=\u00a0\u00bb0&Prime; z_index=\u00a0\u00bb0&Prime; medium_visibility=\u00a0\u00bbyes\u00a0\u00bb medium_width=\u00a0\u00bb0&Prime; width=\u00a0\u00bb1\/6&Prime;][\/vc_column][vc_column width=\u00a0\u00bb2\/3&Prime;][vc_custom_heading text_size=\u00a0\u00bbh6&Prime;]Conditions g\u00e9n\u00e9rales[\/vc_custom_heading][vc_column_text] Veuillez lire attentivement tous les points de notre politique de confidentialit\u00e9. La pr\u00e9sente politique [&hellip;]\" \/>\n<meta property=\"og:url\" content=\"https:\/\/barboflex.pt\/privacy-policy\/\" \/>\n<meta property=\"og:site_name\" content=\"Barboflex\" \/>\n<meta property=\"article:publisher\" content=\"https:\/\/www.facebook.com\/barboflex.pt\" \/>\n<meta property=\"article:modified_time\" content=\"2024-01-22T12:27:50+00:00\" \/>\n<meta property=\"og:image\" content=\"https:\/\/barboflex.pt\/wp-content\/uploads\/2024\/09\/Metadescription_Prancheta-1-scaled.jpg\" \/>\n\t<meta property=\"og:image:width\" content=\"2560\" \/>\n\t<meta property=\"og:image:height\" content=\"1440\" \/>\n\t<meta property=\"og:image:type\" content=\"image\/jpeg\" \/>\n<meta name=\"twitter:card\" content=\"summary_large_image\" \/>\n<meta name=\"twitter:label1\" content=\"Dur\u00e9e de lecture estim\u00e9e\" \/>\n\t<meta name=\"twitter:data1\" content=\"6 minutes\" \/>\n<script type=\"application\/ld+json\" class=\"yoast-schema-graph\">{\"@context\":\"https:\/\/schema.org\",\"@graph\":[{\"@type\":\"WebPage\",\"@id\":\"https:\/\/barboflex.pt\/privacy-policy\/\",\"url\":\"https:\/\/barboflex.pt\/privacy-policy\/\",\"name\":\"Politique de confidentialit\u00e9 - Barboflex\",\"isPartOf\":{\"@id\":\"https:\/\/barboflex.pt\/#website\"},\"datePublished\":\"2023-05-26T10:15:07+00:00\",\"dateModified\":\"2024-01-22T12:27:50+00:00\",\"breadcrumb\":{\"@id\":\"https:\/\/barboflex.pt\/privacy-policy\/#breadcrumb\"},\"inLanguage\":\"fr-FR\",\"potentialAction\":[{\"@type\":\"ReadAction\",\"target\":[\"https:\/\/barboflex.pt\/privacy-policy\/\"]}]},{\"@type\":\"BreadcrumbList\",\"@id\":\"https:\/\/barboflex.pt\/privacy-policy\/#breadcrumb\",\"itemListElement\":[{\"@type\":\"ListItem\",\"position\":1,\"name\":\"In\u00edcio\",\"item\":\"https:\/\/barboflex.pt\/fr\/\"},{\"@type\":\"ListItem\",\"position\":2,\"name\":\"Politique de confidentialit\u00e9\"}]},{\"@type\":\"WebSite\",\"@id\":\"https:\/\/barboflex.pt\/#website\",\"url\":\"https:\/\/barboflex.pt\/\",\"name\":\"Barboflex\",\"description\":\"20 anos de experi\u00eancia em Hidr\u00e1ulica e Pneum\u00e1tica. Refer\u00eancia no mercado Nacional e Internacional na produ\u00e7\u00e3o e distribui\u00e7\u00e3o de mangueiras hidr\u00e1ulicas, componentes e acess\u00f3rios para a ind\u00fastria.\",\"publisher\":{\"@id\":\"https:\/\/barboflex.pt\/#organization\"},\"alternateName\":\"Barboflex Flexible Solutions\",\"potentialAction\":[{\"@type\":\"SearchAction\",\"target\":{\"@type\":\"EntryPoint\",\"urlTemplate\":\"https:\/\/barboflex.pt\/?s={search_term_string}\"},\"query-input\":\"required name=search_term_string\"}],\"inLanguage\":\"fr-FR\"},{\"@type\":\"Organization\",\"@id\":\"https:\/\/barboflex.pt\/#organization\",\"name\":\"Barboflex S.A.\",\"alternateName\":\"Barboflex\",\"url\":\"https:\/\/barboflex.pt\/\",\"logo\":{\"@type\":\"ImageObject\",\"inLanguage\":\"fr-FR\",\"@id\":\"https:\/\/barboflex.pt\/#\/schema\/logo\/image\/\",\"url\":\"https:\/\/barboflex.pt\/wp-content\/uploads\/2023\/05\/logo-2.svg\",\"contentUrl\":\"https:\/\/barboflex.pt\/wp-content\/uploads\/2023\/05\/logo-2.svg\",\"width\":1,\"height\":1,\"caption\":\"Barboflex S.A.\"},\"image\":{\"@id\":\"https:\/\/barboflex.pt\/#\/schema\/logo\/image\/\"},\"sameAs\":[\"https:\/\/www.facebook.com\/barboflex.pt\",\"https:\/\/www.instagram.com\/barboflex\",\"https:\/\/www.youtube.com\/@BarboflexSA\",\"https:\/\/www.linkedin.com\/company\/barboflex\/\"]}]}<\/script>\n<!-- \/ Yoast SEO plugin. -->","yoast_head_json":{"title":"Politique de confidentialit\u00e9 - Barboflex","robots":{"index":"index","follow":"follow","max-snippet":"max-snippet:-1","max-image-preview":"max-image-preview:large","max-video-preview":"max-video-preview:-1"},"canonical":"https:\/\/barboflex.pt\/privacy-policy\/","og_locale":"fr_FR","og_type":"article","og_title":"Politique de confidentialit\u00e9 - Barboflex","og_description":"[vc_row unlock_row_content=\u00a0\u00bb\u00a0\u00bb row_height_percent=\u00a0\u00bb0&Prime; override_padding=\u00a0\u00bbyes\u00a0\u00bb h_padding=\u00a0\u00bb0&Prime; top_padding=\u00a0\u00bb3&Prime; bottom_padding=\u00a0\u00bb2&Prime; shift_y=\u00a0\u00bb0&Prime; z_index=\u00a0\u00bb0&Prime;][vc_column position_horizontal=\u00a0\u00bb\u00a0\u00bb align_horizontal=\u00a0\u00bbtext-lg-center\u00a0\u00bb mobile_width=\u00a0\u00bb0&Prime; shift_x=\u00a0\u00bb0&Prime; shift_y=\u00a0\u00bb0&Prime; z_index=\u00a0\u00bb0&Prime; medium_width=\u00a0\u00bb0&Prime; width=\u00a0\u00bb1\/1&Prime;][vc_custom_heading auto_text=\u00a0\u00bbyes\u00a0\u00bb heading_semantic=\u00a0\u00bbh1&Prime; text_weight=\u00a0\u00bbfont-weight-light\u00a0\u00bb el_class=\u00a0\u00bbalternative-font\u00a0\u00bb][\/vc_custom_heading][\/vc_column][\/vc_row][vc_row row_height_percent=\u00a0\u00bb0&Prime; override_padding=\u00a0\u00bbyes\u00a0\u00bb h_padding=\u00a0\u00bb0&Prime; top_padding=\u00a0\u00bb1&Prime; bottom_padding=\u00a0\u00bb3&Prime; shift_y=\u00a0\u00bb0&Prime; z_index=\u00a0\u00bb0&Prime; el_class=\u00a0\u00bbmb-adapt-6&Prime;][vc_column position_horizontal=\u00a0\u00bb\u00a0\u00bb mobile_visibility=\u00a0\u00bbyes\u00a0\u00bb mobile_width=\u00a0\u00bb0&Prime; shift_x=\u00a0\u00bb0&Prime; shift_y=\u00a0\u00bb0&Prime; z_index=\u00a0\u00bb0&Prime; medium_visibility=\u00a0\u00bbyes\u00a0\u00bb medium_width=\u00a0\u00bb0&Prime; width=\u00a0\u00bb1\/6&Prime;][\/vc_column][vc_column width=\u00a0\u00bb2\/3&Prime;][vc_custom_heading text_size=\u00a0\u00bbh6&Prime;]Conditions g\u00e9n\u00e9rales[\/vc_custom_heading][vc_column_text] Veuillez lire attentivement tous les points de notre politique de confidentialit\u00e9. La pr\u00e9sente politique [&hellip;]","og_url":"https:\/\/barboflex.pt\/privacy-policy\/","og_site_name":"Barboflex","article_publisher":"https:\/\/www.facebook.com\/barboflex.pt","article_modified_time":"2024-01-22T12:27:50+00:00","og_image":[{"width":2560,"height":1440,"url":"https:\/\/barboflex.pt\/wp-content\/uploads\/2024\/09\/Metadescription_Prancheta-1-scaled.jpg","type":"image\/jpeg"}],"twitter_card":"summary_large_image","twitter_misc":{"Dur\u00e9e de lecture estim\u00e9e":"6 minutes"},"schema":{"@context":"https:\/\/schema.org","@graph":[{"@type":"WebPage","@id":"https:\/\/barboflex.pt\/privacy-policy\/","url":"https:\/\/barboflex.pt\/privacy-policy\/","name":"Politique de confidentialit\u00e9 - Barboflex","isPartOf":{"@id":"https:\/\/barboflex.pt\/#website"},"datePublished":"2023-05-26T10:15:07+00:00","dateModified":"2024-01-22T12:27:50+00:00","breadcrumb":{"@id":"https:\/\/barboflex.pt\/privacy-policy\/#breadcrumb"},"inLanguage":"fr-FR","potentialAction":[{"@type":"ReadAction","target":["https:\/\/barboflex.pt\/privacy-policy\/"]}]},{"@type":"BreadcrumbList","@id":"https:\/\/barboflex.pt\/privacy-policy\/#breadcrumb","itemListElement":[{"@type":"ListItem","position":1,"name":"In\u00edcio","item":"https:\/\/barboflex.pt\/fr\/"},{"@type":"ListItem","position":2,"name":"Politique de confidentialit\u00e9"}]},{"@type":"WebSite","@id":"https:\/\/barboflex.pt\/#website","url":"https:\/\/barboflex.pt\/","name":"Barboflex","description":"20 anos de experi\u00eancia em Hidr\u00e1ulica e Pneum\u00e1tica. Refer\u00eancia no mercado Nacional e Internacional na produ\u00e7\u00e3o e distribui\u00e7\u00e3o de mangueiras hidr\u00e1ulicas, componentes e acess\u00f3rios para a ind\u00fastria.","publisher":{"@id":"https:\/\/barboflex.pt\/#organization"},"alternateName":"Barboflex Flexible Solutions","potentialAction":[{"@type":"SearchAction","target":{"@type":"EntryPoint","urlTemplate":"https:\/\/barboflex.pt\/?s={search_term_string}"},"query-input":"required name=search_term_string"}],"inLanguage":"fr-FR"},{"@type":"Organization","@id":"https:\/\/barboflex.pt\/#organization","name":"Barboflex S.A.","alternateName":"Barboflex","url":"https:\/\/barboflex.pt\/","logo":{"@type":"ImageObject","inLanguage":"fr-FR","@id":"https:\/\/barboflex.pt\/#\/schema\/logo\/image\/","url":"https:\/\/barboflex.pt\/wp-content\/uploads\/2023\/05\/logo-2.svg","contentUrl":"https:\/\/barboflex.pt\/wp-content\/uploads\/2023\/05\/logo-2.svg","width":1,"height":1,"caption":"Barboflex S.A."},"image":{"@id":"https:\/\/barboflex.pt\/#\/schema\/logo\/image\/"},"sameAs":["https:\/\/www.facebook.com\/barboflex.pt","https:\/\/www.instagram.com\/barboflex","https:\/\/www.youtube.com\/@BarboflexSA","https:\/\/www.linkedin.com\/company\/barboflex\/"]}]}},"jetpack_sharing_enabled":true,"_links":{"self":[{"href":"https:\/\/barboflex.pt\/fr\/wp-json\/wp\/v2\/pages\/114846","targetHints":{"allow":["GET"]}}],"collection":[{"href":"https:\/\/barboflex.pt\/fr\/wp-json\/wp\/v2\/pages"}],"about":[{"href":"https:\/\/barboflex.pt\/fr\/wp-json\/wp\/v2\/types\/page"}],"author":[{"embeddable":true,"href":"https:\/\/barboflex.pt\/fr\/wp-json\/wp\/v2\/users\/1"}],"replies":[{"embeddable":true,"href":"https:\/\/barboflex.pt\/fr\/wp-json\/wp\/v2\/comments?post=114846"}],"version-history":[{"count":0,"href":"https:\/\/barboflex.pt\/fr\/wp-json\/wp\/v2\/pages\/114846\/revisions"}],"wp:attachment":[{"href":"https:\/\/barboflex.pt\/fr\/wp-json\/wp\/v2\/media?parent=114846"}],"curies":[{"name":"wp","href":"https:\/\/api.w.org\/{rel}","templated":true}]}}