{"id":114842,"date":"2023-10-04T12:14:00","date_gmt":"2023-10-04T12:14:00","guid":{"rendered":"https:\/\/barboflex.pt\/?page_id=114842"},"modified":"2024-02-08T18:22:25","modified_gmt":"2024-02-08T18:22:25","slug":"informacao-de-envio","status":"publish","type":"page","link":"https:\/\/barboflex.pt\/fr\/informacao-de-envio\/","title":{"rendered":"Informations sur l&rsquo;exp\u00e9dition"},"content":{"rendered":"<div class=\"wpb-content-wrapper\"><p>[vc_row unlock_row_content=\u00a0\u00bb\u00a0\u00bb row_height_percent=\u00a0\u00bb0&Prime; override_padding=\u00a0\u00bbyes\u00a0\u00bb h_padding=\u00a0\u00bb0&Prime; top_padding=\u00a0\u00bb3&Prime; bottom_padding=\u00a0\u00bb2&Prime; shift_y=\u00a0\u00bb0&Prime; z_index=\u00a0\u00bb0&Prime;][vc_column position_horizontal=\u00a0\u00bb\u00a0\u00bb align_horizontal=\u00a0\u00bbtext-lg-center\u00a0\u00bb mobile_width=\u00a0\u00bb0&Prime; shift_x=\u00a0\u00bb0&Prime; shift_y=\u00a0\u00bb0&Prime; z_index=\u00a0\u00bb0&Prime; medium_width=\u00a0\u00bb0&Prime; width=\u00a0\u00bb1\/1&Prime;][vc_custom_heading auto_text=\u00a0\u00bbyes\u00a0\u00bb heading_semantic=\u00a0\u00bbh1&Prime; text_weight=\u00a0\u00bbfont-weight-light\u00a0\u00bb el_class=\u00a0\u00bbalternative-font\u00a0\u00bb][\/vc_custom_heading][\/vc_column][\/vc_row][vc_row row_height_percent=\u00a0\u00bb0&Prime; override_padding=\u00a0\u00bbyes\u00a0\u00bb h_padding=\u00a0\u00bb0&Prime; top_padding=\u00a0\u00bb1&Prime; bottom_padding=\u00a0\u00bb3&Prime; shift_y=\u00a0\u00bb0&Prime; z_index=\u00a0\u00bb0&Prime; el_class=\u00a0\u00bbmb-adapt-6&Prime;][vc_column position_horizontal=\u00a0\u00bb\u00a0\u00bb mobile_visibility=\u00a0\u00bbyes\u00a0\u00bb mobile_width=\u00a0\u00bb0&Prime; shift_x=\u00a0\u00bb0&Prime; shift_y=\u00a0\u00bb0&Prime; z_index=\u00a0\u00bb0&Prime; medium_visibility=\u00a0\u00bbyes\u00a0\u00bb medium_width=\u00a0\u00bb0&Prime; width=\u00a0\u00bb1\/6&Prime;][\/vc_column][vc_column width=\u00a0\u00bb2\/3&Prime;][vc_custom_heading text_size=\u00a0\u00bbh6&Prime;]<strong>Conditions of sale<\/strong>[\/vc_custom_heading][vc_column_text]The Customer confirms that, when placing the order, he\/she is aware of the terms and conditions of sale set out on the screen (name, price, components, quantity, colour, product specifications, etc.) and expressly declares that he\/she accepts them without reservation. The placing of the order and its confirmation by the Customer materialise their full and total acceptance of the terms of sale, applicable exclusively to the order in question.[\/vc_column_text][vc_empty_space empty_h=\u00a0\u00bb3&Prime;][vc_custom_heading text_size=\u00a0\u00bbh6&Prime;]<strong>Order<\/strong>[\/vc_custom_heading][vc_column_text]Le client confirme la commande en appuyant sur le bouton \u00ab\u00a0Confirmer la commande\u00a0\u00bb. La commande est constitu\u00e9e d&rsquo;un r\u00e9capitulatif de l&rsquo;ensemble des \u00e9l\u00e9ments que le Client confirme en cliquant sur le bouton \u00a0\u00bb Confirmer la commande \u00a0\u00bb dans l&rsquo;onglet \u00a0\u00bb Commander \u00ab\u00a0. Les syst\u00e8mes d&rsquo;enregistrement automatique de Barboflex sont consid\u00e9r\u00e9s comme valant preuve de la nature, du contenu et de la date de la commande.[\/vc_column_text][vc_empty_space empty_h=\u00a0\u00bb3&Prime;][vc_custom_heading text_size=\u00a0\u00bbh6\u00a0\u00bb]<strong>Order confirmation<\/strong>[\/vc_custom_heading][vc_column_text]Barboflex confirms acceptance of the order to the Customer by email. The sale will only be finalised once Barboflex has confirmed the order. Barboflex reserves the right not to confirm an order for any reason whatsoever, taking into account in particular the supply of products, a problem with the order received (e.g. faults in the data supplied by the Customer), an abnormal order or a foreseeable reason relating to future delivery. Barboflex will notify the Customer by all means at its disposal. Barboflex will only process an order placed by the Customer once payment has been confirmed or in accordance with previously agreed conditions.[\/vc_column_text][vc_empty_space empty_h=\u00a0\u00bb3&Prime;][vc_custom_heading text_size=\u00a0\u00bbh6&Prime;]<strong>Order delivery and supply conditions<\/strong>[\/vc_custom_heading][vc_column_text]The place and date of delivery of the order are chosen by the Customer at the time of placing the order. Barboflex reserves the right to use any carrier of its choice to deliver the products to the address indicated by the Customer.[\/vc_column_text][vc_empty_space empty_h=\u00a0\u00bb3&Prime;][vc_custom_heading text_size=\u00a0\u00bbh6&Prime;]<strong>Delivery time<\/strong>[\/vc_custom_heading][vc_column_text]Orders confirmed by 4pm will be dispatched on the same working day. Orders confirmed after 4pm will be dispatched the following working day. Deliveries are made on the working day following despatch, in the case of mainland Portugal. In the archipelagos, deliveries vary between 8 and 10 working days.[\/vc_column_text][vc_empty_space empty_h=\u00a0\u00bb3&Prime;][vc_custom_heading text_size=\u00a0\u00bbh6&Prime;]<strong>Delivery costs and other supply conditions<\/strong>[\/vc_custom_heading][vc_column_text]Delivery costs vary depending on the weight, size and delivery address of the Customer. When placing an order, the Customer undertakes to sign the delivery note presented by the carrier, on which they may make any comments they feel are unavoidable. By signing the delivery note, the Customer is confirming that they have received the number of packages indicated. Any occurrences such as force majeure, accidents, strikes, administrative decisions or transport stoppages which may delay, prevent or make the execution of the supply exorbitant, constitute a clause suspending or cancelling the obligations of Barboflex, S.A., without any right to compensation for the Customer.[\/vc_column_text][vc_empty_space empty_h=\u00a0\u00bb3&Prime;][vc_custom_heading text_size=\u00a0\u00bbh6&Prime;]<strong>Expedition<\/strong>[\/vc_custom_heading][vc_column_text]Deliveries will be made by the courier during normal office hours. Please select the shipping address so that someone can collect the products.[\/vc_column_text][vc_empty_space empty_h=\u00a0\u00bb3&Prime;][vc_custom_heading text_size=\u00a0\u00bbh6&Prime;]<strong>Price<\/strong>[\/vc_custom_heading][vc_column_text]All prices quoted are in Euros. The price invoiced to the Customer is the price indicated on the order confirmation sent by Barboflex.[\/vc_column_text][vc_empty_space empty_h=\u00a0\u00bb3&Prime;][vc_custom_heading text_size=\u00a0\u00bbh6&Prime;]<strong>Product sheet<\/strong>[\/vc_custom_heading][vc_column_text]The pictures illustrating the products are merely indicative. The accompanying texts are a reproduction of the information on the packaging or the instructions for use. Differences between the pictures and the products should only be minimal and do not imply any change in the main specifications of the products. The colour of the products displayed in the online shop may differ from the actual colour of the product.[\/vc_column_text][\/vc_column][vc_column position_horizontal=\u00a0\u00bb\u00a0\u00bb mobile_visibility=\u00a0\u00bbyes\u00a0\u00bb mobile_width=\u00a0\u00bb0&Prime; shift_x=\u00a0\u00bb0&Prime; shift_y=\u00a0\u00bb0&Prime; z_index=\u00a0\u00bb0&Prime; medium_visibility=\u00a0\u00bbyes\u00a0\u00bb medium_width=\u00a0\u00bb0&Prime; width=\u00a0\u00bb1\/6&Prime;][\/vc_column][\/vc_row][vc_row][vc_column width=\u00a0\u00bb1\/1&Prime;][miew_block id=\u00a0\u00bb1326&Prime;][\/vc_column][\/vc_row]<\/p>\n<\/div>","protected":false},"excerpt":{"rendered":"<p>[vc_row unlock_row_content=\u00a0\u00bb\u00a0\u00bb row_height_percent=\u00a0\u00bb0&Prime; override_padding=\u00a0\u00bbyes\u00a0\u00bb h_padding=\u00a0\u00bb0&Prime; top_padding=\u00a0\u00bb3&Prime; bottom_padding=\u00a0\u00bb2&Prime; shift_y=\u00a0\u00bb0&Prime; z_index=\u00a0\u00bb0&Prime;][vc_column position_horizontal=\u00a0\u00bb\u00a0\u00bb align_horizontal=\u00a0\u00bbtext-lg-center\u00a0\u00bb mobile_width=\u00a0\u00bb0&Prime; shift_x=\u00a0\u00bb0&Prime; shift_y=\u00a0\u00bb0&Prime; z_index=\u00a0\u00bb0&Prime; medium_width=\u00a0\u00bb0&Prime; width=\u00a0\u00bb1\/1&Prime;][vc_custom_heading auto_text=\u00a0\u00bbyes\u00a0\u00bb heading_semantic=\u00a0\u00bbh1&Prime; text_weight=\u00a0\u00bbfont-weight-light\u00a0\u00bb el_class=\u00a0\u00bbalternative-font\u00a0\u00bb][\/vc_custom_heading][\/vc_column][\/vc_row][vc_row row_height_percent=\u00a0\u00bb0&Prime; override_padding=\u00a0\u00bbyes\u00a0\u00bb h_padding=\u00a0\u00bb0&Prime; top_padding=\u00a0\u00bb1&Prime; bottom_padding=\u00a0\u00bb3&Prime; shift_y=\u00a0\u00bb0&Prime; z_index=\u00a0\u00bb0&Prime; el_class=\u00a0\u00bbmb-adapt-6&Prime;][vc_column position_horizontal=\u00a0\u00bb\u00a0\u00bb mobile_visibility=\u00a0\u00bbyes\u00a0\u00bb mobile_width=\u00a0\u00bb0&Prime; shift_x=\u00a0\u00bb0&Prime; shift_y=\u00a0\u00bb0&Prime; z_index=\u00a0\u00bb0&Prime; medium_visibility=\u00a0\u00bbyes\u00a0\u00bb medium_width=\u00a0\u00bb0&Prime; width=\u00a0\u00bb1\/6&Prime;][\/vc_column][vc_column width=\u00a0\u00bb2\/3&Prime;][vc_custom_heading text_size=\u00a0\u00bbh6&Prime;]Conditions of sale[\/vc_custom_heading][vc_column_text]The Customer confirms that, when placing the order, he\/she is aware of the terms [&hellip;]<\/p>\n","protected":false},"author":1,"featured_media":0,"parent":0,"menu_order":0,"comment_status":"closed","ping_status":"closed","template":"","meta":{"_acf_changed":false,"content-type":"","footnotes":""},"class_list":["post-114842","page","type-page","status-publish","hentry"],"acf":[],"yoast_head":"<!-- This site is optimized with the Yoast SEO plugin v22.4 - https:\/\/yoast.com\/wordpress\/plugins\/seo\/ -->\n<title>Informations sur l&#039;exp\u00e9dition - Barboflex<\/title>\n<meta name=\"robots\" content=\"index, follow, max-snippet:-1, max-image-preview:large, max-video-preview:-1\" \/>\n<link rel=\"canonical\" href=\"https:\/\/barboflex.pt\/informacao-de-envio\/\" \/>\n<meta property=\"og:locale\" content=\"fr_FR\" \/>\n<meta property=\"og:type\" content=\"article\" \/>\n<meta property=\"og:title\" content=\"Informations sur l&#039;exp\u00e9dition - Barboflex\" \/>\n<meta property=\"og:description\" content=\"[vc_row unlock_row_content=\u00a0\u00bb\u00a0\u00bb row_height_percent=\u00a0\u00bb0&Prime; override_padding=\u00a0\u00bbyes\u00a0\u00bb h_padding=\u00a0\u00bb0&Prime; top_padding=\u00a0\u00bb3&Prime; bottom_padding=\u00a0\u00bb2&Prime; shift_y=\u00a0\u00bb0&Prime; z_index=\u00a0\u00bb0&Prime;][vc_column position_horizontal=\u00a0\u00bb\u00a0\u00bb align_horizontal=\u00a0\u00bbtext-lg-center\u00a0\u00bb mobile_width=\u00a0\u00bb0&Prime; shift_x=\u00a0\u00bb0&Prime; shift_y=\u00a0\u00bb0&Prime; z_index=\u00a0\u00bb0&Prime; medium_width=\u00a0\u00bb0&Prime; width=\u00a0\u00bb1\/1&Prime;][vc_custom_heading auto_text=\u00a0\u00bbyes\u00a0\u00bb heading_semantic=\u00a0\u00bbh1&Prime; text_weight=\u00a0\u00bbfont-weight-light\u00a0\u00bb el_class=\u00a0\u00bbalternative-font\u00a0\u00bb][\/vc_custom_heading][\/vc_column][\/vc_row][vc_row row_height_percent=\u00a0\u00bb0&Prime; override_padding=\u00a0\u00bbyes\u00a0\u00bb h_padding=\u00a0\u00bb0&Prime; top_padding=\u00a0\u00bb1&Prime; bottom_padding=\u00a0\u00bb3&Prime; shift_y=\u00a0\u00bb0&Prime; z_index=\u00a0\u00bb0&Prime; el_class=\u00a0\u00bbmb-adapt-6&Prime;][vc_column position_horizontal=\u00a0\u00bb\u00a0\u00bb mobile_visibility=\u00a0\u00bbyes\u00a0\u00bb mobile_width=\u00a0\u00bb0&Prime; shift_x=\u00a0\u00bb0&Prime; shift_y=\u00a0\u00bb0&Prime; z_index=\u00a0\u00bb0&Prime; medium_visibility=\u00a0\u00bbyes\u00a0\u00bb medium_width=\u00a0\u00bb0&Prime; width=\u00a0\u00bb1\/6&Prime;][\/vc_column][vc_column width=\u00a0\u00bb2\/3&Prime;][vc_custom_heading text_size=\u00a0\u00bbh6&Prime;]Conditions of sale[\/vc_custom_heading][vc_column_text]The Customer confirms that, when placing the order, he\/she is aware of the terms [&hellip;]\" \/>\n<meta property=\"og:url\" content=\"https:\/\/barboflex.pt\/informacao-de-envio\/\" \/>\n<meta property=\"og:site_name\" content=\"Barboflex\" \/>\n<meta property=\"article:publisher\" content=\"https:\/\/www.facebook.com\/barboflex.pt\" \/>\n<meta property=\"article:modified_time\" content=\"2024-02-08T18:22:25+00:00\" \/>\n<meta property=\"og:image\" content=\"https:\/\/barboflex.pt\/wp-content\/uploads\/2024\/09\/Metadescription_Prancheta-1-scaled.jpg\" \/>\n\t<meta property=\"og:image:width\" content=\"2560\" \/>\n\t<meta property=\"og:image:height\" content=\"1440\" \/>\n\t<meta property=\"og:image:type\" content=\"image\/jpeg\" \/>\n<meta name=\"twitter:card\" content=\"summary_large_image\" \/>\n<meta name=\"twitter:label1\" content=\"Dur\u00e9e de lecture estim\u00e9e\" \/>\n\t<meta name=\"twitter:data1\" content=\"4 minutes\" \/>\n<script type=\"application\/ld+json\" class=\"yoast-schema-graph\">{\"@context\":\"https:\/\/schema.org\",\"@graph\":[{\"@type\":\"WebPage\",\"@id\":\"https:\/\/barboflex.pt\/informacao-de-envio\/\",\"url\":\"https:\/\/barboflex.pt\/informacao-de-envio\/\",\"name\":\"Informations sur l'exp\u00e9dition - Barboflex\",\"isPartOf\":{\"@id\":\"https:\/\/barboflex.pt\/#website\"},\"datePublished\":\"2023-10-04T12:14:00+00:00\",\"dateModified\":\"2024-02-08T18:22:25+00:00\",\"breadcrumb\":{\"@id\":\"https:\/\/barboflex.pt\/informacao-de-envio\/#breadcrumb\"},\"inLanguage\":\"fr-FR\",\"potentialAction\":[{\"@type\":\"ReadAction\",\"target\":[\"https:\/\/barboflex.pt\/informacao-de-envio\/\"]}]},{\"@type\":\"BreadcrumbList\",\"@id\":\"https:\/\/barboflex.pt\/informacao-de-envio\/#breadcrumb\",\"itemListElement\":[{\"@type\":\"ListItem\",\"position\":1,\"name\":\"In\u00edcio\",\"item\":\"https:\/\/barboflex.pt\/fr\/\"},{\"@type\":\"ListItem\",\"position\":2,\"name\":\"Informations sur l&#8217;exp\u00e9dition\"}]},{\"@type\":\"WebSite\",\"@id\":\"https:\/\/barboflex.pt\/#website\",\"url\":\"https:\/\/barboflex.pt\/\",\"name\":\"Barboflex\",\"description\":\"20 anos de experi\u00eancia em Hidr\u00e1ulica e Pneum\u00e1tica. Refer\u00eancia no mercado Nacional e Internacional na produ\u00e7\u00e3o e distribui\u00e7\u00e3o de mangueiras hidr\u00e1ulicas, componentes e acess\u00f3rios para a ind\u00fastria.\",\"publisher\":{\"@id\":\"https:\/\/barboflex.pt\/#organization\"},\"alternateName\":\"Barboflex Flexible Solutions\",\"potentialAction\":[{\"@type\":\"SearchAction\",\"target\":{\"@type\":\"EntryPoint\",\"urlTemplate\":\"https:\/\/barboflex.pt\/?s={search_term_string}\"},\"query-input\":\"required name=search_term_string\"}],\"inLanguage\":\"fr-FR\"},{\"@type\":\"Organization\",\"@id\":\"https:\/\/barboflex.pt\/#organization\",\"name\":\"Barboflex S.A.\",\"alternateName\":\"Barboflex\",\"url\":\"https:\/\/barboflex.pt\/\",\"logo\":{\"@type\":\"ImageObject\",\"inLanguage\":\"fr-FR\",\"@id\":\"https:\/\/barboflex.pt\/#\/schema\/logo\/image\/\",\"url\":\"https:\/\/barboflex.pt\/wp-content\/uploads\/2023\/05\/logo-2.svg\",\"contentUrl\":\"https:\/\/barboflex.pt\/wp-content\/uploads\/2023\/05\/logo-2.svg\",\"width\":1,\"height\":1,\"caption\":\"Barboflex S.A.\"},\"image\":{\"@id\":\"https:\/\/barboflex.pt\/#\/schema\/logo\/image\/\"},\"sameAs\":[\"https:\/\/www.facebook.com\/barboflex.pt\",\"https:\/\/www.instagram.com\/barboflex\",\"https:\/\/www.youtube.com\/@BarboflexSA\",\"https:\/\/www.linkedin.com\/company\/barboflex\/\"]}]}<\/script>\n<!-- \/ Yoast SEO plugin. -->","yoast_head_json":{"title":"Informations sur l'exp\u00e9dition - Barboflex","robots":{"index":"index","follow":"follow","max-snippet":"max-snippet:-1","max-image-preview":"max-image-preview:large","max-video-preview":"max-video-preview:-1"},"canonical":"https:\/\/barboflex.pt\/informacao-de-envio\/","og_locale":"fr_FR","og_type":"article","og_title":"Informations sur l'exp\u00e9dition - Barboflex","og_description":"[vc_row unlock_row_content=\u00a0\u00bb\u00a0\u00bb row_height_percent=\u00a0\u00bb0&Prime; override_padding=\u00a0\u00bbyes\u00a0\u00bb h_padding=\u00a0\u00bb0&Prime; top_padding=\u00a0\u00bb3&Prime; bottom_padding=\u00a0\u00bb2&Prime; shift_y=\u00a0\u00bb0&Prime; z_index=\u00a0\u00bb0&Prime;][vc_column position_horizontal=\u00a0\u00bb\u00a0\u00bb align_horizontal=\u00a0\u00bbtext-lg-center\u00a0\u00bb mobile_width=\u00a0\u00bb0&Prime; shift_x=\u00a0\u00bb0&Prime; shift_y=\u00a0\u00bb0&Prime; z_index=\u00a0\u00bb0&Prime; medium_width=\u00a0\u00bb0&Prime; width=\u00a0\u00bb1\/1&Prime;][vc_custom_heading auto_text=\u00a0\u00bbyes\u00a0\u00bb heading_semantic=\u00a0\u00bbh1&Prime; text_weight=\u00a0\u00bbfont-weight-light\u00a0\u00bb el_class=\u00a0\u00bbalternative-font\u00a0\u00bb][\/vc_custom_heading][\/vc_column][\/vc_row][vc_row row_height_percent=\u00a0\u00bb0&Prime; override_padding=\u00a0\u00bbyes\u00a0\u00bb h_padding=\u00a0\u00bb0&Prime; top_padding=\u00a0\u00bb1&Prime; bottom_padding=\u00a0\u00bb3&Prime; shift_y=\u00a0\u00bb0&Prime; z_index=\u00a0\u00bb0&Prime; el_class=\u00a0\u00bbmb-adapt-6&Prime;][vc_column position_horizontal=\u00a0\u00bb\u00a0\u00bb mobile_visibility=\u00a0\u00bbyes\u00a0\u00bb mobile_width=\u00a0\u00bb0&Prime; shift_x=\u00a0\u00bb0&Prime; shift_y=\u00a0\u00bb0&Prime; z_index=\u00a0\u00bb0&Prime; medium_visibility=\u00a0\u00bbyes\u00a0\u00bb medium_width=\u00a0\u00bb0&Prime; width=\u00a0\u00bb1\/6&Prime;][\/vc_column][vc_column width=\u00a0\u00bb2\/3&Prime;][vc_custom_heading text_size=\u00a0\u00bbh6&Prime;]Conditions of sale[\/vc_custom_heading][vc_column_text]The Customer confirms that, when placing the order, he\/she is aware of the terms [&hellip;]","og_url":"https:\/\/barboflex.pt\/informacao-de-envio\/","og_site_name":"Barboflex","article_publisher":"https:\/\/www.facebook.com\/barboflex.pt","article_modified_time":"2024-02-08T18:22:25+00:00","og_image":[{"width":2560,"height":1440,"url":"https:\/\/barboflex.pt\/wp-content\/uploads\/2024\/09\/Metadescription_Prancheta-1-scaled.jpg","type":"image\/jpeg"}],"twitter_card":"summary_large_image","twitter_misc":{"Dur\u00e9e de lecture estim\u00e9e":"4 minutes"},"schema":{"@context":"https:\/\/schema.org","@graph":[{"@type":"WebPage","@id":"https:\/\/barboflex.pt\/informacao-de-envio\/","url":"https:\/\/barboflex.pt\/informacao-de-envio\/","name":"Informations sur l'exp\u00e9dition - Barboflex","isPartOf":{"@id":"https:\/\/barboflex.pt\/#website"},"datePublished":"2023-10-04T12:14:00+00:00","dateModified":"2024-02-08T18:22:25+00:00","breadcrumb":{"@id":"https:\/\/barboflex.pt\/informacao-de-envio\/#breadcrumb"},"inLanguage":"fr-FR","potentialAction":[{"@type":"ReadAction","target":["https:\/\/barboflex.pt\/informacao-de-envio\/"]}]},{"@type":"BreadcrumbList","@id":"https:\/\/barboflex.pt\/informacao-de-envio\/#breadcrumb","itemListElement":[{"@type":"ListItem","position":1,"name":"In\u00edcio","item":"https:\/\/barboflex.pt\/fr\/"},{"@type":"ListItem","position":2,"name":"Informations sur l&#8217;exp\u00e9dition"}]},{"@type":"WebSite","@id":"https:\/\/barboflex.pt\/#website","url":"https:\/\/barboflex.pt\/","name":"Barboflex","description":"20 anos de experi\u00eancia em Hidr\u00e1ulica e Pneum\u00e1tica. Refer\u00eancia no mercado Nacional e Internacional na produ\u00e7\u00e3o e distribui\u00e7\u00e3o de mangueiras hidr\u00e1ulicas, componentes e acess\u00f3rios para a ind\u00fastria.","publisher":{"@id":"https:\/\/barboflex.pt\/#organization"},"alternateName":"Barboflex Flexible Solutions","potentialAction":[{"@type":"SearchAction","target":{"@type":"EntryPoint","urlTemplate":"https:\/\/barboflex.pt\/?s={search_term_string}"},"query-input":"required name=search_term_string"}],"inLanguage":"fr-FR"},{"@type":"Organization","@id":"https:\/\/barboflex.pt\/#organization","name":"Barboflex S.A.","alternateName":"Barboflex","url":"https:\/\/barboflex.pt\/","logo":{"@type":"ImageObject","inLanguage":"fr-FR","@id":"https:\/\/barboflex.pt\/#\/schema\/logo\/image\/","url":"https:\/\/barboflex.pt\/wp-content\/uploads\/2023\/05\/logo-2.svg","contentUrl":"https:\/\/barboflex.pt\/wp-content\/uploads\/2023\/05\/logo-2.svg","width":1,"height":1,"caption":"Barboflex S.A."},"image":{"@id":"https:\/\/barboflex.pt\/#\/schema\/logo\/image\/"},"sameAs":["https:\/\/www.facebook.com\/barboflex.pt","https:\/\/www.instagram.com\/barboflex","https:\/\/www.youtube.com\/@BarboflexSA","https:\/\/www.linkedin.com\/company\/barboflex\/"]}]}},"jetpack_sharing_enabled":true,"_links":{"self":[{"href":"https:\/\/barboflex.pt\/fr\/wp-json\/wp\/v2\/pages\/114842","targetHints":{"allow":["GET"]}}],"collection":[{"href":"https:\/\/barboflex.pt\/fr\/wp-json\/wp\/v2\/pages"}],"about":[{"href":"https:\/\/barboflex.pt\/fr\/wp-json\/wp\/v2\/types\/page"}],"author":[{"embeddable":true,"href":"https:\/\/barboflex.pt\/fr\/wp-json\/wp\/v2\/users\/1"}],"replies":[{"embeddable":true,"href":"https:\/\/barboflex.pt\/fr\/wp-json\/wp\/v2\/comments?post=114842"}],"version-history":[{"count":0,"href":"https:\/\/barboflex.pt\/fr\/wp-json\/wp\/v2\/pages\/114842\/revisions"}],"wp:attachment":[{"href":"https:\/\/barboflex.pt\/fr\/wp-json\/wp\/v2\/media?parent=114842"}],"curies":[{"name":"wp","href":"https:\/\/api.w.org\/{rel}","templated":true}]}}