{"id":114800,"date":"2023-08-09T13:04:46","date_gmt":"2023-08-09T13:04:46","guid":{"rendered":"https:\/\/barboflex.pt\/?page_id=114800"},"modified":"2024-01-19T18:40:23","modified_gmt":"2024-01-19T18:40:23","slug":"careers","status":"publish","type":"page","link":"https:\/\/barboflex.pt\/fr\/careers\/","title":{"rendered":"Careers"},"content":{"rendered":"<div class=\"wpb-content-wrapper\"><p>[vc_row unlock_row_content=\u00a0\u00bb\u00a0\u00bb row_height_percent=\u00a0\u00bb0&Prime; override_padding=\u00a0\u00bbyes\u00a0\u00bb h_padding=\u00a0\u00bb0&Prime; top_padding=\u00a0\u00bb3&Prime; bottom_padding=\u00a0\u00bb3&Prime; shift_y=\u00a0\u00bb0&Prime; z_index=\u00a0\u00bb0&Prime;][vc_column width=\u00a0\u00bb1\/2&Prime;][vc_single_image media=\u00a0\u00bb1455&Prime; el_class=\u00a0\u00bborder-radius-right\u00a0\u00bb][\/vc_single_image][\/vc_column][vc_column width=\u00a0\u00bb1\/12&Prime;][\/vc_column][vc_column position_horizontal=\u00a0\u00bb\u00a0\u00bb position_vertical=\u00a0\u00bbd-md-flex align-items-md-center\u00a0\u00bb mobile_width=\u00a0\u00bb11&Prime; shift_x=\u00a0\u00bb0&Prime; shift_y=\u00a0\u00bb0&Prime; z_index=\u00a0\u00bb0&Prime; width=\u00a0\u00bb5\/12&Prime;][vc_custom_heading heading_semantic=\u00a0\u00bbh1&Prime; text_size=\u00a0\u00bbh1&Prime; el_class=\u00a0\u00bbmt-adapt-6 mt-adapt-md-0&Prime;]Nous vous attendons avec impatience ![\/vc_custom_heading][vc_column_text el_class=\u00a0\u00bbmt-adapt-4&Prime;]Rejoignez l&rsquo;\u00e9quipe Barboflex ! Nous recrutons.[\/vc_column_text][\/vc_column][\/vc_row][vc_row unlock_row_content=\u00a0\u00bb\u00a0\u00bb row_height_percent=\u00a0\u00bb0&Prime; override_padding=\u00a0\u00bbyes\u00a0\u00bb h_padding=\u00a0\u00bb0&Prime; top_padding=\u00a0\u00bb4&Prime; bottom_padding=\u00a0\u00bb4&Prime; shift_y=\u00a0\u00bb0&Prime; z_index=\u00a0\u00bb0&Prime; back_color=\u00a0\u00bb#040a1b\u00a0\u00bb el_class=\u00a0\u00bbmb-adapt-8&Prime;][vc_column width=\u00a0\u00bb1\/12&Prime;][\/vc_column][vc_column position_horizontal=\u00a0\u00bb\u00a0\u00bb style=\u00a0\u00bbdark\u00a0\u00bb mobile_width=\u00a0\u00bb11&Prime; shift_x=\u00a0\u00bb0&Prime; shift_y=\u00a0\u00bb0&Prime; z_index=\u00a0\u00bb0&Prime; width=\u00a0\u00bb5\/6&Prime;][vc_custom_heading el_class=\u00a0\u00bbmb-adapt-4&Prime;]Postes \u00e0 pourvoir[\/vc_custom_heading][vc_custom_heading el_class=\u00a0\u00bbmb-adapt-4 pt-adapt-6&Prime;]Application spontan\u00e9e[\/vc_custom_heading][vc_accordion el_class=\u00a0\u00bbaccordion-secondary\u00a0\u00bb][vc_accordion_tab title=\u00a0\u00bbRejoignez l&rsquo;\u00e9quipe Barboflex !\u00a0\u00bb tab_id=\u00a0\u00bb1696950279-1-84&Prime;][vc_custom_heading heading_semantic=\u00a0\u00bbh6&Prime; text_size=\u00a0\u00bbh6&Prime; el_class=\u00a0\u00bbmb-adapt-4&Prime;]Ce que nous recherchons :[\/vc_custom_heading][vc_column_text el_class=\u00a0\u00bbmb-adapt-4&Prime;]Nous sommes toujours \u00e0 la recherche de personnes talentueuses et d\u00e9vou\u00e9es pour rejoindre l&rsquo;\u00e9quipe Barboflex ! Si vous \u00eates passionn\u00e9 par les d\u00e9fis, que vous avez l&rsquo;esprit d&rsquo;entreprise et que vous aimez travailler dans un environnement dynamique et innovant, c&rsquo;est l&rsquo;opportunit\u00e9 id\u00e9ale pour vous.[\/vc_column_text][vc_column_text el_class=\u00a0\u00bbmb-adapt-4&Prime;]Nous recherchons des professionnels motiv\u00e9s qui souhaitent faire la diff\u00e9rence et contribuer \u00e0 la croissance de notre entreprise. Rejoignez-nous et int\u00e9grez une \u00e9quipe performante, o\u00f9 vous aurez l&rsquo;occasion de d\u00e9velopper vos comp\u00e9tences et d&rsquo;atteindre votre plein potentiel. Ne perdez pas de temps, postulez maintenant et saisissez cette opportunit\u00e9 unique de faire partie de l&rsquo;\u00e9quipe Barboflex ![\/vc_column_text][vc_btn btn_size=\u00a0\u00bbbutton-big\u00a0\u00bb id=\u00a0\u00bbdz5kmsb6p\u00a0\u00bb el_class=\u00a0\u00bbmb-adapt-4&Prime; link=\u00a0\u00bburl:https%3A%2F%2Fforms.office.com%2Fe%2FK5M5T5FPrD|target:_blank\u00a0\u00bb]Postulez \u00e0 l&rsquo;offre d&#8217;emploi[\/vc_btn][\/vc_accordion_tab][\/vc_accordion][\/vc_column][vc_column width=\u00a0\u00bb1\/12&Prime;][\/vc_column][\/vc_row][vc_row][vc_column width=\u00a0\u00bb1\/1&Prime;][miew_block id=\u00a0\u00bb781&Prime;][\/vc_column][\/vc_row]<\/p>\n<\/div>","protected":false},"excerpt":{"rendered":"<p>[vc_row unlock_row_content=\u00a0\u00bb\u00a0\u00bb row_height_percent=\u00a0\u00bb0&Prime; override_padding=\u00a0\u00bbyes\u00a0\u00bb h_padding=\u00a0\u00bb0&Prime; top_padding=\u00a0\u00bb3&Prime; bottom_padding=\u00a0\u00bb3&Prime; shift_y=\u00a0\u00bb0&Prime; z_index=\u00a0\u00bb0&Prime;][vc_column width=\u00a0\u00bb1\/2&Prime;][vc_single_image media=\u00a0\u00bb1455&Prime; el_class=\u00a0\u00bborder-radius-right\u00a0\u00bb][\/vc_single_image][\/vc_column][vc_column width=\u00a0\u00bb1\/12&Prime;][\/vc_column][vc_column position_horizontal=\u00a0\u00bb\u00a0\u00bb position_vertical=\u00a0\u00bbd-md-flex align-items-md-center\u00a0\u00bb mobile_width=\u00a0\u00bb11&Prime; shift_x=\u00a0\u00bb0&Prime; shift_y=\u00a0\u00bb0&Prime; z_index=\u00a0\u00bb0&Prime; width=\u00a0\u00bb5\/12&Prime;][vc_custom_heading heading_semantic=\u00a0\u00bbh1&Prime; text_size=\u00a0\u00bbh1&Prime; el_class=\u00a0\u00bbmt-adapt-6 mt-adapt-md-0&Prime;]Nous vous attendons avec impatience ![\/vc_custom_heading][vc_column_text el_class=\u00a0\u00bbmt-adapt-4&Prime;]Rejoignez l&rsquo;\u00e9quipe Barboflex ! Nous recrutons.[\/vc_column_text][\/vc_column][\/vc_row][vc_row unlock_row_content=\u00a0\u00bb\u00a0\u00bb row_height_percent=\u00a0\u00bb0&Prime; override_padding=\u00a0\u00bbyes\u00a0\u00bb h_padding=\u00a0\u00bb0&Prime; top_padding=\u00a0\u00bb4&Prime; bottom_padding=\u00a0\u00bb4&Prime; shift_y=\u00a0\u00bb0&Prime; z_index=\u00a0\u00bb0&Prime; back_color=\u00a0\u00bb#040a1b\u00a0\u00bb el_class=\u00a0\u00bbmb-adapt-8&Prime;][vc_column width=\u00a0\u00bb1\/12&Prime;][\/vc_column][vc_column position_horizontal=\u00a0\u00bb\u00a0\u00bb style=\u00a0\u00bbdark\u00a0\u00bb mobile_width=\u00a0\u00bb11&Prime; shift_x=\u00a0\u00bb0&Prime; shift_y=\u00a0\u00bb0&Prime; z_index=\u00a0\u00bb0&Prime; width=\u00a0\u00bb5\/6&Prime;][vc_custom_heading el_class=\u00a0\u00bbmb-adapt-4&Prime;]Postes [&hellip;]<\/p>\n","protected":false},"author":1,"featured_media":0,"parent":0,"menu_order":0,"comment_status":"closed","ping_status":"closed","template":"","meta":{"_acf_changed":false,"content-type":"","footnotes":""},"class_list":["post-114800","page","type-page","status-publish","hentry"],"acf":[],"yoast_head":"<!-- This site is optimized with the Yoast SEO plugin v22.4 - https:\/\/yoast.com\/wordpress\/plugins\/seo\/ -->\n<title>Careers - Barboflex<\/title>\n<meta name=\"robots\" content=\"index, follow, max-snippet:-1, max-image-preview:large, max-video-preview:-1\" \/>\n<link rel=\"canonical\" href=\"https:\/\/barboflex.pt\/careers\/\" \/>\n<meta property=\"og:locale\" content=\"fr_FR\" \/>\n<meta property=\"og:type\" content=\"article\" \/>\n<meta property=\"og:title\" content=\"Careers - Barboflex\" \/>\n<meta property=\"og:description\" content=\"[vc_row unlock_row_content=\u00a0\u00bb\u00a0\u00bb row_height_percent=\u00a0\u00bb0&Prime; override_padding=\u00a0\u00bbyes\u00a0\u00bb h_padding=\u00a0\u00bb0&Prime; top_padding=\u00a0\u00bb3&Prime; bottom_padding=\u00a0\u00bb3&Prime; shift_y=\u00a0\u00bb0&Prime; z_index=\u00a0\u00bb0&Prime;][vc_column width=\u00a0\u00bb1\/2&Prime;][vc_single_image media=\u00a0\u00bb1455&Prime; el_class=\u00a0\u00bborder-radius-right\u00a0\u00bb][\/vc_single_image][\/vc_column][vc_column width=\u00a0\u00bb1\/12&Prime;][\/vc_column][vc_column position_horizontal=\u00a0\u00bb\u00a0\u00bb position_vertical=\u00a0\u00bbd-md-flex align-items-md-center\u00a0\u00bb mobile_width=\u00a0\u00bb11&Prime; shift_x=\u00a0\u00bb0&Prime; shift_y=\u00a0\u00bb0&Prime; z_index=\u00a0\u00bb0&Prime; width=\u00a0\u00bb5\/12&Prime;][vc_custom_heading heading_semantic=\u00a0\u00bbh1&Prime; text_size=\u00a0\u00bbh1&Prime; el_class=\u00a0\u00bbmt-adapt-6 mt-adapt-md-0&Prime;]Nous vous attendons avec impatience ![\/vc_custom_heading][vc_column_text el_class=\u00a0\u00bbmt-adapt-4&Prime;]Rejoignez l&rsquo;\u00e9quipe Barboflex ! Nous recrutons.[\/vc_column_text][\/vc_column][\/vc_row][vc_row unlock_row_content=\u00a0\u00bb\u00a0\u00bb row_height_percent=\u00a0\u00bb0&Prime; override_padding=\u00a0\u00bbyes\u00a0\u00bb h_padding=\u00a0\u00bb0&Prime; top_padding=\u00a0\u00bb4&Prime; bottom_padding=\u00a0\u00bb4&Prime; shift_y=\u00a0\u00bb0&Prime; z_index=\u00a0\u00bb0&Prime; back_color=\u00a0\u00bb#040a1b\u00a0\u00bb el_class=\u00a0\u00bbmb-adapt-8&Prime;][vc_column width=\u00a0\u00bb1\/12&Prime;][\/vc_column][vc_column position_horizontal=\u00a0\u00bb\u00a0\u00bb style=\u00a0\u00bbdark\u00a0\u00bb mobile_width=\u00a0\u00bb11&Prime; shift_x=\u00a0\u00bb0&Prime; shift_y=\u00a0\u00bb0&Prime; z_index=\u00a0\u00bb0&Prime; width=\u00a0\u00bb5\/6&Prime;][vc_custom_heading el_class=\u00a0\u00bbmb-adapt-4&Prime;]Postes [&hellip;]\" \/>\n<meta property=\"og:url\" content=\"https:\/\/barboflex.pt\/careers\/\" \/>\n<meta property=\"og:site_name\" content=\"Barboflex\" \/>\n<meta property=\"article:publisher\" content=\"https:\/\/www.facebook.com\/barboflex.pt\" \/>\n<meta property=\"article:modified_time\" content=\"2024-01-19T18:40:23+00:00\" \/>\n<meta property=\"og:image\" content=\"https:\/\/barboflex.pt\/wp-content\/uploads\/2024\/09\/Metadescription_Prancheta-1-scaled.jpg\" \/>\n\t<meta property=\"og:image:width\" content=\"2560\" \/>\n\t<meta property=\"og:image:height\" content=\"1440\" \/>\n\t<meta property=\"og:image:type\" content=\"image\/jpeg\" \/>\n<meta name=\"twitter:card\" content=\"summary_large_image\" \/>\n<meta name=\"twitter:label1\" content=\"Dur\u00e9e de lecture estim\u00e9e\" \/>\n\t<meta name=\"twitter:data1\" content=\"2 minutes\" \/>\n<script type=\"application\/ld+json\" class=\"yoast-schema-graph\">{\"@context\":\"https:\/\/schema.org\",\"@graph\":[{\"@type\":\"WebPage\",\"@id\":\"https:\/\/barboflex.pt\/careers\/\",\"url\":\"https:\/\/barboflex.pt\/careers\/\",\"name\":\"Careers - Barboflex\",\"isPartOf\":{\"@id\":\"https:\/\/barboflex.pt\/#website\"},\"datePublished\":\"2023-08-09T13:04:46+00:00\",\"dateModified\":\"2024-01-19T18:40:23+00:00\",\"breadcrumb\":{\"@id\":\"https:\/\/barboflex.pt\/careers\/#breadcrumb\"},\"inLanguage\":\"fr-FR\",\"potentialAction\":[{\"@type\":\"ReadAction\",\"target\":[\"https:\/\/barboflex.pt\/careers\/\"]}]},{\"@type\":\"BreadcrumbList\",\"@id\":\"https:\/\/barboflex.pt\/careers\/#breadcrumb\",\"itemListElement\":[{\"@type\":\"ListItem\",\"position\":1,\"name\":\"In\u00edcio\",\"item\":\"https:\/\/barboflex.pt\/fr\/\"},{\"@type\":\"ListItem\",\"position\":2,\"name\":\"Careers\"}]},{\"@type\":\"WebSite\",\"@id\":\"https:\/\/barboflex.pt\/#website\",\"url\":\"https:\/\/barboflex.pt\/\",\"name\":\"Barboflex\",\"description\":\"20 anos de experi\u00eancia em Hidr\u00e1ulica e Pneum\u00e1tica. Refer\u00eancia no mercado Nacional e Internacional na produ\u00e7\u00e3o e distribui\u00e7\u00e3o de mangueiras hidr\u00e1ulicas, componentes e acess\u00f3rios para a ind\u00fastria.\",\"publisher\":{\"@id\":\"https:\/\/barboflex.pt\/#organization\"},\"alternateName\":\"Barboflex Flexible Solutions\",\"potentialAction\":[{\"@type\":\"SearchAction\",\"target\":{\"@type\":\"EntryPoint\",\"urlTemplate\":\"https:\/\/barboflex.pt\/?s={search_term_string}\"},\"query-input\":\"required name=search_term_string\"}],\"inLanguage\":\"fr-FR\"},{\"@type\":\"Organization\",\"@id\":\"https:\/\/barboflex.pt\/#organization\",\"name\":\"Barboflex S.A.\",\"alternateName\":\"Barboflex\",\"url\":\"https:\/\/barboflex.pt\/\",\"logo\":{\"@type\":\"ImageObject\",\"inLanguage\":\"fr-FR\",\"@id\":\"https:\/\/barboflex.pt\/#\/schema\/logo\/image\/\",\"url\":\"https:\/\/barboflex.pt\/wp-content\/uploads\/2023\/05\/logo-2.svg\",\"contentUrl\":\"https:\/\/barboflex.pt\/wp-content\/uploads\/2023\/05\/logo-2.svg\",\"width\":1,\"height\":1,\"caption\":\"Barboflex S.A.\"},\"image\":{\"@id\":\"https:\/\/barboflex.pt\/#\/schema\/logo\/image\/\"},\"sameAs\":[\"https:\/\/www.facebook.com\/barboflex.pt\",\"https:\/\/www.instagram.com\/barboflex\",\"https:\/\/www.youtube.com\/@BarboflexSA\",\"https:\/\/www.linkedin.com\/company\/barboflex\/\"]}]}<\/script>\n<!-- \/ Yoast SEO plugin. -->","yoast_head_json":{"title":"Careers - Barboflex","robots":{"index":"index","follow":"follow","max-snippet":"max-snippet:-1","max-image-preview":"max-image-preview:large","max-video-preview":"max-video-preview:-1"},"canonical":"https:\/\/barboflex.pt\/careers\/","og_locale":"fr_FR","og_type":"article","og_title":"Careers - Barboflex","og_description":"[vc_row unlock_row_content=\u00a0\u00bb\u00a0\u00bb row_height_percent=\u00a0\u00bb0&Prime; override_padding=\u00a0\u00bbyes\u00a0\u00bb h_padding=\u00a0\u00bb0&Prime; top_padding=\u00a0\u00bb3&Prime; bottom_padding=\u00a0\u00bb3&Prime; shift_y=\u00a0\u00bb0&Prime; z_index=\u00a0\u00bb0&Prime;][vc_column width=\u00a0\u00bb1\/2&Prime;][vc_single_image media=\u00a0\u00bb1455&Prime; el_class=\u00a0\u00bborder-radius-right\u00a0\u00bb][\/vc_single_image][\/vc_column][vc_column width=\u00a0\u00bb1\/12&Prime;][\/vc_column][vc_column position_horizontal=\u00a0\u00bb\u00a0\u00bb position_vertical=\u00a0\u00bbd-md-flex align-items-md-center\u00a0\u00bb mobile_width=\u00a0\u00bb11&Prime; shift_x=\u00a0\u00bb0&Prime; shift_y=\u00a0\u00bb0&Prime; z_index=\u00a0\u00bb0&Prime; width=\u00a0\u00bb5\/12&Prime;][vc_custom_heading heading_semantic=\u00a0\u00bbh1&Prime; text_size=\u00a0\u00bbh1&Prime; el_class=\u00a0\u00bbmt-adapt-6 mt-adapt-md-0&Prime;]Nous vous attendons avec impatience ![\/vc_custom_heading][vc_column_text el_class=\u00a0\u00bbmt-adapt-4&Prime;]Rejoignez l&rsquo;\u00e9quipe Barboflex ! Nous recrutons.[\/vc_column_text][\/vc_column][\/vc_row][vc_row unlock_row_content=\u00a0\u00bb\u00a0\u00bb row_height_percent=\u00a0\u00bb0&Prime; override_padding=\u00a0\u00bbyes\u00a0\u00bb h_padding=\u00a0\u00bb0&Prime; top_padding=\u00a0\u00bb4&Prime; bottom_padding=\u00a0\u00bb4&Prime; shift_y=\u00a0\u00bb0&Prime; z_index=\u00a0\u00bb0&Prime; back_color=\u00a0\u00bb#040a1b\u00a0\u00bb el_class=\u00a0\u00bbmb-adapt-8&Prime;][vc_column width=\u00a0\u00bb1\/12&Prime;][\/vc_column][vc_column position_horizontal=\u00a0\u00bb\u00a0\u00bb style=\u00a0\u00bbdark\u00a0\u00bb mobile_width=\u00a0\u00bb11&Prime; shift_x=\u00a0\u00bb0&Prime; shift_y=\u00a0\u00bb0&Prime; z_index=\u00a0\u00bb0&Prime; width=\u00a0\u00bb5\/6&Prime;][vc_custom_heading el_class=\u00a0\u00bbmb-adapt-4&Prime;]Postes [&hellip;]","og_url":"https:\/\/barboflex.pt\/careers\/","og_site_name":"Barboflex","article_publisher":"https:\/\/www.facebook.com\/barboflex.pt","article_modified_time":"2024-01-19T18:40:23+00:00","og_image":[{"width":2560,"height":1440,"url":"https:\/\/barboflex.pt\/wp-content\/uploads\/2024\/09\/Metadescription_Prancheta-1-scaled.jpg","type":"image\/jpeg"}],"twitter_card":"summary_large_image","twitter_misc":{"Dur\u00e9e de lecture estim\u00e9e":"2 minutes"},"schema":{"@context":"https:\/\/schema.org","@graph":[{"@type":"WebPage","@id":"https:\/\/barboflex.pt\/careers\/","url":"https:\/\/barboflex.pt\/careers\/","name":"Careers - Barboflex","isPartOf":{"@id":"https:\/\/barboflex.pt\/#website"},"datePublished":"2023-08-09T13:04:46+00:00","dateModified":"2024-01-19T18:40:23+00:00","breadcrumb":{"@id":"https:\/\/barboflex.pt\/careers\/#breadcrumb"},"inLanguage":"fr-FR","potentialAction":[{"@type":"ReadAction","target":["https:\/\/barboflex.pt\/careers\/"]}]},{"@type":"BreadcrumbList","@id":"https:\/\/barboflex.pt\/careers\/#breadcrumb","itemListElement":[{"@type":"ListItem","position":1,"name":"In\u00edcio","item":"https:\/\/barboflex.pt\/fr\/"},{"@type":"ListItem","position":2,"name":"Careers"}]},{"@type":"WebSite","@id":"https:\/\/barboflex.pt\/#website","url":"https:\/\/barboflex.pt\/","name":"Barboflex","description":"20 anos de experi\u00eancia em Hidr\u00e1ulica e Pneum\u00e1tica. Refer\u00eancia no mercado Nacional e Internacional na produ\u00e7\u00e3o e distribui\u00e7\u00e3o de mangueiras hidr\u00e1ulicas, componentes e acess\u00f3rios para a ind\u00fastria.","publisher":{"@id":"https:\/\/barboflex.pt\/#organization"},"alternateName":"Barboflex Flexible Solutions","potentialAction":[{"@type":"SearchAction","target":{"@type":"EntryPoint","urlTemplate":"https:\/\/barboflex.pt\/?s={search_term_string}"},"query-input":"required name=search_term_string"}],"inLanguage":"fr-FR"},{"@type":"Organization","@id":"https:\/\/barboflex.pt\/#organization","name":"Barboflex S.A.","alternateName":"Barboflex","url":"https:\/\/barboflex.pt\/","logo":{"@type":"ImageObject","inLanguage":"fr-FR","@id":"https:\/\/barboflex.pt\/#\/schema\/logo\/image\/","url":"https:\/\/barboflex.pt\/wp-content\/uploads\/2023\/05\/logo-2.svg","contentUrl":"https:\/\/barboflex.pt\/wp-content\/uploads\/2023\/05\/logo-2.svg","width":1,"height":1,"caption":"Barboflex S.A."},"image":{"@id":"https:\/\/barboflex.pt\/#\/schema\/logo\/image\/"},"sameAs":["https:\/\/www.facebook.com\/barboflex.pt","https:\/\/www.instagram.com\/barboflex","https:\/\/www.youtube.com\/@BarboflexSA","https:\/\/www.linkedin.com\/company\/barboflex\/"]}]}},"jetpack_sharing_enabled":true,"_links":{"self":[{"href":"https:\/\/barboflex.pt\/fr\/wp-json\/wp\/v2\/pages\/114800","targetHints":{"allow":["GET"]}}],"collection":[{"href":"https:\/\/barboflex.pt\/fr\/wp-json\/wp\/v2\/pages"}],"about":[{"href":"https:\/\/barboflex.pt\/fr\/wp-json\/wp\/v2\/types\/page"}],"author":[{"embeddable":true,"href":"https:\/\/barboflex.pt\/fr\/wp-json\/wp\/v2\/users\/1"}],"replies":[{"embeddable":true,"href":"https:\/\/barboflex.pt\/fr\/wp-json\/wp\/v2\/comments?post=114800"}],"version-history":[{"count":0,"href":"https:\/\/barboflex.pt\/fr\/wp-json\/wp\/v2\/pages\/114800\/revisions"}],"wp:attachment":[{"href":"https:\/\/barboflex.pt\/fr\/wp-json\/wp\/v2\/media?parent=114800"}],"curies":[{"name":"wp","href":"https:\/\/api.w.org\/{rel}","templated":true}]}}