{"id":114786,"date":"2023-05-26T10:46:28","date_gmt":"2023-05-26T10:46:28","guid":{"rendered":"https:\/\/barboflex.pt\/?page_id=114786"},"modified":"2024-01-19T18:02:25","modified_gmt":"2024-01-19T18:02:25","slug":"blog","status":"publish","type":"page","link":"https:\/\/barboflex.pt\/fr\/blog\/","title":{"rendered":"Blog"},"content":{"rendered":"<div class=\"wpb-content-wrapper\"><p>[vc_row unlock_row_content=\u00a0\u00bb\u00a0\u00bb row_height_percent=\u00a0\u00bb0&Prime; override_padding=\u00a0\u00bbyes\u00a0\u00bb h_padding=\u00a0\u00bb0&Prime; top_padding=\u00a0\u00bb4&Prime; bottom_padding=\u00a0\u00bb2&Prime; shift_y=\u00a0\u00bb0&Prime; z_index=\u00a0\u00bb0&Prime; el_class=\u00a0\u00bbpt-adapt-0 pt-adapt-md-0&Prime;][vc_column position_horizontal=\u00a0\u00bb\u00a0\u00bb mobile_width=\u00a0\u00bb11&Prime; shift_x=\u00a0\u00bb0&Prime; shift_y=\u00a0\u00bb0&Prime; z_index=\u00a0\u00bb0&Prime; width=\u00a0\u00bb8\/12&Prime; el_class=\u00a0\u00bbpb-adapt-0 pb-adapt-md-0&Prime;][vc_custom_heading heading_semantic=\u00a0\u00bbh1&Prime; text_size=\u00a0\u00bbh1&Prime; text_color=\u00a0\u00bb#040a1b\u00a0\u00bb]Nous nous engageons \u00e0 vous fournir les derni\u00e8res nouvelles.[\/vc_custom_heading][vc_column_text el_class=\u00a0\u00bbmt-adapt-4&Prime; max_width=\u00a0\u00bb440px\u00a0\u00bb]Gr\u00e2ce \u00e0 notre engagement \u00e0 vous tenir inform\u00e9, vous aurez un acc\u00e8s exclusif et de premi\u00e8re main \u00e0 toutes les derni\u00e8res nouvelles et \u00e0 tous les \u00e9v\u00e9nements pertinents. Nous nous engageons \u00e0 vous fournir un contenu de qualit\u00e9 pour que vous soyez toujours au courant et bien inform\u00e9.[\/vc_column_text][\/vc_column][vc_column position_horizontal=\u00a0\u00bbd-md-flex justify-content-md-end\u00a0\u00bb position_vertical=\u00a0\u00bbd-md-flex align-items-md-center\u00a0\u00bb align_horizontal=\u00a0\u00bbtext-md-right\u00a0\u00bb mobile_visibility=\u00a0\u00bbyes\u00a0\u00bb mobile_width=\u00a0\u00bb3&Prime; shift_x=\u00a0\u00bb0&Prime; shift_y=\u00a0\u00bb0&Prime; z_index=\u00a0\u00bb0&Prime; width=\u00a0\u00bb4\/12&Prime;][\/vc_column][\/vc_row][vc_row unlock_row_content=\u00a0\u00bb\u00a0\u00bb row_height_percent=\u00a0\u00bb0&Prime; override_padding=\u00a0\u00bbyes\u00a0\u00bb h_padding=\u00a0\u00bb0&Prime; top_padding=\u00a0\u00bb0&Prime; bottom_padding=\u00a0\u00bb0&Prime; shift_y=\u00a0\u00bb0&Prime; z_index=\u00a0\u00bb0&Prime;][vc_column position_horizontal=\u00a0\u00bb\u00a0\u00bb override_padding=\u00a0\u00bbyes\u00a0\u00bb column_padding=\u00a0\u00bb0&Prime; mobile_width=\u00a0\u00bb11&Prime; shift_x=\u00a0\u00bb0&Prime; shift_y=\u00a0\u00bb0&Prime; z_index=\u00a0\u00bb0&Prime; width=\u00a0\u00bb8\/12&Prime; el_class=\u00a0\u00bbborder-radius-right\u00a0\u00bb]<div class=\"posts_grid border-radius-right\" data-post=\"post\" data-name=\"post\" data-label=\"post\" id=\"post\" data-loadmore=\"\"><div class=\"archive-divs elements_animated w-100 h-100 border-radius-right text-left\">\n\t<figure>\n\t\t<picture><div class=\"aspectRatioPlaceholder\" style=\"margin:auto; \"><div class=\"fill\" style=\"padding-bottom: 83.173076923077%\"><\/div><\/div><span role=\"img\" aria-label=\"\" class=\"has_bg\" data-background-image=\"https:\/\/barboflex.pt\/wp-content\/uploads\/2023\/12\/Post-4_destaque.jpg\"><\/span><\/picture>\n\t\t<figcaption class=\"position-absolute w-100 d-flex \">\n      <div class=\"d-flex align-items-end flex-grow-1\">\n        <div class=\"flex-grow-1\">\n          <h3 class=\"text-white h4\">Tuyaux Pr\u00e9vention<\/h3>\n        <\/div>\n        <div class=\"flex-shrink-1 pl-2\">\n        <button class=\"news-button\" href=\"https:\/\/barboflex.pt\/fr\/tuyaux-prevention\/\"><i class=\"icon-arrow_forward\" style=\"font-size:40px\"><\/i><\/button>\n        <\/div>\n      <\/div>\n    <\/figcaption>\n    <a class=\"linker\" href=\"https:\/\/barboflex.pt\/fr\/tuyaux-prevention\/\" data-remote=\"true\"><\/a>\n\t<\/figure>\n<\/div><\/div>[\/vc_column][vc_column position_horizontal=\u00a0\u00bb\u00a0\u00bb mobile_width=\u00a0\u00bb11&Prime; shift_x=\u00a0\u00bb0&Prime; shift_y=\u00a0\u00bb0&Prime; z_index=\u00a0\u00bb0&Prime; width=\u00a0\u00bb4\/12&Prime;]<div class=\"posts_grid \" data-post=\"post\" data-name=\"post\" data-label=\"post\" id=\"post\" data-loadmore=\"\"><div class=\"archive-divs elements_animated w-100 text-left\">\n\t<figure>\n\t\t<picture><div class=\"aspectRatioPlaceholder\" style=\"margin:auto; \"><div class=\"fill\" style=\"padding-bottom: 83.173076923077%\"><\/div><\/div><span role=\"img\" aria-label=\"\" class=\"has_bg\" data-background-image=\"https:\/\/barboflex.pt\/wp-content\/uploads\/2023\/12\/Post-3_Destaque.jpg\"><\/span><\/picture>\n\t\t<figcaption class=\"position-absolute w-100 d-flex \">\n      <div class=\"d-flex align-items-end flex-grow-1\">\n        <div class=\"flex-grow-1\">\n          <h3 class=\"text-white h4\">Manom\u00e8tres<\/h3>\n        <\/div>\n        <div class=\"flex-shrink-1 pl-2\">\n        <button class=\"news-button\" href=\"https:\/\/barboflex.pt\/fr\/manometres\/\"><i class=\"icon-arrow_forward\" style=\"font-size:40px\"><\/i><\/button>\n        <\/div>\n      <\/div>\n    <\/figcaption>\n    <a class=\"linker\" href=\"https:\/\/barboflex.pt\/fr\/manometres\/\" data-remote=\"true\"><\/a>\n\t<\/figure>\n<\/div><div class=\"archive-divs elements_animated w-100 text-left\">\n\t<figure>\n\t\t<picture><div class=\"aspectRatioPlaceholder\" style=\"margin:auto; \"><div class=\"fill\" style=\"padding-bottom: 83.173076923077%\"><\/div><\/div><span role=\"img\" aria-label=\"\" class=\"has_bg\" data-background-image=\"https:\/\/barboflex.pt\/wp-content\/uploads\/2023\/07\/Post-2_Destaque.jpg\"><\/span><\/picture>\n\t\t<figcaption class=\"position-absolute w-100 d-flex \">\n      <div class=\"d-flex align-items-end flex-grow-1\">\n        <div class=\"flex-grow-1\">\n          <h3 class=\"text-white h4\">Collier de serrage : fixe juste ce qu&rsquo;il faut.<\/h3>\n        <\/div>\n        <div class=\"flex-shrink-1 pl-2\">\n        <button class=\"news-button\" href=\"https:\/\/barboflex.pt\/fr\/collier-de-serrage-fixe-juste-ce-quil-faut\/\"><i class=\"icon-arrow_forward\" style=\"font-size:40px\"><\/i><\/button>\n        <\/div>\n      <\/div>\n    <\/figcaption>\n    <a class=\"linker\" href=\"https:\/\/barboflex.pt\/fr\/collier-de-serrage-fixe-juste-ce-quil-faut\/\" data-remote=\"true\"><\/a>\n\t<\/figure>\n<\/div><\/div>[\/vc_column][\/vc_row][vc_row unlock_row_content=\u00a0\u00bb\u00a0\u00bb row_height_percent=\u00a0\u00bb0&Prime; override_padding=\u00a0\u00bbyes\u00a0\u00bb h_padding=\u00a0\u00bb0&Prime; top_padding=\u00a0\u00bb0&Prime; bottom_padding=\u00a0\u00bb5&Prime; shift_y=\u00a0\u00bb0&Prime; z_index=\u00a0\u00bb0&Prime;][vc_column width=\u00a0\u00bb1\/1&Prime;][\/vc_column][\/vc_row]<\/p>\n<\/div>","protected":false},"excerpt":{"rendered":"<p>[vc_row unlock_row_content=\u00a0\u00bb\u00a0\u00bb row_height_percent=\u00a0\u00bb0&Prime; override_padding=\u00a0\u00bbyes\u00a0\u00bb h_padding=\u00a0\u00bb0&Prime; top_padding=\u00a0\u00bb4&Prime; bottom_padding=\u00a0\u00bb2&Prime; shift_y=\u00a0\u00bb0&Prime; z_index=\u00a0\u00bb0&Prime; el_class=\u00a0\u00bbpt-adapt-0 pt-adapt-md-0&Prime;][vc_column position_horizontal=\u00a0\u00bb\u00a0\u00bb mobile_width=\u00a0\u00bb11&Prime; shift_x=\u00a0\u00bb0&Prime; shift_y=\u00a0\u00bb0&Prime; z_index=\u00a0\u00bb0&Prime; width=\u00a0\u00bb8\/12&Prime; el_class=\u00a0\u00bbpb-adapt-0 pb-adapt-md-0&Prime;][vc_custom_heading heading_semantic=\u00a0\u00bbh1&Prime; text_size=\u00a0\u00bbh1&Prime; text_color=\u00a0\u00bb#040a1b\u00a0\u00bb]Nous nous engageons \u00e0 vous fournir les derni\u00e8res nouvelles.[\/vc_custom_heading][vc_column_text el_class=\u00a0\u00bbmt-adapt-4&Prime; max_width=\u00a0\u00bb440px\u00a0\u00bb]Gr\u00e2ce \u00e0 notre engagement \u00e0 vous tenir inform\u00e9, vous aurez un acc\u00e8s exclusif et de premi\u00e8re main \u00e0 toutes les derni\u00e8res nouvelles et \u00e0 [&hellip;]<\/p>\n","protected":false},"author":1,"featured_media":0,"parent":0,"menu_order":0,"comment_status":"closed","ping_status":"closed","template":"","meta":{"_acf_changed":false,"content-type":"","footnotes":""},"class_list":["post-114786","page","type-page","status-publish","hentry"],"acf":[],"yoast_head":"<!-- This site is optimized with the Yoast SEO plugin v22.4 - https:\/\/yoast.com\/wordpress\/plugins\/seo\/ -->\n<title>Blog - Barboflex<\/title>\n<meta name=\"robots\" content=\"index, follow, max-snippet:-1, max-image-preview:large, max-video-preview:-1\" \/>\n<link rel=\"canonical\" href=\"https:\/\/barboflex.pt\/blog\/\" \/>\n<meta property=\"og:locale\" content=\"fr_FR\" \/>\n<meta property=\"og:type\" content=\"article\" \/>\n<meta property=\"og:title\" content=\"Blog - Barboflex\" \/>\n<meta property=\"og:description\" content=\"[vc_row unlock_row_content=\u00a0\u00bb\u00a0\u00bb row_height_percent=\u00a0\u00bb0&Prime; override_padding=\u00a0\u00bbyes\u00a0\u00bb h_padding=\u00a0\u00bb0&Prime; top_padding=\u00a0\u00bb4&Prime; bottom_padding=\u00a0\u00bb2&Prime; shift_y=\u00a0\u00bb0&Prime; z_index=\u00a0\u00bb0&Prime; el_class=\u00a0\u00bbpt-adapt-0 pt-adapt-md-0&Prime;][vc_column position_horizontal=\u00a0\u00bb\u00a0\u00bb mobile_width=\u00a0\u00bb11&Prime; shift_x=\u00a0\u00bb0&Prime; shift_y=\u00a0\u00bb0&Prime; z_index=\u00a0\u00bb0&Prime; width=\u00a0\u00bb8\/12&Prime; el_class=\u00a0\u00bbpb-adapt-0 pb-adapt-md-0&Prime;][vc_custom_heading heading_semantic=\u00a0\u00bbh1&Prime; text_size=\u00a0\u00bbh1&Prime; text_color=\u00a0\u00bb#040a1b\u00a0\u00bb]Nous nous engageons \u00e0 vous fournir les derni\u00e8res nouvelles.[\/vc_custom_heading][vc_column_text el_class=\u00a0\u00bbmt-adapt-4&Prime; max_width=\u00a0\u00bb440px\u00a0\u00bb]Gr\u00e2ce \u00e0 notre engagement \u00e0 vous tenir inform\u00e9, vous aurez un acc\u00e8s exclusif et de premi\u00e8re main \u00e0 toutes les derni\u00e8res nouvelles et \u00e0 [&hellip;]\" \/>\n<meta property=\"og:url\" content=\"https:\/\/barboflex.pt\/blog\/\" \/>\n<meta property=\"og:site_name\" content=\"Barboflex\" \/>\n<meta property=\"article:publisher\" content=\"https:\/\/www.facebook.com\/barboflex.pt\" \/>\n<meta property=\"article:modified_time\" content=\"2024-01-19T18:02:25+00:00\" \/>\n<meta property=\"og:image\" content=\"https:\/\/barboflex.pt\/wp-content\/uploads\/2024\/09\/Metadescription_Prancheta-1-scaled.jpg\" \/>\n\t<meta property=\"og:image:width\" content=\"2560\" \/>\n\t<meta property=\"og:image:height\" content=\"1440\" \/>\n\t<meta property=\"og:image:type\" content=\"image\/jpeg\" \/>\n<meta name=\"twitter:card\" content=\"summary_large_image\" \/>\n<meta name=\"twitter:label1\" content=\"Dur\u00e9e de lecture estim\u00e9e\" \/>\n\t<meta name=\"twitter:data1\" content=\"1 minute\" \/>\n<script type=\"application\/ld+json\" class=\"yoast-schema-graph\">{\"@context\":\"https:\/\/schema.org\",\"@graph\":[{\"@type\":\"WebPage\",\"@id\":\"https:\/\/barboflex.pt\/blog\/\",\"url\":\"https:\/\/barboflex.pt\/blog\/\",\"name\":\"Blog - Barboflex\",\"isPartOf\":{\"@id\":\"https:\/\/barboflex.pt\/#website\"},\"datePublished\":\"2023-05-26T10:46:28+00:00\",\"dateModified\":\"2024-01-19T18:02:25+00:00\",\"breadcrumb\":{\"@id\":\"https:\/\/barboflex.pt\/blog\/#breadcrumb\"},\"inLanguage\":\"fr-FR\",\"potentialAction\":[{\"@type\":\"ReadAction\",\"target\":[\"https:\/\/barboflex.pt\/blog\/\"]}]},{\"@type\":\"BreadcrumbList\",\"@id\":\"https:\/\/barboflex.pt\/blog\/#breadcrumb\",\"itemListElement\":[{\"@type\":\"ListItem\",\"position\":1,\"name\":\"In\u00edcio\",\"item\":\"https:\/\/barboflex.pt\/fr\/\"},{\"@type\":\"ListItem\",\"position\":2,\"name\":\"Blog\"}]},{\"@type\":\"WebSite\",\"@id\":\"https:\/\/barboflex.pt\/#website\",\"url\":\"https:\/\/barboflex.pt\/\",\"name\":\"Barboflex\",\"description\":\"20 anos de experi\u00eancia em Hidr\u00e1ulica e Pneum\u00e1tica. Refer\u00eancia no mercado Nacional e Internacional na produ\u00e7\u00e3o e distribui\u00e7\u00e3o de mangueiras hidr\u00e1ulicas, componentes e acess\u00f3rios para a ind\u00fastria.\",\"publisher\":{\"@id\":\"https:\/\/barboflex.pt\/#organization\"},\"alternateName\":\"Barboflex Flexible Solutions\",\"potentialAction\":[{\"@type\":\"SearchAction\",\"target\":{\"@type\":\"EntryPoint\",\"urlTemplate\":\"https:\/\/barboflex.pt\/?s={search_term_string}\"},\"query-input\":\"required name=search_term_string\"}],\"inLanguage\":\"fr-FR\"},{\"@type\":\"Organization\",\"@id\":\"https:\/\/barboflex.pt\/#organization\",\"name\":\"Barboflex S.A.\",\"alternateName\":\"Barboflex\",\"url\":\"https:\/\/barboflex.pt\/\",\"logo\":{\"@type\":\"ImageObject\",\"inLanguage\":\"fr-FR\",\"@id\":\"https:\/\/barboflex.pt\/#\/schema\/logo\/image\/\",\"url\":\"https:\/\/barboflex.pt\/wp-content\/uploads\/2023\/05\/logo-2.svg\",\"contentUrl\":\"https:\/\/barboflex.pt\/wp-content\/uploads\/2023\/05\/logo-2.svg\",\"width\":1,\"height\":1,\"caption\":\"Barboflex S.A.\"},\"image\":{\"@id\":\"https:\/\/barboflex.pt\/#\/schema\/logo\/image\/\"},\"sameAs\":[\"https:\/\/www.facebook.com\/barboflex.pt\",\"https:\/\/www.instagram.com\/barboflex\",\"https:\/\/www.youtube.com\/@BarboflexSA\",\"https:\/\/www.linkedin.com\/company\/barboflex\/\"]}]}<\/script>\n<!-- \/ Yoast SEO plugin. -->","yoast_head_json":{"title":"Blog - Barboflex","robots":{"index":"index","follow":"follow","max-snippet":"max-snippet:-1","max-image-preview":"max-image-preview:large","max-video-preview":"max-video-preview:-1"},"canonical":"https:\/\/barboflex.pt\/blog\/","og_locale":"fr_FR","og_type":"article","og_title":"Blog - Barboflex","og_description":"[vc_row unlock_row_content=\u00a0\u00bb\u00a0\u00bb row_height_percent=\u00a0\u00bb0&Prime; override_padding=\u00a0\u00bbyes\u00a0\u00bb h_padding=\u00a0\u00bb0&Prime; top_padding=\u00a0\u00bb4&Prime; bottom_padding=\u00a0\u00bb2&Prime; shift_y=\u00a0\u00bb0&Prime; z_index=\u00a0\u00bb0&Prime; el_class=\u00a0\u00bbpt-adapt-0 pt-adapt-md-0&Prime;][vc_column position_horizontal=\u00a0\u00bb\u00a0\u00bb mobile_width=\u00a0\u00bb11&Prime; shift_x=\u00a0\u00bb0&Prime; shift_y=\u00a0\u00bb0&Prime; z_index=\u00a0\u00bb0&Prime; width=\u00a0\u00bb8\/12&Prime; el_class=\u00a0\u00bbpb-adapt-0 pb-adapt-md-0&Prime;][vc_custom_heading heading_semantic=\u00a0\u00bbh1&Prime; text_size=\u00a0\u00bbh1&Prime; text_color=\u00a0\u00bb#040a1b\u00a0\u00bb]Nous nous engageons \u00e0 vous fournir les derni\u00e8res nouvelles.[\/vc_custom_heading][vc_column_text el_class=\u00a0\u00bbmt-adapt-4&Prime; max_width=\u00a0\u00bb440px\u00a0\u00bb]Gr\u00e2ce \u00e0 notre engagement \u00e0 vous tenir inform\u00e9, vous aurez un acc\u00e8s exclusif et de premi\u00e8re main \u00e0 toutes les derni\u00e8res nouvelles et \u00e0 [&hellip;]","og_url":"https:\/\/barboflex.pt\/blog\/","og_site_name":"Barboflex","article_publisher":"https:\/\/www.facebook.com\/barboflex.pt","article_modified_time":"2024-01-19T18:02:25+00:00","og_image":[{"width":2560,"height":1440,"url":"https:\/\/barboflex.pt\/wp-content\/uploads\/2024\/09\/Metadescription_Prancheta-1-scaled.jpg","type":"image\/jpeg"}],"twitter_card":"summary_large_image","twitter_misc":{"Dur\u00e9e de lecture estim\u00e9e":"1 minute"},"schema":{"@context":"https:\/\/schema.org","@graph":[{"@type":"WebPage","@id":"https:\/\/barboflex.pt\/blog\/","url":"https:\/\/barboflex.pt\/blog\/","name":"Blog - Barboflex","isPartOf":{"@id":"https:\/\/barboflex.pt\/#website"},"datePublished":"2023-05-26T10:46:28+00:00","dateModified":"2024-01-19T18:02:25+00:00","breadcrumb":{"@id":"https:\/\/barboflex.pt\/blog\/#breadcrumb"},"inLanguage":"fr-FR","potentialAction":[{"@type":"ReadAction","target":["https:\/\/barboflex.pt\/blog\/"]}]},{"@type":"BreadcrumbList","@id":"https:\/\/barboflex.pt\/blog\/#breadcrumb","itemListElement":[{"@type":"ListItem","position":1,"name":"In\u00edcio","item":"https:\/\/barboflex.pt\/fr\/"},{"@type":"ListItem","position":2,"name":"Blog"}]},{"@type":"WebSite","@id":"https:\/\/barboflex.pt\/#website","url":"https:\/\/barboflex.pt\/","name":"Barboflex","description":"20 anos de experi\u00eancia em Hidr\u00e1ulica e Pneum\u00e1tica. Refer\u00eancia no mercado Nacional e Internacional na produ\u00e7\u00e3o e distribui\u00e7\u00e3o de mangueiras hidr\u00e1ulicas, componentes e acess\u00f3rios para a ind\u00fastria.","publisher":{"@id":"https:\/\/barboflex.pt\/#organization"},"alternateName":"Barboflex Flexible Solutions","potentialAction":[{"@type":"SearchAction","target":{"@type":"EntryPoint","urlTemplate":"https:\/\/barboflex.pt\/?s={search_term_string}"},"query-input":"required name=search_term_string"}],"inLanguage":"fr-FR"},{"@type":"Organization","@id":"https:\/\/barboflex.pt\/#organization","name":"Barboflex S.A.","alternateName":"Barboflex","url":"https:\/\/barboflex.pt\/","logo":{"@type":"ImageObject","inLanguage":"fr-FR","@id":"https:\/\/barboflex.pt\/#\/schema\/logo\/image\/","url":"https:\/\/barboflex.pt\/wp-content\/uploads\/2023\/05\/logo-2.svg","contentUrl":"https:\/\/barboflex.pt\/wp-content\/uploads\/2023\/05\/logo-2.svg","width":1,"height":1,"caption":"Barboflex S.A."},"image":{"@id":"https:\/\/barboflex.pt\/#\/schema\/logo\/image\/"},"sameAs":["https:\/\/www.facebook.com\/barboflex.pt","https:\/\/www.instagram.com\/barboflex","https:\/\/www.youtube.com\/@BarboflexSA","https:\/\/www.linkedin.com\/company\/barboflex\/"]}]}},"jetpack_sharing_enabled":true,"_links":{"self":[{"href":"https:\/\/barboflex.pt\/fr\/wp-json\/wp\/v2\/pages\/114786","targetHints":{"allow":["GET"]}}],"collection":[{"href":"https:\/\/barboflex.pt\/fr\/wp-json\/wp\/v2\/pages"}],"about":[{"href":"https:\/\/barboflex.pt\/fr\/wp-json\/wp\/v2\/types\/page"}],"author":[{"embeddable":true,"href":"https:\/\/barboflex.pt\/fr\/wp-json\/wp\/v2\/users\/1"}],"replies":[{"embeddable":true,"href":"https:\/\/barboflex.pt\/fr\/wp-json\/wp\/v2\/comments?post=114786"}],"version-history":[{"count":0,"href":"https:\/\/barboflex.pt\/fr\/wp-json\/wp\/v2\/pages\/114786\/revisions"}],"wp:attachment":[{"href":"https:\/\/barboflex.pt\/fr\/wp-json\/wp\/v2\/media?parent=114786"}],"curies":[{"name":"wp","href":"https:\/\/api.w.org\/{rel}","templated":true}]}}