{"id":146377,"date":"2023-09-27T16:14:20","date_gmt":"2023-09-27T16:14:20","guid":{"rendered":"https:\/\/barboflex.pt\/?page_id=146377"},"modified":"2024-02-09T15:54:17","modified_gmt":"2024-02-09T15:54:17","slug":"wishlist","status":"publish","type":"page","link":"https:\/\/barboflex.pt\/es\/wishlist\/","title":{"rendered":"Wishlist"},"content":{"rendered":"\n\n\n<div class=\"container mt-adapt-8 mb-adapt-6\">\n  <div class=\"row no-gutters row-parent mb-adapt-4 justify-content-center\">\n    <div class=\"vc_column column_parent style-light text-left col-md-1\">\n    <\/div>\n    <div class=\"vc_column column_parent style-light d-flex align-items-center d-flex justify-content-center text-left col-md-4\">\n      <div class=\"d-block w-100\">\n        <div class=\"heading-element\">\n\n          <h1 class=\"h1 font-weight-bold\"><span>La lista de deseos est\u00e1 vac\u00eda<\/span><\/h1>\n        <\/div>\n        <a href=\"https:\/\/barboflex.pt\/es\/\" class=\" button-big d-table btn-right-icon mt-adapt-3\" title=\"FRONTSHOP\">\n          <span> IR A LA TIENDA            <i class=\"icon-chevron_right\"><\/i>\n          <\/span>\n        <\/a>\n      <\/div>\n    <\/div>\n    <div class=\"vc_column column_parent style-light text-left col-md-5\">\n      <div class=\"d-block w-100\">\n        <figure class=\"single-media\" style=\"max-width: 100%;\">\n          <img decoding=\"async\" data-src=\"https:\/\/barboflex.pt\/wp-content\/themes\/miew-child\/img\/shop\/empty-wishlist.svg\"\" src=\" https:\/\/barboflex.pt\/wp-content\/themes\/miew-child\/img\/shop\/empty-wishlist.svg\" alt=\"\" data-loaded=\"true\">\n        <\/figure>\n      <\/div>\n    <\/div>\n    <div class=\"vc_column column_parent style-light text-left col-md-2\">\n    <\/div>\n  <\/div>\n<\/div>\n\n<!-- best sellers -->\n<div class=\"container\">\n  <div class=\"row pt-adapt-5 row-parent\">\n    <div class=\"vc_column column_parent style-light text-left col-md-9 col-6\">\n\n      <div class=\"d-block w-100\">\n        <div class=\"heading-element\">\n          <h4 class=\"h4\">\n            <span>Mais Vendidos<\/span>\n          <\/h4>\n        <\/div>\n      <\/div>\n    <\/div>\n    <div class=\"vc_column column_parent style-light d-flex align-items-center d-flex justify-content-end text-right col-md-3 col-6\">\n\n      <div class=\"d-block w-100\">\n        <a href=\"https:\/\/barboflex.pt\/es\/tienda\/\" class=\" button d-inline-block btn-right-icon text-right\" title=\"Shop\"><span>Ver todos<i class=\"icon-arrow_forward\"><\/i><\/span><\/a>\n      <\/div>\n    <\/div>\n  <\/div>\n<\/div>\n\n<div class=\"container\">\n  <div class=\"row pt-adapt-3 pb-adapt-3 row-parent\">\n    <div class=\"vc_column column_parent style-light text-left col-md-12\">\n      <div class=\"d-block w-100\">\n        <div class=\"divider-wrapper mb-adapt-3\">\n          <hr style=\"width: 100%;border-top-width: 1px;border-color: #f5f5f5;\">\n        <\/div>\n        <div class=\"woocommerce columns-4 \"><div class=\"products products-grid posts_grid\">\n\n\n<div class=\"product-divs product type-product post-239397 status-publish first instock product_cat-hidraulica-hidraulica-vedantes-vedantes-dowty-es has-post-thumbnail taxable shipping-taxable purchasable product-type-variable has-default-attributes woo-variation-gallery-product\">\n  <figure class=\"border_por_baixo\">\n    <picture><div class=\"aspectRatioPlaceholder\" style=\"margin:auto; \"><div class=\"fill\" style=\"padding-bottom: 80.30303030303%\"><\/div><\/div><span role=\"img\" aria-label=\"\" class=\"has_bg\" data-background-image=\"https:\/\/barboflex.pt\/wp-content\/uploads\/2023\/12\/Ly9JbWdzX0FydGlnb3MvNzIwNzAwLmpwZw.jpg\"><\/span><\/picture>    <figcaption class=\"d-flex flex-column\">\n      <a href=\"https:\/\/barboflex.pt\/es\/producto\/bsp-junta-metal\/\" class=\"woocommerce-LoopProduct-link woocommerce-loop-product__link\">\n      <div class=\"content-product-item\">\n        <span class=\"content-product-item__name\"><h3 class=\"texts font-weight-bold\" style=\"height:56px\">BSP<\/h3><\/span>\n\t\t        <span class=\"button-big btn-right-icon alpha-anim d-flex align-items-center justify-content-center\">VER PRODUCTO <i class=\"icon-cart\"><\/i><\/span>\n      <\/div>\n\n      <\/a><a href=\"https:\/\/barboflex.pt\/es\/producto\/bsp-junta-metal\/\" aria-describedby=\"woocommerce_loop_add_to_cart_link_describedby_239397\" data-quantity=\"1\" class=\"button product_type_variable add_to_cart_button\" data-product_id=\"239397\" data-product_sku=\"\" aria-label=\"Elige las opciones para &ldquo;BSP&rdquo;\" rel=\"nofollow\">Seleccionar opciones<\/a>\t<span id=\"woocommerce_loop_add_to_cart_link_describedby_239397\" class=\"screen-reader-text\">\n\t\tEste producto tiene m\u00faltiples variantes. Las opciones se pueden elegir en la p\u00e1gina de producto\t<\/span>\n    <\/figcaption>\n    <a class=\"linker\" href=\"https:\/\/barboflex.pt\/es\/producto\/bsp-junta-metal\/\" data-remote=\"true\"><\/a>\n  <\/figure>\n<\/div>\n\n<div class=\"product-divs product type-product post-163017 status-publish instock product_cat-hidraulica-hidraulica-lubrificacao-copos-de-lubrificacao-es has-post-thumbnail taxable shipping-taxable purchasable product-type-variable has-default-attributes woo-variation-gallery-product\">\n  <figure class=\"border_por_baixo\">\n    <picture><div class=\"aspectRatioPlaceholder\" style=\"margin:auto; \"><div class=\"fill\" style=\"padding-bottom: 80.30303030303%\"><\/div><\/div><span role=\"img\" aria-label=\"\" class=\"has_bg\" data-background-image=\"https:\/\/barboflex.pt\/wp-content\/uploads\/2023\/12\/Ly9JbWdzX0FydGlnb3MvNzgxMDAwLjkwMDEuanBn.jpg\"><\/span><\/picture>    <figcaption class=\"d-flex flex-column\">\n      <a href=\"https:\/\/barboflex.pt\/es\/producto\/boquillas-grasa-recto-boquillas-grasa\/\" class=\"woocommerce-LoopProduct-link woocommerce-loop-product__link\">\n      <div class=\"content-product-item\">\n        <span class=\"content-product-item__name\"><h3 class=\"texts font-weight-bold\" style=\"height:56px\">BOQUILLAS GRASA RECTO<\/h3><\/span>\n\t\t        <span class=\"button-big btn-right-icon alpha-anim d-flex align-items-center justify-content-center\">VER PRODUCTO <i class=\"icon-cart\"><\/i><\/span>\n      <\/div>\n\n      <\/a><a href=\"https:\/\/barboflex.pt\/es\/producto\/boquillas-grasa-recto-boquillas-grasa\/\" aria-describedby=\"woocommerce_loop_add_to_cart_link_describedby_163017\" data-quantity=\"1\" class=\"button product_type_variable add_to_cart_button\" data-product_id=\"163017\" data-product_sku=\"\" aria-label=\"Elige las opciones para &ldquo;BOQUILLAS GRASA RECTO&rdquo;\" rel=\"nofollow\">Seleccionar opciones<\/a>\t<span id=\"woocommerce_loop_add_to_cart_link_describedby_163017\" class=\"screen-reader-text\">\n\t\tEste producto tiene m\u00faltiples variantes. Las opciones se pueden elegir en la p\u00e1gina de producto\t<\/span>\n    <\/figcaption>\n    <a class=\"linker\" href=\"https:\/\/barboflex.pt\/es\/producto\/boquillas-grasa-recto-boquillas-grasa\/\" data-remote=\"true\"><\/a>\n  <\/figure>\n<\/div>\n\n<div class=\"product-divs product type-product post-202722 status-publish instock product_cat-pneumatica-pneumatica-acessorios-reforco-para-tubo-es has-post-thumbnail taxable shipping-taxable purchasable product-type-variable has-default-attributes woo-variation-gallery-product\">\n  <figure class=\"border_por_baixo\">\n    <picture><div class=\"aspectRatioPlaceholder\" style=\"margin:auto; \"><div class=\"fill\" style=\"padding-bottom: 80.30303030303%\"><\/div><\/div><span role=\"img\" aria-label=\"\" class=\"has_bg\" data-background-image=\"https:\/\/barboflex.pt\/wp-content\/uploads\/2023\/12\/Ly9JbWdzX0FydGlnb3MvNDI3MDI2LmpwZw.jpg\"><\/span><\/picture>    <figcaption class=\"d-flex flex-column\">\n      <a href=\"https:\/\/barboflex.pt\/es\/producto\/metrico-renfort-interieur\/\" class=\"woocommerce-LoopProduct-link woocommerce-loop-product__link\">\n      <div class=\"content-product-item\">\n        <span class=\"content-product-item__name\"><h3 class=\"texts font-weight-bold\" style=\"height:56px\">M\u00c9TRICO<\/h3><\/span>\n\t\t        <span class=\"button-big btn-right-icon alpha-anim d-flex align-items-center justify-content-center\">VER PRODUCTO <i class=\"icon-cart\"><\/i><\/span>\n      <\/div>\n\n      <\/a><a href=\"https:\/\/barboflex.pt\/es\/producto\/metrico-renfort-interieur\/\" aria-describedby=\"woocommerce_loop_add_to_cart_link_describedby_202722\" data-quantity=\"1\" class=\"button product_type_variable add_to_cart_button\" data-product_id=\"202722\" data-product_sku=\"\" aria-label=\"Elige las opciones para &ldquo;M\u00c9TRICO&rdquo;\" rel=\"nofollow\">Seleccionar opciones<\/a>\t<span id=\"woocommerce_loop_add_to_cart_link_describedby_202722\" class=\"screen-reader-text\">\n\t\tEste producto tiene m\u00faltiples variantes. Las opciones se pueden elegir en la p\u00e1gina de producto\t<\/span>\n    <\/figcaption>\n    <a class=\"linker\" href=\"https:\/\/barboflex.pt\/es\/producto\/metrico-renfort-interieur\/\" data-remote=\"true\"><\/a>\n  <\/figure>\n<\/div>\n\n<div class=\"product-divs product type-product post-150458 status-publish last instock product_cat-hidraulica-hidraulica-terminais-prensar-manguito-es has-post-thumbnail taxable shipping-taxable purchasable product-type-variable has-default-attributes woo-variation-gallery-product\">\n  <figure class=\"border_por_baixo\">\n    <picture><div class=\"aspectRatioPlaceholder\" style=\"margin:auto; \"><div class=\"fill\" style=\"padding-bottom: 80.30303030303%\"><\/div><\/div><span role=\"img\" aria-label=\"\" class=\"has_bg\" data-background-image=\"https:\/\/barboflex.pt\/wp-content\/uploads\/2023\/12\/Ly9JbWdzX0FydGlnb3MvMTIxMzAwLmpwZw.jpg\"><\/span><\/picture>    <figcaption class=\"d-flex flex-column\">\n      <a href=\"https:\/\/barboflex.pt\/es\/producto\/casquillo-r1t-r2t-casquillo\/\" class=\"woocommerce-LoopProduct-link woocommerce-loop-product__link\">\n      <div class=\"content-product-item\">\n        <span class=\"content-product-item__name\"><h3 class=\"texts font-weight-bold\" style=\"height:56px\">CASQUILLO R1T-R2T<\/h3><\/span>\n\t\t        <span class=\"button-big btn-right-icon alpha-anim d-flex align-items-center justify-content-center\">VER PRODUCTO <i class=\"icon-cart\"><\/i><\/span>\n      <\/div>\n\n      <\/a><a href=\"https:\/\/barboflex.pt\/es\/producto\/casquillo-r1t-r2t-casquillo\/\" aria-describedby=\"woocommerce_loop_add_to_cart_link_describedby_150458\" data-quantity=\"1\" class=\"button product_type_variable add_to_cart_button\" data-product_id=\"150458\" data-product_sku=\"\" aria-label=\"Elige las opciones para &ldquo;CASQUILLO R1T-R2T&rdquo;\" rel=\"nofollow\">Seleccionar opciones<\/a>\t<span id=\"woocommerce_loop_add_to_cart_link_describedby_150458\" class=\"screen-reader-text\">\n\t\tEste producto tiene m\u00faltiples variantes. Las opciones se pueden elegir en la p\u00e1gina de producto\t<\/span>\n    <\/figcaption>\n    <a class=\"linker\" href=\"https:\/\/barboflex.pt\/es\/producto\/casquillo-r1t-r2t-casquillo\/\" data-remote=\"true\"><\/a>\n  <\/figure>\n<\/div>\n\n<div class=\"product-divs product type-product post-150506 status-publish first instock product_cat-hidraulica-hidraulica-terminais-prensar-manguito-es has-post-thumbnail taxable shipping-taxable purchasable product-type-variable has-default-attributes woo-variation-gallery-product\">\n  <figure class=\"border_por_baixo\">\n    <picture><div class=\"aspectRatioPlaceholder\" style=\"margin:auto; \"><div class=\"fill\" style=\"padding-bottom: 80.30303030303%\"><\/div><\/div><span role=\"img\" aria-label=\"\" class=\"has_bg\" data-background-image=\"https:\/\/barboflex.pt\/wp-content\/uploads\/2023\/12\/Ly9JbWdzX0FydGlnb3MvMTIxMzAwLmpwZw.jpg\"><\/span><\/picture>    <figcaption class=\"d-flex flex-column\">\n      <a href=\"https:\/\/barboflex.pt\/es\/producto\/casquilho-1sc-1sn-2sc-casquillo\/\" class=\"woocommerce-LoopProduct-link woocommerce-loop-product__link\">\n      <div class=\"content-product-item\">\n        <span class=\"content-product-item__name\"><h3 class=\"texts font-weight-bold\" style=\"height:56px\">CASQUILHO 1SC-1SN-2SC<\/h3><\/span>\n\t\t        <span class=\"button-big btn-right-icon alpha-anim d-flex align-items-center justify-content-center\">VER PRODUCTO <i class=\"icon-cart\"><\/i><\/span>\n      <\/div>\n\n      <\/a><a href=\"https:\/\/barboflex.pt\/es\/producto\/casquilho-1sc-1sn-2sc-casquillo\/\" aria-describedby=\"woocommerce_loop_add_to_cart_link_describedby_150506\" data-quantity=\"1\" class=\"button product_type_variable add_to_cart_button\" data-product_id=\"150506\" data-product_sku=\"\" aria-label=\"Elige las opciones para &ldquo;CASQUILHO 1SC-1SN-2SC&rdquo;\" rel=\"nofollow\">Seleccionar opciones<\/a>\t<span id=\"woocommerce_loop_add_to_cart_link_describedby_150506\" class=\"screen-reader-text\">\n\t\tEste producto tiene m\u00faltiples variantes. Las opciones se pueden elegir en la p\u00e1gina de producto\t<\/span>\n    <\/figcaption>\n    <a class=\"linker\" href=\"https:\/\/barboflex.pt\/es\/producto\/casquilho-1sc-1sn-2sc-casquillo\/\" data-remote=\"true\"><\/a>\n  <\/figure>\n<\/div>\n\n<div class=\"product-divs product type-product post-146618 status-publish instock product_cat-hidraulica-hidraulica-mangueiras-2-trancas-aco-es has-post-thumbnail taxable shipping-taxable purchasable product-type-variable has-default-attributes woo-variation-gallery-product\">\n  <figure class=\"border_por_baixo\">\n    <picture><div class=\"aspectRatioPlaceholder\" style=\"margin:auto; \"><div class=\"fill\" style=\"padding-bottom: 80.30303030303%\"><\/div><\/div><span role=\"img\" aria-label=\"\" class=\"has_bg\" data-background-image=\"https:\/\/barboflex.pt\/wp-content\/uploads\/2023\/12\/Ly9JbWdzX0FydGlnb3MvMTAxMDYwLmpwZw.jpg\"><\/span><\/picture>    <figcaption class=\"d-flex flex-column\">\n      <a href=\"https:\/\/barboflex.pt\/es\/producto\/sae-en-853-r2at-2sn-2-malla-de-acero\/\" class=\"woocommerce-LoopProduct-link woocommerce-loop-product__link\">\n      <div class=\"content-product-item\">\n        <span class=\"content-product-item__name\"><h3 class=\"texts font-weight-bold\" style=\"height:56px\">SAE EN 853 R2AT 2SN<\/h3><\/span>\n\t\t        <span class=\"button-big btn-right-icon alpha-anim d-flex align-items-center justify-content-center\">VER PRODUCTO <i class=\"icon-cart\"><\/i><\/span>\n      <\/div>\n\n      <\/a><a href=\"https:\/\/barboflex.pt\/es\/producto\/sae-en-853-r2at-2sn-2-malla-de-acero\/\" aria-describedby=\"woocommerce_loop_add_to_cart_link_describedby_146618\" data-quantity=\"1\" class=\"button product_type_variable add_to_cart_button\" data-product_id=\"146618\" data-product_sku=\"\" aria-label=\"Elige las opciones para &ldquo;SAE EN 853 R2AT 2SN&rdquo;\" rel=\"nofollow\">Seleccionar opciones<\/a>\t<span id=\"woocommerce_loop_add_to_cart_link_describedby_146618\" class=\"screen-reader-text\">\n\t\tEste producto tiene m\u00faltiples variantes. Las opciones se pueden elegir en la p\u00e1gina de producto\t<\/span>\n    <\/figcaption>\n    <a class=\"linker\" href=\"https:\/\/barboflex.pt\/es\/producto\/sae-en-853-r2at-2sn-2-malla-de-acero\/\" data-remote=\"true\"><\/a>\n  <\/figure>\n<\/div><\/div>\n<\/div>      <\/div>\n    <\/div>\n  <\/div>\n<\/div>\n","protected":false},"excerpt":{"rendered":"La lista de deseos est\u00e1 vac\u00eda IR A LA TIENDA","protected":false},"author":851,"featured_media":0,"parent":0,"menu_order":0,"comment_status":"closed","ping_status":"closed","template":"","meta":{"_acf_changed":false,"content-type":"","footnotes":""},"class_list":["post-146377","page","type-page","status-publish","hentry"],"acf":[],"yoast_head":"<!-- This site is optimized with the Yoast SEO plugin v22.4 - https:\/\/yoast.com\/wordpress\/plugins\/seo\/ -->\n<title>Wishlist - Barboflex<\/title>\n<meta name=\"robots\" content=\"index, follow, max-snippet:-1, max-image-preview:large, max-video-preview:-1\" \/>\n<link rel=\"canonical\" href=\"https:\/\/barboflex.pt\/wishlist\/\" \/>\n<meta property=\"og:locale\" content=\"es_ES\" \/>\n<meta property=\"og:type\" content=\"article\" \/>\n<meta property=\"og:title\" content=\"Wishlist - Barboflex\" \/>\n<meta property=\"og:url\" content=\"https:\/\/barboflex.pt\/wishlist\/\" \/>\n<meta property=\"og:site_name\" content=\"Barboflex\" \/>\n<meta property=\"article:publisher\" content=\"https:\/\/www.facebook.com\/barboflex.pt\" \/>\n<meta property=\"article:modified_time\" content=\"2024-02-09T15:54:17+00:00\" \/>\n<meta property=\"og:image\" content=\"https:\/\/barboflex.pt\/wp-content\/uploads\/2024\/09\/Metadescription_Prancheta-1-scaled.jpg\" \/>\n\t<meta property=\"og:image:width\" content=\"2560\" \/>\n\t<meta property=\"og:image:height\" content=\"1440\" \/>\n\t<meta property=\"og:image:type\" content=\"image\/jpeg\" \/>\n<meta name=\"twitter:card\" content=\"summary_large_image\" \/>\n<script type=\"application\/ld+json\" class=\"yoast-schema-graph\">{\"@context\":\"https:\/\/schema.org\",\"@graph\":[{\"@type\":\"WebPage\",\"@id\":\"https:\/\/barboflex.pt\/wishlist\/\",\"url\":\"https:\/\/barboflex.pt\/wishlist\/\",\"name\":\"Wishlist - Barboflex\",\"isPartOf\":{\"@id\":\"https:\/\/barboflex.pt\/#website\"},\"datePublished\":\"2023-09-27T16:14:20+00:00\",\"dateModified\":\"2024-02-09T15:54:17+00:00\",\"breadcrumb\":{\"@id\":\"https:\/\/barboflex.pt\/wishlist\/#breadcrumb\"},\"inLanguage\":\"es\",\"potentialAction\":[{\"@type\":\"ReadAction\",\"target\":[\"https:\/\/barboflex.pt\/wishlist\/\"]}]},{\"@type\":\"BreadcrumbList\",\"@id\":\"https:\/\/barboflex.pt\/wishlist\/#breadcrumb\",\"itemListElement\":[{\"@type\":\"ListItem\",\"position\":1,\"name\":\"In\u00edcio\",\"item\":\"https:\/\/barboflex.pt\/es\/\"},{\"@type\":\"ListItem\",\"position\":2,\"name\":\"Wishlist\"}]},{\"@type\":\"WebSite\",\"@id\":\"https:\/\/barboflex.pt\/#website\",\"url\":\"https:\/\/barboflex.pt\/\",\"name\":\"Barboflex\",\"description\":\"20 anos de experi\u00eancia em Hidr\u00e1ulica e Pneum\u00e1tica. Refer\u00eancia no mercado Nacional e Internacional na produ\u00e7\u00e3o e distribui\u00e7\u00e3o de mangueiras hidr\u00e1ulicas, componentes e acess\u00f3rios para a ind\u00fastria.\",\"publisher\":{\"@id\":\"https:\/\/barboflex.pt\/#organization\"},\"alternateName\":\"Barboflex Flexible Solutions\",\"potentialAction\":[{\"@type\":\"SearchAction\",\"target\":{\"@type\":\"EntryPoint\",\"urlTemplate\":\"https:\/\/barboflex.pt\/?s={search_term_string}\"},\"query-input\":\"required name=search_term_string\"}],\"inLanguage\":\"es\"},{\"@type\":\"Organization\",\"@id\":\"https:\/\/barboflex.pt\/#organization\",\"name\":\"Barboflex S.A.\",\"alternateName\":\"Barboflex\",\"url\":\"https:\/\/barboflex.pt\/\",\"logo\":{\"@type\":\"ImageObject\",\"inLanguage\":\"es\",\"@id\":\"https:\/\/barboflex.pt\/#\/schema\/logo\/image\/\",\"url\":\"https:\/\/barboflex.pt\/wp-content\/uploads\/2023\/05\/logo-2.svg\",\"contentUrl\":\"https:\/\/barboflex.pt\/wp-content\/uploads\/2023\/05\/logo-2.svg\",\"width\":1,\"height\":1,\"caption\":\"Barboflex S.A.\"},\"image\":{\"@id\":\"https:\/\/barboflex.pt\/#\/schema\/logo\/image\/\"},\"sameAs\":[\"https:\/\/www.facebook.com\/barboflex.pt\",\"https:\/\/www.instagram.com\/barboflex\",\"https:\/\/www.youtube.com\/@BarboflexSA\",\"https:\/\/www.linkedin.com\/company\/barboflex\/\"]}]}<\/script>\n<!-- \/ Yoast SEO plugin. -->","yoast_head_json":{"title":"Wishlist - Barboflex","robots":{"index":"index","follow":"follow","max-snippet":"max-snippet:-1","max-image-preview":"max-image-preview:large","max-video-preview":"max-video-preview:-1"},"canonical":"https:\/\/barboflex.pt\/wishlist\/","og_locale":"es_ES","og_type":"article","og_title":"Wishlist - Barboflex","og_url":"https:\/\/barboflex.pt\/wishlist\/","og_site_name":"Barboflex","article_publisher":"https:\/\/www.facebook.com\/barboflex.pt","article_modified_time":"2024-02-09T15:54:17+00:00","og_image":[{"width":2560,"height":1440,"url":"https:\/\/barboflex.pt\/wp-content\/uploads\/2024\/09\/Metadescription_Prancheta-1-scaled.jpg","type":"image\/jpeg"}],"twitter_card":"summary_large_image","schema":{"@context":"https:\/\/schema.org","@graph":[{"@type":"WebPage","@id":"https:\/\/barboflex.pt\/wishlist\/","url":"https:\/\/barboflex.pt\/wishlist\/","name":"Wishlist - Barboflex","isPartOf":{"@id":"https:\/\/barboflex.pt\/#website"},"datePublished":"2023-09-27T16:14:20+00:00","dateModified":"2024-02-09T15:54:17+00:00","breadcrumb":{"@id":"https:\/\/barboflex.pt\/wishlist\/#breadcrumb"},"inLanguage":"es","potentialAction":[{"@type":"ReadAction","target":["https:\/\/barboflex.pt\/wishlist\/"]}]},{"@type":"BreadcrumbList","@id":"https:\/\/barboflex.pt\/wishlist\/#breadcrumb","itemListElement":[{"@type":"ListItem","position":1,"name":"In\u00edcio","item":"https:\/\/barboflex.pt\/es\/"},{"@type":"ListItem","position":2,"name":"Wishlist"}]},{"@type":"WebSite","@id":"https:\/\/barboflex.pt\/#website","url":"https:\/\/barboflex.pt\/","name":"Barboflex","description":"20 anos de experi\u00eancia em Hidr\u00e1ulica e Pneum\u00e1tica. Refer\u00eancia no mercado Nacional e Internacional na produ\u00e7\u00e3o e distribui\u00e7\u00e3o de mangueiras hidr\u00e1ulicas, componentes e acess\u00f3rios para a ind\u00fastria.","publisher":{"@id":"https:\/\/barboflex.pt\/#organization"},"alternateName":"Barboflex Flexible Solutions","potentialAction":[{"@type":"SearchAction","target":{"@type":"EntryPoint","urlTemplate":"https:\/\/barboflex.pt\/?s={search_term_string}"},"query-input":"required name=search_term_string"}],"inLanguage":"es"},{"@type":"Organization","@id":"https:\/\/barboflex.pt\/#organization","name":"Barboflex S.A.","alternateName":"Barboflex","url":"https:\/\/barboflex.pt\/","logo":{"@type":"ImageObject","inLanguage":"es","@id":"https:\/\/barboflex.pt\/#\/schema\/logo\/image\/","url":"https:\/\/barboflex.pt\/wp-content\/uploads\/2023\/05\/logo-2.svg","contentUrl":"https:\/\/barboflex.pt\/wp-content\/uploads\/2023\/05\/logo-2.svg","width":1,"height":1,"caption":"Barboflex S.A."},"image":{"@id":"https:\/\/barboflex.pt\/#\/schema\/logo\/image\/"},"sameAs":["https:\/\/www.facebook.com\/barboflex.pt","https:\/\/www.instagram.com\/barboflex","https:\/\/www.youtube.com\/@BarboflexSA","https:\/\/www.linkedin.com\/company\/barboflex\/"]}]}},"jetpack_sharing_enabled":true,"_links":{"self":[{"href":"https:\/\/barboflex.pt\/es\/wp-json\/wp\/v2\/pages\/146377","targetHints":{"allow":["GET"]}}],"collection":[{"href":"https:\/\/barboflex.pt\/es\/wp-json\/wp\/v2\/pages"}],"about":[{"href":"https:\/\/barboflex.pt\/es\/wp-json\/wp\/v2\/types\/page"}],"author":[{"embeddable":true,"href":"https:\/\/barboflex.pt\/es\/wp-json\/wp\/v2\/users\/851"}],"replies":[{"embeddable":true,"href":"https:\/\/barboflex.pt\/es\/wp-json\/wp\/v2\/comments?post=146377"}],"version-history":[{"count":0,"href":"https:\/\/barboflex.pt\/es\/wp-json\/wp\/v2\/pages\/146377\/revisions"}],"wp:attachment":[{"href":"https:\/\/barboflex.pt\/es\/wp-json\/wp\/v2\/media?parent=146377"}],"curies":[{"name":"wp","href":"https:\/\/api.w.org\/{rel}","templated":true}]}}