{"id":111731,"date":"2023-10-04T12:15:07","date_gmt":"2023-10-04T12:15:07","guid":{"rendered":"https:\/\/barboflex.pt\/?page_id=111731"},"modified":"2024-01-08T13:58:49","modified_gmt":"2024-01-08T13:58:49","slug":"politica-de-cookies","status":"publish","type":"page","link":"https:\/\/barboflex.pt\/es\/politica-de-cookies\/","title":{"rendered":"Pol\u00edtica de cookies"},"content":{"rendered":"<div class=\"wpb-content-wrapper\"><p>[vc_row unlock_row_content=\u00bb\u00bb row_height_percent=\u00bb0&#8243; override_padding=\u00bbyes\u00bb h_padding=\u00bb0&#8243; top_padding=\u00bb3&#8243; bottom_padding=\u00bb2&#8243; shift_y=\u00bb0&#8243; z_index=\u00bb0&#8243;][vc_column position_horizontal=\u00bb\u00bb align_horizontal=\u00bbtext-lg-center\u00bb mobile_width=\u00bb0&#8243; shift_x=\u00bb0&#8243; shift_y=\u00bb0&#8243; z_index=\u00bb0&#8243; medium_width=\u00bb0&#8243; width=\u00bb1\/1&#8243;][vc_custom_heading auto_text=\u00bbyes\u00bb heading_semantic=\u00bbh1&#8243; text_weight=\u00bbfont-weight-light\u00bb el_class=\u00bbalternative-font\u00bb][\/vc_custom_heading][\/vc_column][\/vc_row][vc_row row_height_percent=\u00bb0&#8243; override_padding=\u00bbyes\u00bb h_padding=\u00bb0&#8243; top_padding=\u00bb1&#8243; bottom_padding=\u00bb3&#8243; shift_y=\u00bb0&#8243; z_index=\u00bb0&#8243; el_class=\u00bbmb-adapt-6&#8243;][vc_column position_horizontal=\u00bb\u00bb mobile_visibility=\u00bbyes\u00bb mobile_width=\u00bb0&#8243; shift_x=\u00bb0&#8243; shift_y=\u00bb0&#8243; z_index=\u00bb0&#8243; medium_visibility=\u00bbyes\u00bb medium_width=\u00bb0&#8243; width=\u00bb1\/6&#8243;][\/vc_column][vc_column width=\u00bb2\/3&#8243;][vc_custom_heading text_size=\u00bbh6&#8243;]<strong>\u00bfQu\u00e9 tipo de cookies utiliza Barboflex?<\/strong>[\/vc_custom_heading][vc_column_text]<\/p>\n<ul>\n<li><span style=\"text-decoration: underline;\">Cookies de sesi\u00f3n:<\/span> Son cookies temporales que permanecen en el archivo de cookies del navegador durante la navegaci\u00f3n y no quedan registradas en el disco duro del usuario. La finalidad de la informaci\u00f3n recogida mediante estas cookies es analizar pautas de tr\u00e1fico en la web. En definitiva, nos permite mejorar el servicio prestado a trav\u00e9s del contenido y la usabilidad de la web.<\/li>\n<li><span style=\"text-decoration: underline;\">Cookies de an\u00e1lisis:<\/span> Son aqu\u00e9llas que bien tratadas por nosotros o por terceros, nos permiten cuantificar el n\u00famero de usuarios y as\u00ed realizar la medici\u00f3n y an\u00e1lisis estad\u00edstico de la utilizaci\u00f3n que hacen los usuarios del servicio ofertado por Barboflex. Para ello se analiza su navegaci\u00f3n en nuestra p\u00e1gina web con el fin de mejorar la oferta de productos o servicios que le ofrecemos.<\/li>\n<li><span style=\"text-decoration: underline;\">Cookies publicitarias:<\/span> Son aqu\u00e9llas que bien tratadas por nosotros o por terceros, nos permiten gestionar de la forma m\u00e1s eficaz posible la informaci\u00f3n contenida en los espacios publicitarios que hay en la p\u00e1gina web, pudiendo analizar sus h\u00e1bitos de navegaci\u00f3n y mostrarle publicidad relacionada con su perfil de navegaci\u00f3n.<\/li>\n<\/ul>\n<p>[\/vc_column_text][vc_empty_space empty_h=\u00bb3&#8243;][vc_custom_heading text_size=\u00bbh6&#8243;]<strong>\u00bfQu\u00e9 significa no autorizar el uso de cookies?<\/strong>[\/vc_custom_heading][vc_column_text]<\/p>\n<ul>\n<li>Si prefiere no permitir las cookies, tiene la opci\u00f3n de desactivarlas en el navegador de internet que utilice, pero debe tener en cuenta que esta decisi\u00f3n puede impedir la correcta visualizaci\u00f3n de algunas p\u00e1ginas web.<\/li>\n<\/ul>\n<p>[\/vc_column_text][vc_empty_space empty_h=\u00bb3&#8243;][vc_custom_heading text_size=\u00bbh6&#8243;]<strong>\u00bfC\u00f3mo puedo gestionar las cookies?<\/strong>[\/vc_custom_heading][vc_column_text]<\/p>\n<ul>\n<li>Todos los navegadores permiten al usuario aceptar, rechazar o eliminar las cookies seleccionando la configuraci\u00f3n avanzada del navegador. Puede configurar las cookies en el men\u00fa \u00abopciones\u00bb o \u00abpreferencias\u00bb. Tenga en cuenta, no obstante, que esta decisi\u00f3n puede impedir la correcta visualizaci\u00f3n de algunas p\u00e1ginas y afectar parcial o totalmente a su experiencia de uso del sitio web.<\/li>\n<\/ul>\n<p>[\/vc_column_text][\/vc_column][vc_column position_horizontal=\u00bb\u00bb mobile_visibility=\u00bbyes\u00bb mobile_width=\u00bb0&#8243; shift_x=\u00bb0&#8243; shift_y=\u00bb0&#8243; z_index=\u00bb0&#8243; medium_visibility=\u00bbyes\u00bb medium_width=\u00bb0&#8243; width=\u00bb1\/6&#8243;][\/vc_column][\/vc_row][vc_row][vc_column width=\u00bb1\/1&#8243;][miew_block id=\u00bb1326&#8243;][\/vc_column][\/vc_row]<\/p>\n<\/div>","protected":false},"excerpt":{"rendered":"<p>[vc_row unlock_row_content=\u00bb\u00bb row_height_percent=\u00bb0&#8243; override_padding=\u00bbyes\u00bb h_padding=\u00bb0&#8243; top_padding=\u00bb3&#8243; bottom_padding=\u00bb2&#8243; shift_y=\u00bb0&#8243; z_index=\u00bb0&#8243;][vc_column position_horizontal=\u00bb\u00bb align_horizontal=\u00bbtext-lg-center\u00bb mobile_width=\u00bb0&#8243; shift_x=\u00bb0&#8243; shift_y=\u00bb0&#8243; z_index=\u00bb0&#8243; medium_width=\u00bb0&#8243; width=\u00bb1\/1&#8243;][vc_custom_heading auto_text=\u00bbyes\u00bb heading_semantic=\u00bbh1&#8243; text_weight=\u00bbfont-weight-light\u00bb el_class=\u00bbalternative-font\u00bb][\/vc_custom_heading][\/vc_column][\/vc_row][vc_row row_height_percent=\u00bb0&#8243; override_padding=\u00bbyes\u00bb h_padding=\u00bb0&#8243; top_padding=\u00bb1&#8243; bottom_padding=\u00bb3&#8243; shift_y=\u00bb0&#8243; z_index=\u00bb0&#8243; el_class=\u00bbmb-adapt-6&#8243;][vc_column position_horizontal=\u00bb\u00bb mobile_visibility=\u00bbyes\u00bb mobile_width=\u00bb0&#8243; shift_x=\u00bb0&#8243; shift_y=\u00bb0&#8243; z_index=\u00bb0&#8243; medium_visibility=\u00bbyes\u00bb medium_width=\u00bb0&#8243; width=\u00bb1\/6&#8243;][\/vc_column][vc_column width=\u00bb2\/3&#8243;][vc_custom_heading text_size=\u00bbh6&#8243;]\u00bfQu\u00e9 tipo de cookies utiliza Barboflex?[\/vc_custom_heading][vc_column_text] Cookies de sesi\u00f3n: Son cookies temporales que permanecen en el [&hellip;]<\/p>\n","protected":false},"author":1,"featured_media":0,"parent":0,"menu_order":0,"comment_status":"closed","ping_status":"closed","template":"","meta":{"_acf_changed":false,"content-type":"","footnotes":""},"class_list":["post-111731","page","type-page","status-publish","hentry"],"acf":[],"yoast_head":"<!-- This site is optimized with the Yoast SEO plugin v22.4 - https:\/\/yoast.com\/wordpress\/plugins\/seo\/ -->\n<title>Pol\u00edtica de cookies - Barboflex<\/title>\n<meta name=\"robots\" content=\"index, follow, max-snippet:-1, max-image-preview:large, max-video-preview:-1\" \/>\n<link rel=\"canonical\" href=\"https:\/\/barboflex.pt\/cookies-policy\/\" \/>\n<meta property=\"og:locale\" content=\"es_ES\" \/>\n<meta property=\"og:type\" content=\"article\" \/>\n<meta property=\"og:title\" content=\"Pol\u00edtica de cookies - Barboflex\" \/>\n<meta property=\"og:description\" content=\"[vc_row unlock_row_content=\u00bb\u00bb row_height_percent=\u00bb0&#8243; override_padding=\u00bbyes\u00bb h_padding=\u00bb0&#8243; top_padding=\u00bb3&#8243; bottom_padding=\u00bb2&#8243; shift_y=\u00bb0&#8243; z_index=\u00bb0&#8243;][vc_column position_horizontal=\u00bb\u00bb align_horizontal=\u00bbtext-lg-center\u00bb mobile_width=\u00bb0&#8243; shift_x=\u00bb0&#8243; shift_y=\u00bb0&#8243; z_index=\u00bb0&#8243; medium_width=\u00bb0&#8243; width=\u00bb1\/1&#8243;][vc_custom_heading auto_text=\u00bbyes\u00bb heading_semantic=\u00bbh1&#8243; text_weight=\u00bbfont-weight-light\u00bb el_class=\u00bbalternative-font\u00bb][\/vc_custom_heading][\/vc_column][\/vc_row][vc_row row_height_percent=\u00bb0&#8243; override_padding=\u00bbyes\u00bb h_padding=\u00bb0&#8243; top_padding=\u00bb1&#8243; bottom_padding=\u00bb3&#8243; shift_y=\u00bb0&#8243; z_index=\u00bb0&#8243; el_class=\u00bbmb-adapt-6&#8243;][vc_column position_horizontal=\u00bb\u00bb mobile_visibility=\u00bbyes\u00bb mobile_width=\u00bb0&#8243; shift_x=\u00bb0&#8243; shift_y=\u00bb0&#8243; z_index=\u00bb0&#8243; medium_visibility=\u00bbyes\u00bb medium_width=\u00bb0&#8243; width=\u00bb1\/6&#8243;][\/vc_column][vc_column width=\u00bb2\/3&#8243;][vc_custom_heading text_size=\u00bbh6&#8243;]\u00bfQu\u00e9 tipo de cookies utiliza Barboflex?[\/vc_custom_heading][vc_column_text] Cookies de sesi\u00f3n: Son cookies temporales que permanecen en el [&hellip;]\" \/>\n<meta property=\"og:url\" content=\"https:\/\/barboflex.pt\/cookies-policy\/\" \/>\n<meta property=\"og:site_name\" content=\"Barboflex\" \/>\n<meta property=\"article:publisher\" content=\"https:\/\/www.facebook.com\/barboflex.pt\" \/>\n<meta property=\"article:modified_time\" content=\"2024-01-08T13:58:49+00:00\" \/>\n<meta property=\"og:image\" content=\"https:\/\/barboflex.pt\/wp-content\/uploads\/2024\/09\/Metadescription_Prancheta-1-scaled.jpg\" \/>\n\t<meta property=\"og:image:width\" content=\"2560\" \/>\n\t<meta property=\"og:image:height\" content=\"1440\" \/>\n\t<meta property=\"og:image:type\" content=\"image\/jpeg\" \/>\n<meta name=\"twitter:card\" content=\"summary_large_image\" \/>\n<meta name=\"twitter:label1\" content=\"Tiempo de lectura\" \/>\n\t<meta name=\"twitter:data1\" content=\"3 minutos\" \/>\n<script type=\"application\/ld+json\" class=\"yoast-schema-graph\">{\"@context\":\"https:\/\/schema.org\",\"@graph\":[{\"@type\":\"WebPage\",\"@id\":\"https:\/\/barboflex.pt\/cookies-policy\/\",\"url\":\"https:\/\/barboflex.pt\/cookies-policy\/\",\"name\":\"Pol\u00edtica de cookies - Barboflex\",\"isPartOf\":{\"@id\":\"https:\/\/barboflex.pt\/#website\"},\"datePublished\":\"2023-10-04T12:15:07+00:00\",\"dateModified\":\"2024-01-08T13:58:49+00:00\",\"breadcrumb\":{\"@id\":\"https:\/\/barboflex.pt\/cookies-policy\/#breadcrumb\"},\"inLanguage\":\"es\",\"potentialAction\":[{\"@type\":\"ReadAction\",\"target\":[\"https:\/\/barboflex.pt\/cookies-policy\/\"]}]},{\"@type\":\"BreadcrumbList\",\"@id\":\"https:\/\/barboflex.pt\/cookies-policy\/#breadcrumb\",\"itemListElement\":[{\"@type\":\"ListItem\",\"position\":1,\"name\":\"In\u00edcio\",\"item\":\"https:\/\/barboflex.pt\/es\/\"},{\"@type\":\"ListItem\",\"position\":2,\"name\":\"Pol\u00edtica de cookies\"}]},{\"@type\":\"WebSite\",\"@id\":\"https:\/\/barboflex.pt\/#website\",\"url\":\"https:\/\/barboflex.pt\/\",\"name\":\"Barboflex\",\"description\":\"20 anos de experi\u00eancia em Hidr\u00e1ulica e Pneum\u00e1tica. Refer\u00eancia no mercado Nacional e Internacional na produ\u00e7\u00e3o e distribui\u00e7\u00e3o de mangueiras hidr\u00e1ulicas, componentes e acess\u00f3rios para a ind\u00fastria.\",\"publisher\":{\"@id\":\"https:\/\/barboflex.pt\/#organization\"},\"alternateName\":\"Barboflex Flexible Solutions\",\"potentialAction\":[{\"@type\":\"SearchAction\",\"target\":{\"@type\":\"EntryPoint\",\"urlTemplate\":\"https:\/\/barboflex.pt\/?s={search_term_string}\"},\"query-input\":\"required name=search_term_string\"}],\"inLanguage\":\"es\"},{\"@type\":\"Organization\",\"@id\":\"https:\/\/barboflex.pt\/#organization\",\"name\":\"Barboflex S.A.\",\"alternateName\":\"Barboflex\",\"url\":\"https:\/\/barboflex.pt\/\",\"logo\":{\"@type\":\"ImageObject\",\"inLanguage\":\"es\",\"@id\":\"https:\/\/barboflex.pt\/#\/schema\/logo\/image\/\",\"url\":\"https:\/\/barboflex.pt\/wp-content\/uploads\/2023\/05\/logo-2.svg\",\"contentUrl\":\"https:\/\/barboflex.pt\/wp-content\/uploads\/2023\/05\/logo-2.svg\",\"width\":1,\"height\":1,\"caption\":\"Barboflex S.A.\"},\"image\":{\"@id\":\"https:\/\/barboflex.pt\/#\/schema\/logo\/image\/\"},\"sameAs\":[\"https:\/\/www.facebook.com\/barboflex.pt\",\"https:\/\/www.instagram.com\/barboflex\",\"https:\/\/www.youtube.com\/@BarboflexSA\",\"https:\/\/www.linkedin.com\/company\/barboflex\/\"]}]}<\/script>\n<!-- \/ Yoast SEO plugin. -->","yoast_head_json":{"title":"Pol\u00edtica de cookies - Barboflex","robots":{"index":"index","follow":"follow","max-snippet":"max-snippet:-1","max-image-preview":"max-image-preview:large","max-video-preview":"max-video-preview:-1"},"canonical":"https:\/\/barboflex.pt\/cookies-policy\/","og_locale":"es_ES","og_type":"article","og_title":"Pol\u00edtica de cookies - Barboflex","og_description":"[vc_row unlock_row_content=\u00bb\u00bb row_height_percent=\u00bb0&#8243; override_padding=\u00bbyes\u00bb h_padding=\u00bb0&#8243; top_padding=\u00bb3&#8243; bottom_padding=\u00bb2&#8243; shift_y=\u00bb0&#8243; z_index=\u00bb0&#8243;][vc_column position_horizontal=\u00bb\u00bb align_horizontal=\u00bbtext-lg-center\u00bb mobile_width=\u00bb0&#8243; shift_x=\u00bb0&#8243; shift_y=\u00bb0&#8243; z_index=\u00bb0&#8243; medium_width=\u00bb0&#8243; width=\u00bb1\/1&#8243;][vc_custom_heading auto_text=\u00bbyes\u00bb heading_semantic=\u00bbh1&#8243; text_weight=\u00bbfont-weight-light\u00bb el_class=\u00bbalternative-font\u00bb][\/vc_custom_heading][\/vc_column][\/vc_row][vc_row row_height_percent=\u00bb0&#8243; override_padding=\u00bbyes\u00bb h_padding=\u00bb0&#8243; top_padding=\u00bb1&#8243; bottom_padding=\u00bb3&#8243; shift_y=\u00bb0&#8243; z_index=\u00bb0&#8243; el_class=\u00bbmb-adapt-6&#8243;][vc_column position_horizontal=\u00bb\u00bb mobile_visibility=\u00bbyes\u00bb mobile_width=\u00bb0&#8243; shift_x=\u00bb0&#8243; shift_y=\u00bb0&#8243; z_index=\u00bb0&#8243; medium_visibility=\u00bbyes\u00bb medium_width=\u00bb0&#8243; width=\u00bb1\/6&#8243;][\/vc_column][vc_column width=\u00bb2\/3&#8243;][vc_custom_heading text_size=\u00bbh6&#8243;]\u00bfQu\u00e9 tipo de cookies utiliza Barboflex?[\/vc_custom_heading][vc_column_text] Cookies de sesi\u00f3n: Son cookies temporales que permanecen en el [&hellip;]","og_url":"https:\/\/barboflex.pt\/cookies-policy\/","og_site_name":"Barboflex","article_publisher":"https:\/\/www.facebook.com\/barboflex.pt","article_modified_time":"2024-01-08T13:58:49+00:00","og_image":[{"width":2560,"height":1440,"url":"https:\/\/barboflex.pt\/wp-content\/uploads\/2024\/09\/Metadescription_Prancheta-1-scaled.jpg","type":"image\/jpeg"}],"twitter_card":"summary_large_image","twitter_misc":{"Tiempo de lectura":"3 minutos"},"schema":{"@context":"https:\/\/schema.org","@graph":[{"@type":"WebPage","@id":"https:\/\/barboflex.pt\/cookies-policy\/","url":"https:\/\/barboflex.pt\/cookies-policy\/","name":"Pol\u00edtica de cookies - Barboflex","isPartOf":{"@id":"https:\/\/barboflex.pt\/#website"},"datePublished":"2023-10-04T12:15:07+00:00","dateModified":"2024-01-08T13:58:49+00:00","breadcrumb":{"@id":"https:\/\/barboflex.pt\/cookies-policy\/#breadcrumb"},"inLanguage":"es","potentialAction":[{"@type":"ReadAction","target":["https:\/\/barboflex.pt\/cookies-policy\/"]}]},{"@type":"BreadcrumbList","@id":"https:\/\/barboflex.pt\/cookies-policy\/#breadcrumb","itemListElement":[{"@type":"ListItem","position":1,"name":"In\u00edcio","item":"https:\/\/barboflex.pt\/es\/"},{"@type":"ListItem","position":2,"name":"Pol\u00edtica de cookies"}]},{"@type":"WebSite","@id":"https:\/\/barboflex.pt\/#website","url":"https:\/\/barboflex.pt\/","name":"Barboflex","description":"20 anos de experi\u00eancia em Hidr\u00e1ulica e Pneum\u00e1tica. Refer\u00eancia no mercado Nacional e Internacional na produ\u00e7\u00e3o e distribui\u00e7\u00e3o de mangueiras hidr\u00e1ulicas, componentes e acess\u00f3rios para a ind\u00fastria.","publisher":{"@id":"https:\/\/barboflex.pt\/#organization"},"alternateName":"Barboflex Flexible Solutions","potentialAction":[{"@type":"SearchAction","target":{"@type":"EntryPoint","urlTemplate":"https:\/\/barboflex.pt\/?s={search_term_string}"},"query-input":"required name=search_term_string"}],"inLanguage":"es"},{"@type":"Organization","@id":"https:\/\/barboflex.pt\/#organization","name":"Barboflex S.A.","alternateName":"Barboflex","url":"https:\/\/barboflex.pt\/","logo":{"@type":"ImageObject","inLanguage":"es","@id":"https:\/\/barboflex.pt\/#\/schema\/logo\/image\/","url":"https:\/\/barboflex.pt\/wp-content\/uploads\/2023\/05\/logo-2.svg","contentUrl":"https:\/\/barboflex.pt\/wp-content\/uploads\/2023\/05\/logo-2.svg","width":1,"height":1,"caption":"Barboflex S.A."},"image":{"@id":"https:\/\/barboflex.pt\/#\/schema\/logo\/image\/"},"sameAs":["https:\/\/www.facebook.com\/barboflex.pt","https:\/\/www.instagram.com\/barboflex","https:\/\/www.youtube.com\/@BarboflexSA","https:\/\/www.linkedin.com\/company\/barboflex\/"]}]}},"jetpack_sharing_enabled":true,"_links":{"self":[{"href":"https:\/\/barboflex.pt\/es\/wp-json\/wp\/v2\/pages\/111731","targetHints":{"allow":["GET"]}}],"collection":[{"href":"https:\/\/barboflex.pt\/es\/wp-json\/wp\/v2\/pages"}],"about":[{"href":"https:\/\/barboflex.pt\/es\/wp-json\/wp\/v2\/types\/page"}],"author":[{"embeddable":true,"href":"https:\/\/barboflex.pt\/es\/wp-json\/wp\/v2\/users\/1"}],"replies":[{"embeddable":true,"href":"https:\/\/barboflex.pt\/es\/wp-json\/wp\/v2\/comments?post=111731"}],"version-history":[{"count":0,"href":"https:\/\/barboflex.pt\/es\/wp-json\/wp\/v2\/pages\/111731\/revisions"}],"wp:attachment":[{"href":"https:\/\/barboflex.pt\/es\/wp-json\/wp\/v2\/media?parent=111731"}],"curies":[{"name":"wp","href":"https:\/\/api.w.org\/{rel}","templated":true}]}}