{"id":111564,"date":"2023-08-02T13:04:34","date_gmt":"2023-08-02T13:04:34","guid":{"rendered":"https:\/\/barboflex.pt\/?page_id=111564"},"modified":"2024-01-05T10:58:37","modified_gmt":"2024-01-05T10:58:37","slug":"helpcenter","status":"publish","type":"page","link":"https:\/\/barboflex.pt\/es\/helpcenter\/","title":{"rendered":"HelpCenter"},"content":{"rendered":"<div class=\"wpb-content-wrapper\"><p>[vc_row unlock_row_content=\u00bb\u00bb row_height_percent=\u00bb0&#8243; override_padding=\u00bbyes\u00bb h_padding=\u00bb0&#8243; top_padding=\u00bb2&#8243; bottom_padding=\u00bb2&#8243; shift_y=\u00bb0&#8243; z_index=\u00bb0&#8243; el_class=\u00bbpt-adapt-0 pt-adapt-md-0&#8243;][vc_column position_horizontal=\u00bb\u00bb mobile_width=\u00bb7&#8243; shift_x=\u00bb0&#8243; shift_y=\u00bb0&#8243; z_index=\u00bb0&#8243; width=\u00bb8\/12&#8243; el_class=\u00bbpb-adapt-0 pb-adapt-md-0&#8243;][vc_custom_heading heading_semantic=\u00bbh1&#8243; text_size=\u00bbh1&#8243; text_weight=\u00bbfont-weight-light\u00bb text_color=\u00bb#040a1b\u00bb]Bienvenido<br \/>\nal Centro de Ayuda[\/vc_custom_heading][vc_column_text el_class=\u00bbpt-adapt-3&#8243;][\/vc_column_text][\/vc_column][vc_column position_horizontal=\u00bbd-md-flex justify-content-md-end\u00bb position_vertical=\u00bbd-md-flex align-items-md-center\u00bb align_horizontal=\u00bbtext-md-right\u00bb mobile_width=\u00bb3&#8243; shift_x=\u00bb0&#8243; shift_y=\u00bb0&#8243; z_index=\u00bb0&#8243; width=\u00bb4\/12&#8243;][\/vc_column][\/vc_row][vc_row][vc_column width=\u00bb1\/1&#8243;][miew_block id=\u00bb1326&#8243;][\/vc_column][\/vc_row][vc_row unlock_row_content=\u00bb\u00bb row_height_percent=\u00bb0&#8243; columns_gutter=\u00bb\u00bb override_padding=\u00bbyes\u00bb h_padding=\u00bb0&#8243; top_padding=\u00bb4&#8243; bottom_padding=\u00bb4&#8243; shift_y=\u00bb0&#8243; z_index=\u00bb0&#8243;][vc_column position_horizontal=\u00bb\u00bb mobile_width=\u00bb11&#8243; shift_x=\u00bb0&#8243; shift_y=\u00bb0&#8243; z_index=\u00bb0&#8243; width=\u00bb1\/2&#8243; el_class=\u00bbteste-1&#8243;][vc_single_image media_div=\u00bbbackground\u00bb media=\u00bb74591&#8243; el_class=\u00bbshop-cta-image\u00bb][\/vc_single_image][\/vc_column][vc_column position_horizontal=\u00bb\u00bb mobile_width=\u00bb11&#8243; shift_x=\u00bb0&#8243; shift_y=\u00bb0&#8243; z_index=\u00bb0&#8243; width=\u00bb1\/2&#8243; back_color=\u00bb#000000&#8243; el_class=\u00bbshop-cta\u00bb][vc_row_inner unlock_row_content=\u00bb\u00bb row_height_percent=\u00bb0&#8243; shift_y=\u00bb0&#8243; z_index=\u00bb0&#8243; el_class=\u00bbalign-self-center-column\u00bb][vc_column_inner width=\u00bb1\/12&#8243;][\/vc_column_inner][vc_column_inner position_horizontal=\u00bb\u00bb position_vertical=\u00bbd-md-flex align-items-md-center\u00bb style=\u00bbdark\u00bb mobile_width=\u00bb11&#8243; shift_x=\u00bb0&#8243; shift_y=\u00bb0&#8243; z_index=\u00bb0&#8243; width=\u00bb5\/6&#8243;][vc_single_image media=\u00bb74601&#8243;][\/vc_single_image][vc_custom_heading text_weight=\u00bbfont-weight-light\u00bb text_color=\u00bb#ffffff\u00bb]Descubra<br \/>\nnuestra tienda[\/vc_custom_heading][vc_column_text el_class=\u00bbmt-adapt-4 mt-adapt-md-4&#8243;]M\u00e1s de 25.000 productos y en constante evoluci\u00f3n. Ofrecemos una selecci\u00f3n de productos de las mejores marcas en los campos de la hidr\u00e1ulica y la neum\u00e1tica.[\/vc_column_text][vc_btn btn_size=\u00bbbutton-big\u00bb i_align=\u00bbright\u00bb icon=\u00bbicon-chevron_right\u00bb id=\u00bbbnz0pv7r0&#8243; el_class=\u00bbmt-adapt-4 mt-adapt-md-4&#8243; link=\u00bburl:https%3A%2F%2Fbarboflex.pt%2Fbfluid%2F|title:BFLUID\u00bb]Visite nuestra tienda[\/vc_btn][\/vc_column_inner][vc_column_inner width=\u00bb1\/12&#8243;][\/vc_column_inner][\/vc_row_inner][\/vc_column][\/vc_row]<\/p>\n<\/div>","protected":false},"excerpt":{"rendered":"<p>[vc_row unlock_row_content=\u00bb\u00bb row_height_percent=\u00bb0&#8243; override_padding=\u00bbyes\u00bb h_padding=\u00bb0&#8243; top_padding=\u00bb2&#8243; bottom_padding=\u00bb2&#8243; shift_y=\u00bb0&#8243; z_index=\u00bb0&#8243; el_class=\u00bbpt-adapt-0 pt-adapt-md-0&#8243;][vc_column position_horizontal=\u00bb\u00bb mobile_width=\u00bb7&#8243; shift_x=\u00bb0&#8243; shift_y=\u00bb0&#8243; z_index=\u00bb0&#8243; width=\u00bb8\/12&#8243; el_class=\u00bbpb-adapt-0 pb-adapt-md-0&#8243;][vc_custom_heading heading_semantic=\u00bbh1&#8243; text_size=\u00bbh1&#8243; text_weight=\u00bbfont-weight-light\u00bb text_color=\u00bb#040a1b\u00bb]Bienvenido al Centro de Ayuda[\/vc_custom_heading][vc_column_text el_class=\u00bbpt-adapt-3&#8243;][\/vc_column_text][\/vc_column][vc_column position_horizontal=\u00bbd-md-flex justify-content-md-end\u00bb position_vertical=\u00bbd-md-flex align-items-md-center\u00bb align_horizontal=\u00bbtext-md-right\u00bb mobile_width=\u00bb3&#8243; shift_x=\u00bb0&#8243; shift_y=\u00bb0&#8243; z_index=\u00bb0&#8243; width=\u00bb4\/12&#8243;][\/vc_column][\/vc_row][vc_row][vc_column width=\u00bb1\/1&#8243;][miew_block id=\u00bb1326&#8243;][\/vc_column][\/vc_row][vc_row unlock_row_content=\u00bb\u00bb row_height_percent=\u00bb0&#8243; columns_gutter=\u00bb\u00bb override_padding=\u00bbyes\u00bb h_padding=\u00bb0&#8243; top_padding=\u00bb4&#8243; bottom_padding=\u00bb4&#8243; shift_y=\u00bb0&#8243; z_index=\u00bb0&#8243;][vc_column position_horizontal=\u00bb\u00bb mobile_width=\u00bb11&#8243; shift_x=\u00bb0&#8243; shift_y=\u00bb0&#8243; z_index=\u00bb0&#8243; width=\u00bb1\/2&#8243; [&hellip;]<\/p>\n","protected":false},"author":1,"featured_media":0,"parent":0,"menu_order":0,"comment_status":"closed","ping_status":"closed","template":"","meta":{"_acf_changed":false,"content-type":"","footnotes":""},"class_list":["post-111564","page","type-page","status-publish","hentry"],"acf":[],"yoast_head":"<!-- This site is optimized with the Yoast SEO plugin v22.4 - https:\/\/yoast.com\/wordpress\/plugins\/seo\/ -->\n<title>HelpCenter - Barboflex<\/title>\n<meta name=\"robots\" content=\"index, follow, max-snippet:-1, max-image-preview:large, max-video-preview:-1\" \/>\n<link rel=\"canonical\" href=\"https:\/\/barboflex.pt\/helpcenter\/\" \/>\n<meta property=\"og:locale\" content=\"es_ES\" \/>\n<meta property=\"og:type\" content=\"article\" \/>\n<meta property=\"og:title\" content=\"HelpCenter - Barboflex\" \/>\n<meta property=\"og:description\" content=\"[vc_row unlock_row_content=\u00bb\u00bb row_height_percent=\u00bb0&#8243; override_padding=\u00bbyes\u00bb h_padding=\u00bb0&#8243; top_padding=\u00bb2&#8243; bottom_padding=\u00bb2&#8243; shift_y=\u00bb0&#8243; z_index=\u00bb0&#8243; el_class=\u00bbpt-adapt-0 pt-adapt-md-0&#8243;][vc_column position_horizontal=\u00bb\u00bb mobile_width=\u00bb7&#8243; shift_x=\u00bb0&#8243; shift_y=\u00bb0&#8243; z_index=\u00bb0&#8243; width=\u00bb8\/12&#8243; el_class=\u00bbpb-adapt-0 pb-adapt-md-0&#8243;][vc_custom_heading heading_semantic=\u00bbh1&#8243; text_size=\u00bbh1&#8243; text_weight=\u00bbfont-weight-light\u00bb text_color=\u00bb#040a1b\u00bb]Bienvenido al Centro de Ayuda[\/vc_custom_heading][vc_column_text el_class=\u00bbpt-adapt-3&#8243;][\/vc_column_text][\/vc_column][vc_column position_horizontal=\u00bbd-md-flex justify-content-md-end\u00bb position_vertical=\u00bbd-md-flex align-items-md-center\u00bb align_horizontal=\u00bbtext-md-right\u00bb mobile_width=\u00bb3&#8243; shift_x=\u00bb0&#8243; shift_y=\u00bb0&#8243; z_index=\u00bb0&#8243; width=\u00bb4\/12&#8243;][\/vc_column][\/vc_row][vc_row][vc_column width=\u00bb1\/1&#8243;][miew_block id=\u00bb1326&#8243;][\/vc_column][\/vc_row][vc_row unlock_row_content=\u00bb\u00bb row_height_percent=\u00bb0&#8243; columns_gutter=\u00bb\u00bb override_padding=\u00bbyes\u00bb h_padding=\u00bb0&#8243; top_padding=\u00bb4&#8243; bottom_padding=\u00bb4&#8243; shift_y=\u00bb0&#8243; z_index=\u00bb0&#8243;][vc_column position_horizontal=\u00bb\u00bb mobile_width=\u00bb11&#8243; shift_x=\u00bb0&#8243; shift_y=\u00bb0&#8243; z_index=\u00bb0&#8243; width=\u00bb1\/2&#8243; [&hellip;]\" \/>\n<meta property=\"og:url\" content=\"https:\/\/barboflex.pt\/helpcenter\/\" \/>\n<meta property=\"og:site_name\" content=\"Barboflex\" \/>\n<meta property=\"article:publisher\" content=\"https:\/\/www.facebook.com\/barboflex.pt\" \/>\n<meta property=\"article:modified_time\" content=\"2024-01-05T10:58:37+00:00\" \/>\n<meta property=\"og:image\" content=\"https:\/\/barboflex.pt\/wp-content\/uploads\/2024\/09\/Metadescription_Prancheta-1-scaled.jpg\" \/>\n\t<meta property=\"og:image:width\" content=\"2560\" \/>\n\t<meta property=\"og:image:height\" content=\"1440\" \/>\n\t<meta property=\"og:image:type\" content=\"image\/jpeg\" \/>\n<meta name=\"twitter:card\" content=\"summary_large_image\" \/>\n<meta name=\"twitter:label1\" content=\"Tiempo de lectura\" \/>\n\t<meta name=\"twitter:data1\" content=\"2 minutos\" \/>\n<script type=\"application\/ld+json\" class=\"yoast-schema-graph\">{\"@context\":\"https:\/\/schema.org\",\"@graph\":[{\"@type\":\"WebPage\",\"@id\":\"https:\/\/barboflex.pt\/helpcenter\/\",\"url\":\"https:\/\/barboflex.pt\/helpcenter\/\",\"name\":\"HelpCenter - Barboflex\",\"isPartOf\":{\"@id\":\"https:\/\/barboflex.pt\/#website\"},\"datePublished\":\"2023-08-02T13:04:34+00:00\",\"dateModified\":\"2024-01-05T10:58:37+00:00\",\"breadcrumb\":{\"@id\":\"https:\/\/barboflex.pt\/helpcenter\/#breadcrumb\"},\"inLanguage\":\"es\",\"potentialAction\":[{\"@type\":\"ReadAction\",\"target\":[\"https:\/\/barboflex.pt\/helpcenter\/\"]}]},{\"@type\":\"BreadcrumbList\",\"@id\":\"https:\/\/barboflex.pt\/helpcenter\/#breadcrumb\",\"itemListElement\":[{\"@type\":\"ListItem\",\"position\":1,\"name\":\"In\u00edcio\",\"item\":\"https:\/\/barboflex.pt\/es\/\"},{\"@type\":\"ListItem\",\"position\":2,\"name\":\"HelpCenter\"}]},{\"@type\":\"WebSite\",\"@id\":\"https:\/\/barboflex.pt\/#website\",\"url\":\"https:\/\/barboflex.pt\/\",\"name\":\"Barboflex\",\"description\":\"20 anos de experi\u00eancia em Hidr\u00e1ulica e Pneum\u00e1tica. Refer\u00eancia no mercado Nacional e Internacional na produ\u00e7\u00e3o e distribui\u00e7\u00e3o de mangueiras hidr\u00e1ulicas, componentes e acess\u00f3rios para a ind\u00fastria.\",\"publisher\":{\"@id\":\"https:\/\/barboflex.pt\/#organization\"},\"alternateName\":\"Barboflex Flexible Solutions\",\"potentialAction\":[{\"@type\":\"SearchAction\",\"target\":{\"@type\":\"EntryPoint\",\"urlTemplate\":\"https:\/\/barboflex.pt\/?s={search_term_string}\"},\"query-input\":\"required name=search_term_string\"}],\"inLanguage\":\"es\"},{\"@type\":\"Organization\",\"@id\":\"https:\/\/barboflex.pt\/#organization\",\"name\":\"Barboflex S.A.\",\"alternateName\":\"Barboflex\",\"url\":\"https:\/\/barboflex.pt\/\",\"logo\":{\"@type\":\"ImageObject\",\"inLanguage\":\"es\",\"@id\":\"https:\/\/barboflex.pt\/#\/schema\/logo\/image\/\",\"url\":\"https:\/\/barboflex.pt\/wp-content\/uploads\/2023\/05\/logo-2.svg\",\"contentUrl\":\"https:\/\/barboflex.pt\/wp-content\/uploads\/2023\/05\/logo-2.svg\",\"width\":1,\"height\":1,\"caption\":\"Barboflex S.A.\"},\"image\":{\"@id\":\"https:\/\/barboflex.pt\/#\/schema\/logo\/image\/\"},\"sameAs\":[\"https:\/\/www.facebook.com\/barboflex.pt\",\"https:\/\/www.instagram.com\/barboflex\",\"https:\/\/www.youtube.com\/@BarboflexSA\",\"https:\/\/www.linkedin.com\/company\/barboflex\/\"]}]}<\/script>\n<!-- \/ Yoast SEO plugin. -->","yoast_head_json":{"title":"HelpCenter - Barboflex","robots":{"index":"index","follow":"follow","max-snippet":"max-snippet:-1","max-image-preview":"max-image-preview:large","max-video-preview":"max-video-preview:-1"},"canonical":"https:\/\/barboflex.pt\/helpcenter\/","og_locale":"es_ES","og_type":"article","og_title":"HelpCenter - Barboflex","og_description":"[vc_row unlock_row_content=\u00bb\u00bb row_height_percent=\u00bb0&#8243; override_padding=\u00bbyes\u00bb h_padding=\u00bb0&#8243; top_padding=\u00bb2&#8243; bottom_padding=\u00bb2&#8243; shift_y=\u00bb0&#8243; z_index=\u00bb0&#8243; el_class=\u00bbpt-adapt-0 pt-adapt-md-0&#8243;][vc_column position_horizontal=\u00bb\u00bb mobile_width=\u00bb7&#8243; shift_x=\u00bb0&#8243; shift_y=\u00bb0&#8243; z_index=\u00bb0&#8243; width=\u00bb8\/12&#8243; el_class=\u00bbpb-adapt-0 pb-adapt-md-0&#8243;][vc_custom_heading heading_semantic=\u00bbh1&#8243; text_size=\u00bbh1&#8243; text_weight=\u00bbfont-weight-light\u00bb text_color=\u00bb#040a1b\u00bb]Bienvenido al Centro de Ayuda[\/vc_custom_heading][vc_column_text el_class=\u00bbpt-adapt-3&#8243;][\/vc_column_text][\/vc_column][vc_column position_horizontal=\u00bbd-md-flex justify-content-md-end\u00bb position_vertical=\u00bbd-md-flex align-items-md-center\u00bb align_horizontal=\u00bbtext-md-right\u00bb mobile_width=\u00bb3&#8243; shift_x=\u00bb0&#8243; shift_y=\u00bb0&#8243; z_index=\u00bb0&#8243; width=\u00bb4\/12&#8243;][\/vc_column][\/vc_row][vc_row][vc_column width=\u00bb1\/1&#8243;][miew_block id=\u00bb1326&#8243;][\/vc_column][\/vc_row][vc_row unlock_row_content=\u00bb\u00bb row_height_percent=\u00bb0&#8243; columns_gutter=\u00bb\u00bb override_padding=\u00bbyes\u00bb h_padding=\u00bb0&#8243; top_padding=\u00bb4&#8243; bottom_padding=\u00bb4&#8243; shift_y=\u00bb0&#8243; z_index=\u00bb0&#8243;][vc_column position_horizontal=\u00bb\u00bb mobile_width=\u00bb11&#8243; shift_x=\u00bb0&#8243; shift_y=\u00bb0&#8243; z_index=\u00bb0&#8243; width=\u00bb1\/2&#8243; [&hellip;]","og_url":"https:\/\/barboflex.pt\/helpcenter\/","og_site_name":"Barboflex","article_publisher":"https:\/\/www.facebook.com\/barboflex.pt","article_modified_time":"2024-01-05T10:58:37+00:00","og_image":[{"width":2560,"height":1440,"url":"https:\/\/barboflex.pt\/wp-content\/uploads\/2024\/09\/Metadescription_Prancheta-1-scaled.jpg","type":"image\/jpeg"}],"twitter_card":"summary_large_image","twitter_misc":{"Tiempo de lectura":"2 minutos"},"schema":{"@context":"https:\/\/schema.org","@graph":[{"@type":"WebPage","@id":"https:\/\/barboflex.pt\/helpcenter\/","url":"https:\/\/barboflex.pt\/helpcenter\/","name":"HelpCenter - Barboflex","isPartOf":{"@id":"https:\/\/barboflex.pt\/#website"},"datePublished":"2023-08-02T13:04:34+00:00","dateModified":"2024-01-05T10:58:37+00:00","breadcrumb":{"@id":"https:\/\/barboflex.pt\/helpcenter\/#breadcrumb"},"inLanguage":"es","potentialAction":[{"@type":"ReadAction","target":["https:\/\/barboflex.pt\/helpcenter\/"]}]},{"@type":"BreadcrumbList","@id":"https:\/\/barboflex.pt\/helpcenter\/#breadcrumb","itemListElement":[{"@type":"ListItem","position":1,"name":"In\u00edcio","item":"https:\/\/barboflex.pt\/es\/"},{"@type":"ListItem","position":2,"name":"HelpCenter"}]},{"@type":"WebSite","@id":"https:\/\/barboflex.pt\/#website","url":"https:\/\/barboflex.pt\/","name":"Barboflex","description":"20 anos de experi\u00eancia em Hidr\u00e1ulica e Pneum\u00e1tica. Refer\u00eancia no mercado Nacional e Internacional na produ\u00e7\u00e3o e distribui\u00e7\u00e3o de mangueiras hidr\u00e1ulicas, componentes e acess\u00f3rios para a ind\u00fastria.","publisher":{"@id":"https:\/\/barboflex.pt\/#organization"},"alternateName":"Barboflex Flexible Solutions","potentialAction":[{"@type":"SearchAction","target":{"@type":"EntryPoint","urlTemplate":"https:\/\/barboflex.pt\/?s={search_term_string}"},"query-input":"required name=search_term_string"}],"inLanguage":"es"},{"@type":"Organization","@id":"https:\/\/barboflex.pt\/#organization","name":"Barboflex S.A.","alternateName":"Barboflex","url":"https:\/\/barboflex.pt\/","logo":{"@type":"ImageObject","inLanguage":"es","@id":"https:\/\/barboflex.pt\/#\/schema\/logo\/image\/","url":"https:\/\/barboflex.pt\/wp-content\/uploads\/2023\/05\/logo-2.svg","contentUrl":"https:\/\/barboflex.pt\/wp-content\/uploads\/2023\/05\/logo-2.svg","width":1,"height":1,"caption":"Barboflex S.A."},"image":{"@id":"https:\/\/barboflex.pt\/#\/schema\/logo\/image\/"},"sameAs":["https:\/\/www.facebook.com\/barboflex.pt","https:\/\/www.instagram.com\/barboflex","https:\/\/www.youtube.com\/@BarboflexSA","https:\/\/www.linkedin.com\/company\/barboflex\/"]}]}},"jetpack_sharing_enabled":true,"_links":{"self":[{"href":"https:\/\/barboflex.pt\/es\/wp-json\/wp\/v2\/pages\/111564","targetHints":{"allow":["GET"]}}],"collection":[{"href":"https:\/\/barboflex.pt\/es\/wp-json\/wp\/v2\/pages"}],"about":[{"href":"https:\/\/barboflex.pt\/es\/wp-json\/wp\/v2\/types\/page"}],"author":[{"embeddable":true,"href":"https:\/\/barboflex.pt\/es\/wp-json\/wp\/v2\/users\/1"}],"replies":[{"embeddable":true,"href":"https:\/\/barboflex.pt\/es\/wp-json\/wp\/v2\/comments?post=111564"}],"version-history":[{"count":0,"href":"https:\/\/barboflex.pt\/es\/wp-json\/wp\/v2\/pages\/111564\/revisions"}],"wp:attachment":[{"href":"https:\/\/barboflex.pt\/es\/wp-json\/wp\/v2\/media?parent=111564"}],"curies":[{"name":"wp","href":"https:\/\/api.w.org\/{rel}","templated":true}]}}