{"id":111562,"date":"2023-05-26T10:46:28","date_gmt":"2023-05-26T10:46:28","guid":{"rendered":"https:\/\/barboflex.pt\/?page_id=111562"},"modified":"2024-01-05T10:53:22","modified_gmt":"2024-01-05T10:53:22","slug":"blog","status":"publish","type":"page","link":"https:\/\/barboflex.pt\/es\/blog\/","title":{"rendered":"Blog"},"content":{"rendered":"<div class=\"wpb-content-wrapper\"><p>[vc_row unlock_row_content=\u00bb\u00bb row_height_percent=\u00bb0&#8243; override_padding=\u00bbyes\u00bb h_padding=\u00bb0&#8243; top_padding=\u00bb4&#8243; bottom_padding=\u00bb2&#8243; shift_y=\u00bb0&#8243; z_index=\u00bb0&#8243; el_class=\u00bbpt-adapt-0 pt-adapt-md-0&#8243;][vc_column position_horizontal=\u00bb\u00bb mobile_width=\u00bb11&#8243; shift_x=\u00bb0&#8243; shift_y=\u00bb0&#8243; z_index=\u00bb0&#8243; width=\u00bb8\/12&#8243; el_class=\u00bbpb-adapt-0 pb-adapt-md-0&#8243;][vc_custom_heading heading_semantic=\u00bbh1&#8243; text_size=\u00bbh1&#8243; text_color=\u00bb#040a1b\u00bb]Nos comprometemos a ofrecerle las \u00faltimas noticias.[\/vc_custom_heading][vc_column_text el_class=\u00bbmt-adapt-4&#8243; max_width=\u00bb440px\u00bb]Con nuestro compromiso de mantenerle informado, tendr\u00e1 acceso exclusivo de primera mano a todas las \u00faltimas noticias y acontecimientos relevantes. Nos comprometemos a ofrecerle contenidos de calidad para que est\u00e9 siempre al d\u00eda y bien informado.[\/vc_column_text][\/vc_column][vc_column position_horizontal=\u00bbd-md-flex justify-content-md-end\u00bb position_vertical=\u00bbd-md-flex align-items-md-center\u00bb align_horizontal=\u00bbtext-md-right\u00bb mobile_visibility=\u00bbyes\u00bb mobile_width=\u00bb3&#8243; shift_x=\u00bb0&#8243; shift_y=\u00bb0&#8243; z_index=\u00bb0&#8243; width=\u00bb4\/12&#8243;][\/vc_column][\/vc_row][vc_row unlock_row_content=\u00bb\u00bb row_height_percent=\u00bb0&#8243; override_padding=\u00bbyes\u00bb h_padding=\u00bb0&#8243; top_padding=\u00bb0&#8243; bottom_padding=\u00bb0&#8243; shift_y=\u00bb0&#8243; z_index=\u00bb0&#8243;][vc_column position_horizontal=\u00bb\u00bb override_padding=\u00bbyes\u00bb column_padding=\u00bb0&#8243; mobile_width=\u00bb11&#8243; shift_x=\u00bb0&#8243; shift_y=\u00bb0&#8243; z_index=\u00bb0&#8243; width=\u00bb8\/12&#8243; el_class=\u00bbborder-radius-right\u00bb]<div class=\"posts_grid border-radius-right\" data-post=\"post\" data-name=\"post\" data-label=\"post\" id=\"post\" data-loadmore=\"\"><div class=\"archive-divs elements_animated w-100 h-100 border-radius-right text-left\">\n\t<figure>\n\t\t<picture><div class=\"aspectRatioPlaceholder\" style=\"margin:auto; \"><div class=\"fill\" style=\"padding-bottom: 83.173076923077%\"><\/div><\/div><span role=\"img\" aria-label=\"\" class=\"has_bg\" data-background-image=\"https:\/\/barboflex.pt\/wp-content\/uploads\/2023\/12\/Post-4_destaque.jpg\"><\/span><\/picture>\n\t\t<figcaption class=\"position-absolute w-100 d-flex \">\n      <div class=\"d-flex align-items-end flex-grow-1\">\n        <div class=\"flex-grow-1\">\n          <h3 class=\"text-white h4\">Mangueras Prevenci\u00f3n<\/h3>\n        <\/div>\n        <div class=\"flex-shrink-1 pl-2\">\n        <button class=\"news-button\" href=\"https:\/\/barboflex.pt\/es\/mangueras-prevencion\/\"><i class=\"icon-arrow_forward\" style=\"font-size:40px\"><\/i><\/button>\n        <\/div>\n      <\/div>\n    <\/figcaption>\n    <a class=\"linker\" href=\"https:\/\/barboflex.pt\/es\/mangueras-prevencion\/\" data-remote=\"true\"><\/a>\n\t<\/figure>\n<\/div><\/div>[\/vc_column][vc_column position_horizontal=\u00bb\u00bb mobile_width=\u00bb11&#8243; shift_x=\u00bb0&#8243; shift_y=\u00bb0&#8243; z_index=\u00bb0&#8243; width=\u00bb4\/12&#8243;]<div class=\"posts_grid \" data-post=\"post\" data-name=\"post\" data-label=\"post\" id=\"post\" data-loadmore=\"\"><div class=\"archive-divs elements_animated w-100 text-left\">\n\t<figure>\n\t\t<picture><div class=\"aspectRatioPlaceholder\" style=\"margin:auto; \"><div class=\"fill\" style=\"padding-bottom: 83.173076923077%\"><\/div><\/div><span role=\"img\" aria-label=\"\" class=\"has_bg\" data-background-image=\"https:\/\/barboflex.pt\/wp-content\/uploads\/2023\/12\/Post-3_Destaque.jpg\"><\/span><\/picture>\n\t\t<figcaption class=\"position-absolute w-100 d-flex \">\n      <div class=\"d-flex align-items-end flex-grow-1\">\n        <div class=\"flex-grow-1\">\n          <h3 class=\"text-white h4\">Man\u00f3metros de presi\u00f3n<\/h3>\n        <\/div>\n        <div class=\"flex-shrink-1 pl-2\">\n        <button class=\"news-button\" href=\"https:\/\/barboflex.pt\/es\/manometros-de-presion\/\"><i class=\"icon-arrow_forward\" style=\"font-size:40px\"><\/i><\/button>\n        <\/div>\n      <\/div>\n    <\/figcaption>\n    <a class=\"linker\" href=\"https:\/\/barboflex.pt\/es\/manometros-de-presion\/\" data-remote=\"true\"><\/a>\n\t<\/figure>\n<\/div><div class=\"archive-divs elements_animated w-100 text-left\">\n\t<figure>\n\t\t<picture><div class=\"aspectRatioPlaceholder\" style=\"margin:auto; \"><div class=\"fill\" style=\"padding-bottom: 83.173076923077%\"><\/div><\/div><span role=\"img\" aria-label=\"\" class=\"has_bg\" data-background-image=\"https:\/\/barboflex.pt\/wp-content\/uploads\/2023\/07\/Post-2_Destaque.jpg\"><\/span><\/picture>\n\t\t<figcaption class=\"position-absolute w-100 d-flex \">\n      <div class=\"d-flex align-items-end flex-grow-1\">\n        <div class=\"flex-grow-1\">\n          <h3 class=\"text-white h4\">Abrazadera: Se fija justo como lo necesitas.<\/h3>\n        <\/div>\n        <div class=\"flex-shrink-1 pl-2\">\n        <button class=\"news-button\" href=\"https:\/\/barboflex.pt\/es\/abrazadera-se-fija-justo-como-lo-necesitas\/\"><i class=\"icon-arrow_forward\" style=\"font-size:40px\"><\/i><\/button>\n        <\/div>\n      <\/div>\n    <\/figcaption>\n    <a class=\"linker\" href=\"https:\/\/barboflex.pt\/es\/abrazadera-se-fija-justo-como-lo-necesitas\/\" data-remote=\"true\"><\/a>\n\t<\/figure>\n<\/div><\/div>[\/vc_column][\/vc_row][vc_row unlock_row_content=\u00bb\u00bb row_height_percent=\u00bb0&#8243; override_padding=\u00bbyes\u00bb h_padding=\u00bb0&#8243; top_padding=\u00bb0&#8243; bottom_padding=\u00bb5&#8243; shift_y=\u00bb0&#8243; z_index=\u00bb0&#8243;][vc_column width=\u00bb1\/1&#8243;][\/vc_column][\/vc_row]<\/p>\n<\/div>","protected":false},"excerpt":{"rendered":"<p>[vc_row unlock_row_content=\u00bb\u00bb row_height_percent=\u00bb0&#8243; override_padding=\u00bbyes\u00bb h_padding=\u00bb0&#8243; top_padding=\u00bb4&#8243; bottom_padding=\u00bb2&#8243; shift_y=\u00bb0&#8243; z_index=\u00bb0&#8243; el_class=\u00bbpt-adapt-0 pt-adapt-md-0&#8243;][vc_column position_horizontal=\u00bb\u00bb mobile_width=\u00bb11&#8243; shift_x=\u00bb0&#8243; shift_y=\u00bb0&#8243; z_index=\u00bb0&#8243; width=\u00bb8\/12&#8243; el_class=\u00bbpb-adapt-0 pb-adapt-md-0&#8243;][vc_custom_heading heading_semantic=\u00bbh1&#8243; text_size=\u00bbh1&#8243; text_color=\u00bb#040a1b\u00bb]Nos comprometemos a ofrecerle las \u00faltimas noticias.[\/vc_custom_heading][vc_column_text el_class=\u00bbmt-adapt-4&#8243; max_width=\u00bb440px\u00bb]Con nuestro compromiso de mantenerle informado, tendr\u00e1 acceso exclusivo de primera mano a todas las \u00faltimas noticias y acontecimientos relevantes. Nos comprometemos a ofrecerle contenidos de [&hellip;]<\/p>\n","protected":false},"author":1,"featured_media":0,"parent":0,"menu_order":0,"comment_status":"closed","ping_status":"closed","template":"","meta":{"_acf_changed":false,"content-type":"","footnotes":""},"class_list":["post-111562","page","type-page","status-publish","hentry"],"acf":[],"yoast_head":"<!-- This site is optimized with the Yoast SEO plugin v22.4 - https:\/\/yoast.com\/wordpress\/plugins\/seo\/ -->\n<title>Blog - Barboflex<\/title>\n<meta name=\"robots\" content=\"index, follow, max-snippet:-1, max-image-preview:large, max-video-preview:-1\" \/>\n<link rel=\"canonical\" href=\"https:\/\/barboflex.pt\/blog\/\" \/>\n<meta property=\"og:locale\" content=\"es_ES\" \/>\n<meta property=\"og:type\" content=\"article\" \/>\n<meta property=\"og:title\" content=\"Blog - Barboflex\" \/>\n<meta property=\"og:description\" content=\"[vc_row unlock_row_content=\u00bb\u00bb row_height_percent=\u00bb0&#8243; override_padding=\u00bbyes\u00bb h_padding=\u00bb0&#8243; top_padding=\u00bb4&#8243; bottom_padding=\u00bb2&#8243; shift_y=\u00bb0&#8243; z_index=\u00bb0&#8243; el_class=\u00bbpt-adapt-0 pt-adapt-md-0&#8243;][vc_column position_horizontal=\u00bb\u00bb mobile_width=\u00bb11&#8243; shift_x=\u00bb0&#8243; shift_y=\u00bb0&#8243; z_index=\u00bb0&#8243; width=\u00bb8\/12&#8243; el_class=\u00bbpb-adapt-0 pb-adapt-md-0&#8243;][vc_custom_heading heading_semantic=\u00bbh1&#8243; text_size=\u00bbh1&#8243; text_color=\u00bb#040a1b\u00bb]Nos comprometemos a ofrecerle las \u00faltimas noticias.[\/vc_custom_heading][vc_column_text el_class=\u00bbmt-adapt-4&#8243; max_width=\u00bb440px\u00bb]Con nuestro compromiso de mantenerle informado, tendr\u00e1 acceso exclusivo de primera mano a todas las \u00faltimas noticias y acontecimientos relevantes. Nos comprometemos a ofrecerle contenidos de [&hellip;]\" \/>\n<meta property=\"og:url\" content=\"https:\/\/barboflex.pt\/blog\/\" \/>\n<meta property=\"og:site_name\" content=\"Barboflex\" \/>\n<meta property=\"article:publisher\" content=\"https:\/\/www.facebook.com\/barboflex.pt\" \/>\n<meta property=\"article:modified_time\" content=\"2024-01-05T10:53:22+00:00\" \/>\n<meta property=\"og:image\" content=\"https:\/\/barboflex.pt\/wp-content\/uploads\/2024\/09\/Metadescription_Prancheta-1-scaled.jpg\" \/>\n\t<meta property=\"og:image:width\" content=\"2560\" \/>\n\t<meta property=\"og:image:height\" content=\"1440\" \/>\n\t<meta property=\"og:image:type\" content=\"image\/jpeg\" \/>\n<meta name=\"twitter:card\" content=\"summary_large_image\" \/>\n<meta name=\"twitter:label1\" content=\"Tiempo de lectura\" \/>\n\t<meta name=\"twitter:data1\" content=\"1 minuto\" \/>\n<script type=\"application\/ld+json\" class=\"yoast-schema-graph\">{\"@context\":\"https:\/\/schema.org\",\"@graph\":[{\"@type\":\"WebPage\",\"@id\":\"https:\/\/barboflex.pt\/blog\/\",\"url\":\"https:\/\/barboflex.pt\/blog\/\",\"name\":\"Blog - Barboflex\",\"isPartOf\":{\"@id\":\"https:\/\/barboflex.pt\/#website\"},\"datePublished\":\"2023-05-26T10:46:28+00:00\",\"dateModified\":\"2024-01-05T10:53:22+00:00\",\"breadcrumb\":{\"@id\":\"https:\/\/barboflex.pt\/blog\/#breadcrumb\"},\"inLanguage\":\"es\",\"potentialAction\":[{\"@type\":\"ReadAction\",\"target\":[\"https:\/\/barboflex.pt\/blog\/\"]}]},{\"@type\":\"BreadcrumbList\",\"@id\":\"https:\/\/barboflex.pt\/blog\/#breadcrumb\",\"itemListElement\":[{\"@type\":\"ListItem\",\"position\":1,\"name\":\"In\u00edcio\",\"item\":\"https:\/\/barboflex.pt\/es\/\"},{\"@type\":\"ListItem\",\"position\":2,\"name\":\"Blog\"}]},{\"@type\":\"WebSite\",\"@id\":\"https:\/\/barboflex.pt\/#website\",\"url\":\"https:\/\/barboflex.pt\/\",\"name\":\"Barboflex\",\"description\":\"20 anos de experi\u00eancia em Hidr\u00e1ulica e Pneum\u00e1tica. Refer\u00eancia no mercado Nacional e Internacional na produ\u00e7\u00e3o e distribui\u00e7\u00e3o de mangueiras hidr\u00e1ulicas, componentes e acess\u00f3rios para a ind\u00fastria.\",\"publisher\":{\"@id\":\"https:\/\/barboflex.pt\/#organization\"},\"alternateName\":\"Barboflex Flexible Solutions\",\"potentialAction\":[{\"@type\":\"SearchAction\",\"target\":{\"@type\":\"EntryPoint\",\"urlTemplate\":\"https:\/\/barboflex.pt\/?s={search_term_string}\"},\"query-input\":\"required name=search_term_string\"}],\"inLanguage\":\"es\"},{\"@type\":\"Organization\",\"@id\":\"https:\/\/barboflex.pt\/#organization\",\"name\":\"Barboflex S.A.\",\"alternateName\":\"Barboflex\",\"url\":\"https:\/\/barboflex.pt\/\",\"logo\":{\"@type\":\"ImageObject\",\"inLanguage\":\"es\",\"@id\":\"https:\/\/barboflex.pt\/#\/schema\/logo\/image\/\",\"url\":\"https:\/\/barboflex.pt\/wp-content\/uploads\/2023\/05\/logo-2.svg\",\"contentUrl\":\"https:\/\/barboflex.pt\/wp-content\/uploads\/2023\/05\/logo-2.svg\",\"width\":1,\"height\":1,\"caption\":\"Barboflex S.A.\"},\"image\":{\"@id\":\"https:\/\/barboflex.pt\/#\/schema\/logo\/image\/\"},\"sameAs\":[\"https:\/\/www.facebook.com\/barboflex.pt\",\"https:\/\/www.instagram.com\/barboflex\",\"https:\/\/www.youtube.com\/@BarboflexSA\",\"https:\/\/www.linkedin.com\/company\/barboflex\/\"]}]}<\/script>\n<!-- \/ Yoast SEO plugin. -->","yoast_head_json":{"title":"Blog - Barboflex","robots":{"index":"index","follow":"follow","max-snippet":"max-snippet:-1","max-image-preview":"max-image-preview:large","max-video-preview":"max-video-preview:-1"},"canonical":"https:\/\/barboflex.pt\/blog\/","og_locale":"es_ES","og_type":"article","og_title":"Blog - Barboflex","og_description":"[vc_row unlock_row_content=\u00bb\u00bb row_height_percent=\u00bb0&#8243; override_padding=\u00bbyes\u00bb h_padding=\u00bb0&#8243; top_padding=\u00bb4&#8243; bottom_padding=\u00bb2&#8243; shift_y=\u00bb0&#8243; z_index=\u00bb0&#8243; el_class=\u00bbpt-adapt-0 pt-adapt-md-0&#8243;][vc_column position_horizontal=\u00bb\u00bb mobile_width=\u00bb11&#8243; shift_x=\u00bb0&#8243; shift_y=\u00bb0&#8243; z_index=\u00bb0&#8243; width=\u00bb8\/12&#8243; el_class=\u00bbpb-adapt-0 pb-adapt-md-0&#8243;][vc_custom_heading heading_semantic=\u00bbh1&#8243; text_size=\u00bbh1&#8243; text_color=\u00bb#040a1b\u00bb]Nos comprometemos a ofrecerle las \u00faltimas noticias.[\/vc_custom_heading][vc_column_text el_class=\u00bbmt-adapt-4&#8243; max_width=\u00bb440px\u00bb]Con nuestro compromiso de mantenerle informado, tendr\u00e1 acceso exclusivo de primera mano a todas las \u00faltimas noticias y acontecimientos relevantes. Nos comprometemos a ofrecerle contenidos de [&hellip;]","og_url":"https:\/\/barboflex.pt\/blog\/","og_site_name":"Barboflex","article_publisher":"https:\/\/www.facebook.com\/barboflex.pt","article_modified_time":"2024-01-05T10:53:22+00:00","og_image":[{"width":2560,"height":1440,"url":"https:\/\/barboflex.pt\/wp-content\/uploads\/2024\/09\/Metadescription_Prancheta-1-scaled.jpg","type":"image\/jpeg"}],"twitter_card":"summary_large_image","twitter_misc":{"Tiempo de lectura":"1 minuto"},"schema":{"@context":"https:\/\/schema.org","@graph":[{"@type":"WebPage","@id":"https:\/\/barboflex.pt\/blog\/","url":"https:\/\/barboflex.pt\/blog\/","name":"Blog - Barboflex","isPartOf":{"@id":"https:\/\/barboflex.pt\/#website"},"datePublished":"2023-05-26T10:46:28+00:00","dateModified":"2024-01-05T10:53:22+00:00","breadcrumb":{"@id":"https:\/\/barboflex.pt\/blog\/#breadcrumb"},"inLanguage":"es","potentialAction":[{"@type":"ReadAction","target":["https:\/\/barboflex.pt\/blog\/"]}]},{"@type":"BreadcrumbList","@id":"https:\/\/barboflex.pt\/blog\/#breadcrumb","itemListElement":[{"@type":"ListItem","position":1,"name":"In\u00edcio","item":"https:\/\/barboflex.pt\/es\/"},{"@type":"ListItem","position":2,"name":"Blog"}]},{"@type":"WebSite","@id":"https:\/\/barboflex.pt\/#website","url":"https:\/\/barboflex.pt\/","name":"Barboflex","description":"20 anos de experi\u00eancia em Hidr\u00e1ulica e Pneum\u00e1tica. Refer\u00eancia no mercado Nacional e Internacional na produ\u00e7\u00e3o e distribui\u00e7\u00e3o de mangueiras hidr\u00e1ulicas, componentes e acess\u00f3rios para a ind\u00fastria.","publisher":{"@id":"https:\/\/barboflex.pt\/#organization"},"alternateName":"Barboflex Flexible Solutions","potentialAction":[{"@type":"SearchAction","target":{"@type":"EntryPoint","urlTemplate":"https:\/\/barboflex.pt\/?s={search_term_string}"},"query-input":"required name=search_term_string"}],"inLanguage":"es"},{"@type":"Organization","@id":"https:\/\/barboflex.pt\/#organization","name":"Barboflex S.A.","alternateName":"Barboflex","url":"https:\/\/barboflex.pt\/","logo":{"@type":"ImageObject","inLanguage":"es","@id":"https:\/\/barboflex.pt\/#\/schema\/logo\/image\/","url":"https:\/\/barboflex.pt\/wp-content\/uploads\/2023\/05\/logo-2.svg","contentUrl":"https:\/\/barboflex.pt\/wp-content\/uploads\/2023\/05\/logo-2.svg","width":1,"height":1,"caption":"Barboflex S.A."},"image":{"@id":"https:\/\/barboflex.pt\/#\/schema\/logo\/image\/"},"sameAs":["https:\/\/www.facebook.com\/barboflex.pt","https:\/\/www.instagram.com\/barboflex","https:\/\/www.youtube.com\/@BarboflexSA","https:\/\/www.linkedin.com\/company\/barboflex\/"]}]}},"jetpack_sharing_enabled":true,"_links":{"self":[{"href":"https:\/\/barboflex.pt\/es\/wp-json\/wp\/v2\/pages\/111562","targetHints":{"allow":["GET"]}}],"collection":[{"href":"https:\/\/barboflex.pt\/es\/wp-json\/wp\/v2\/pages"}],"about":[{"href":"https:\/\/barboflex.pt\/es\/wp-json\/wp\/v2\/types\/page"}],"author":[{"embeddable":true,"href":"https:\/\/barboflex.pt\/es\/wp-json\/wp\/v2\/users\/1"}],"replies":[{"embeddable":true,"href":"https:\/\/barboflex.pt\/es\/wp-json\/wp\/v2\/comments?post=111562"}],"version-history":[{"count":0,"href":"https:\/\/barboflex.pt\/es\/wp-json\/wp\/v2\/pages\/111562\/revisions"}],"wp:attachment":[{"href":"https:\/\/barboflex.pt\/es\/wp-json\/wp\/v2\/media?parent=111562"}],"curies":[{"name":"wp","href":"https:\/\/api.w.org\/{rel}","templated":true}]}}