{"id":142960,"date":"2024-01-27T20:21:25","date_gmt":"2024-01-27T19:21:25","guid":{"rendered":"https:\/\/barboflex.pt\/product\/check-coupling-m16-x-metric\/"},"modified":"2024-12-03T20:05:54","modified_gmt":"2024-12-03T19:05:54","slug":"check-coupling-m16-x-metric-check-couplings","status":"publish","type":"product","link":"https:\/\/barboflex.pt\/en\/product\/check-coupling-m16-x-metric-check-couplings\/","title":{"rendered":"CHECK COUPLING M16 X M\u00c9TRIC"},"content":{"rendered":"<p>CHECK COUPLING M16 X M\u00c9TRIC<\/p>\n","protected":false},"excerpt":{"rendered":"<p>Not available<\/p>\n","protected":false},"featured_media":100050,"template":"","meta":{"_acf_changed":false,"content-type":""},"product_brand":[],"product_cat":[6807],"product_tag":[],"class_list":{"0":"post-142960","1":"product","2":"type-product","3":"status-publish","4":"has-post-thumbnail","6":"product_cat-hidraulica-hidraulica-manometro-tomadas-de-pressao-en","8":"first","9":"instock","10":"taxable","11":"shipping-taxable","12":"purchasable","13":"product-type-variable","14":"has-default-attributes"},"acf":[],"tiered_pricing_type":"fixed","tiered_pricing_fixed_rules":[],"tiered_pricing_percentage_rules":[],"tiered_pricing_minimum":1,"_administrator_tiered_pricing_type":"fixed","_administrator_tiered_pricing_fixed_rules":[],"_editor_tiered_pricing_type":"fixed","_editor_tiered_pricing_fixed_rules":[],"_author_tiered_pricing_type":"fixed","_author_tiered_pricing_fixed_rules":[],"_contributor_tiered_pricing_type":"fixed","_contributor_tiered_pricing_fixed_rules":[],"_subscriber_tiered_pricing_type":"fixed","_subscriber_tiered_pricing_fixed_rules":[],"_customer_tiered_pricing_type":"fixed","_customer_tiered_pricing_fixed_rules":[],"_shop_manager_tiered_pricing_type":"fixed","_shop_manager_tiered_pricing_fixed_rules":[],"_banan_tiered_pricing_type":"fixed","_banan_tiered_pricing_fixed_rules":[],"_role3_tiered_pricing_type":"fixed","_role3_tiered_pricing_fixed_rules":[],"_role1_tiered_pricing_type":"fixed","_role1_tiered_pricing_fixed_rules":[],"_role2_tiered_pricing_type":"fixed","_role2_tiered_pricing_fixed_rules":[],"_role5_tiered_pricing_type":"fixed","_role5_tiered_pricing_fixed_rules":[],"_role4_tiered_pricing_type":"fixed","_role4_tiered_pricing_fixed_rules":[],"_role2.0_tiered_pricing_type":"fixed","_role2.0_tiered_pricing_fixed_rules":[],"_roleC00325_tiered_pricing_type":"fixed","_roleC00325_tiered_pricing_fixed_rules":[],"_roleC02893_tiered_pricing_type":"fixed","_roleC02893_tiered_pricing_fixed_rules":[],"_roleC01314_tiered_pricing_type":"fixed","_roleC01314_tiered_pricing_fixed_rules":[],"_roleC01849_tiered_pricing_type":"fixed","_roleC01849_tiered_pricing_fixed_rules":[],"_roleC02946_tiered_pricing_type":"fixed","_roleC02946_tiered_pricing_fixed_rules":[],"_role5.55_tiered_pricing_type":"fixed","_role5.55_tiered_pricing_fixed_rules":[],"_role5.65_tiered_pricing_type":"fixed","_role5.65_tiered_pricing_fixed_rules":[],"_role5.50_tiered_pricing_type":"fixed","_role5.50_tiered_pricing_fixed_rules":[],"_role5.25_tiered_pricing_type":"fixed","_role5.25_tiered_pricing_fixed_rules":[],"_role5.40_tiered_pricing_type":"fixed","_role5.40_tiered_pricing_fixed_rules":[],"_role5.30_tiered_pricing_type":"fixed","_role5.30_tiered_pricing_fixed_rules":[],"_role5.35_tiered_pricing_type":"fixed","_role5.35_tiered_pricing_fixed_rules":[],"_role5.0_tiered_pricing_type":"fixed","_role5.0_tiered_pricing_fixed_rules":[],"_role5.20_tiered_pricing_type":"fixed","_role5.20_tiered_pricing_fixed_rules":[],"_roleC01918_tiered_pricing_type":"fixed","_roleC01918_tiered_pricing_fixed_rules":[],"_roleC02290_tiered_pricing_type":"fixed","_roleC02290_tiered_pricing_fixed_rules":[],"_roleC02600_tiered_pricing_type":"fixed","_roleC02600_tiered_pricing_fixed_rules":[],"_role1.0_tiered_pricing_type":"fixed","_role1.0_tiered_pricing_fixed_rules":[],"_role1.60_tiered_pricing_type":"fixed","_role1.60_tiered_pricing_fixed_rules":[],"_role1.67_tiered_pricing_type":"fixed","_role1.67_tiered_pricing_fixed_rules":[],"_role1.20_tiered_pricing_type":"fixed","_role1.20_tiered_pricing_fixed_rules":[],"_role1.65_tiered_pricing_type":"fixed","_role1.65_tiered_pricing_fixed_rules":[],"_role1.80_tiered_pricing_type":"fixed","_role1.80_tiered_pricing_fixed_rules":[],"_role3.68_tiered_pricing_type":"fixed","_role3.68_tiered_pricing_fixed_rules":[],"_role3.55_tiered_pricing_type":"fixed","_role3.55_tiered_pricing_fixed_rules":[],"_role3.63_tiered_pricing_type":"fixed","_role3.63_tiered_pricing_fixed_rules":[],"_role3.62_tiered_pricing_type":"fixed","_role3.62_tiered_pricing_fixed_rules":[],"_role3.42_tiered_pricing_type":"fixed","_role3.42_tiered_pricing_fixed_rules":[],"_role3.0_tiered_pricing_type":"fixed","_role3.0_tiered_pricing_fixed_rules":[],"_role3.35_tiered_pricing_type":"fixed","_role3.35_tiered_pricing_fixed_rules":[],"_role3.30_tiered_pricing_type":"fixed","_role3.30_tiered_pricing_fixed_rules":[],"_role3.65_tiered_pricing_type":"fixed","_role3.65_tiered_pricing_fixed_rules":[],"_role3.22_tiered_pricing_type":"fixed","_role3.22_tiered_pricing_fixed_rules":[],"_role3.25_tiered_pricing_type":"fixed","_role3.25_tiered_pricing_fixed_rules":[],"_role3.15_tiered_pricing_type":"fixed","_role3.15_tiered_pricing_fixed_rules":[],"_role3.40_tiered_pricing_type":"fixed","_role3.40_tiered_pricing_fixed_rules":[],"_role3.70_tiered_pricing_type":"fixed","_role3.70_tiered_pricing_fixed_rules":[],"_role3.80_tiered_pricing_type":"fixed","_role3.80_tiered_pricing_fixed_rules":[],"_role3.50_tiered_pricing_type":"fixed","_role3.50_tiered_pricing_fixed_rules":[],"_role3.20_tiered_pricing_type":"fixed","_role3.20_tiered_pricing_fixed_rules":[],"_role3.45_tiered_pricing_type":"fixed","_role3.45_tiered_pricing_fixed_rules":[],"_role3.60_tiered_pricing_type":"fixed","_role3.60_tiered_pricing_fixed_rules":[],"_roleC03356_tiered_pricing_type":"fixed","_roleC03356_tiered_pricing_fixed_rules":[],"_roleC01398_tiered_pricing_type":"fixed","_roleC01398_tiered_pricing_fixed_rules":[],"_roleC00876_tiered_pricing_type":"fixed","_roleC00876_tiered_pricing_fixed_rules":[],"_roleC00400_tiered_pricing_type":"fixed","_roleC00400_tiered_pricing_fixed_rules":[],"_role5.60_tiered_pricing_type":"fixed","_role5.60_tiered_pricing_fixed_rules":[],"_role5.45_tiered_pricing_type":"fixed","_role5.45_tiered_pricing_fixed_rules":[],"_role1.40_tiered_pricing_type":"fixed","_role1.40_tiered_pricing_fixed_rules":[],"_role7.0_tiered_pricing_type":"fixed","_role7.0_tiered_pricing_fixed_rules":[],"_roleLOJA_ONLINE_tiered_pricing_type":"fixed","_roleLOJA_ONLINE_tiered_pricing_fixed_rules":[],"_wpseo_manager_tiered_pricing_type":"fixed","_wpseo_manager_tiered_pricing_fixed_rules":[],"_wpseo_editor_tiered_pricing_type":"fixed","_wpseo_editor_tiered_pricing_fixed_rules":[],"_roleC03123_tiered_pricing_type":"fixed","_roleC03123_tiered_pricing_fixed_rules":[],"_roleC00800_tiered_pricing_type":"fixed","_roleC00800_tiered_pricing_fixed_rules":[],"_roleC00515_tiered_pricing_type":"fixed","_roleC00515_tiered_pricing_fixed_rules":[],"_roleC00602_tiered_pricing_type":"fixed","_roleC00602_tiered_pricing_fixed_rules":[],"_rolerole5.0_tiered_pricing_type":"fixed","_rolerole5.0_tiered_pricing_fixed_rules":[],"_rolerole5_tiered_pricing_type":"fixed","_rolerole5_tiered_pricing_fixed_rules":[],"_rolerole3.65_tiered_pricing_type":"fixed","_rolerole3.65_tiered_pricing_fixed_rules":[],"_roleC00608_tiered_pricing_type":"fixed","_roleC00608_tiered_pricing_fixed_rules":[],"_role-1.0_tiered_pricing_type":"fixed","_role-1.0_tiered_pricing_fixed_rules":[],"_roleC02453_tiered_pricing_type":"fixed","_roleC02453_tiered_pricing_fixed_rules":[],"_roleC01831_tiered_pricing_type":"fixed","_roleC01831_tiered_pricing_fixed_rules":[],"_roleC02709_tiered_pricing_type":"fixed","_roleC02709_tiered_pricing_fixed_rules":[],"_roleC00520_tiered_pricing_type":"fixed","_roleC00520_tiered_pricing_fixed_rules":[],"_roleC00838_tiered_pricing_type":"fixed","_roleC00838_tiered_pricing_fixed_rules":[],"_roleC00523_tiered_pricing_type":"fixed","_roleC00523_tiered_pricing_fixed_rules":[],"_roleC00537_tiered_pricing_type":"fixed","_roleC00537_tiered_pricing_fixed_rules":[],"_role2.65_tiered_pricing_type":"fixed","_role2.65_tiered_pricing_fixed_rules":[],"yoast_head":"<!-- This site is optimized with the Yoast SEO plugin v22.4 - https:\/\/yoast.com\/wordpress\/plugins\/seo\/ -->\n<title>CHECK COUPLING M16 X M\u00c9TRIC - Barboflex<\/title>\n<meta name=\"robots\" content=\"index, follow, max-snippet:-1, max-image-preview:large, max-video-preview:-1\" \/>\n<link rel=\"canonical\" href=\"https:\/\/barboflex.pt\/en\/product\/check-coupling-m16-x-metric-check-couplings\/\" \/>\n<meta property=\"og:locale\" content=\"en_US\" \/>\n<meta property=\"og:type\" content=\"article\" \/>\n<meta property=\"og:title\" content=\"CHECK COUPLING M16 X M\u00c9TRIC - Barboflex\" \/>\n<meta property=\"og:description\" content=\"Not available\" \/>\n<meta property=\"og:url\" content=\"https:\/\/barboflex.pt\/en\/product\/check-coupling-m16-x-metric-check-couplings\/\" \/>\n<meta property=\"og:site_name\" content=\"Barboflex\" \/>\n<meta property=\"article:publisher\" content=\"https:\/\/www.facebook.com\/barboflex.pt\" \/>\n<meta property=\"article:modified_time\" content=\"2024-12-03T19:05:54+00:00\" \/>\n<meta property=\"og:image\" content=\"https:\/\/barboflex.pt\/wp-content\/uploads\/2024\/03\/Ly9JbWdzX0FydGlnb3MvSDIwTUVULmpwZw-5.jpg\" \/>\n\t<meta property=\"og:image:width\" content=\"313\" \/>\n\t<meta property=\"og:image:height\" content=\"432\" \/>\n\t<meta property=\"og:image:type\" content=\"image\/jpeg\" \/>\n<meta name=\"twitter:card\" content=\"summary_large_image\" \/>\n<script type=\"application\/ld+json\" class=\"yoast-schema-graph\">{\"@context\":\"https:\/\/schema.org\",\"@graph\":[{\"@type\":\"WebPage\",\"@id\":\"https:\/\/barboflex.pt\/en\/product\/check-coupling-m16-x-metric-check-couplings\/\",\"url\":\"https:\/\/barboflex.pt\/en\/product\/check-coupling-m16-x-metric-check-couplings\/\",\"name\":\"CHECK COUPLING M16 X M\u00c9TRIC - Barboflex\",\"isPartOf\":{\"@id\":\"https:\/\/barboflex.pt\/#website\"},\"primaryImageOfPage\":{\"@id\":\"https:\/\/barboflex.pt\/en\/product\/check-coupling-m16-x-metric-check-couplings\/#primaryimage\"},\"image\":{\"@id\":\"https:\/\/barboflex.pt\/en\/product\/check-coupling-m16-x-metric-check-couplings\/#primaryimage\"},\"thumbnailUrl\":\"https:\/\/barboflex.pt\/wp-content\/uploads\/2023\/12\/Ly9JbWdzX0FydGlnb3MvSDIwTUVULmpwZw.jpg\",\"datePublished\":\"2024-01-27T19:21:25+00:00\",\"dateModified\":\"2024-12-03T19:05:54+00:00\",\"breadcrumb\":{\"@id\":\"https:\/\/barboflex.pt\/en\/product\/check-coupling-m16-x-metric-check-couplings\/#breadcrumb\"},\"inLanguage\":\"en-US\",\"potentialAction\":[{\"@type\":\"ReadAction\",\"target\":[\"https:\/\/barboflex.pt\/en\/product\/check-coupling-m16-x-metric-check-couplings\/\"]}]},{\"@type\":\"ImageObject\",\"inLanguage\":\"en-US\",\"@id\":\"https:\/\/barboflex.pt\/en\/product\/check-coupling-m16-x-metric-check-couplings\/#primaryimage\",\"url\":\"https:\/\/barboflex.pt\/wp-content\/uploads\/2023\/12\/Ly9JbWdzX0FydGlnb3MvSDIwTUVULmpwZw.jpg\",\"contentUrl\":\"https:\/\/barboflex.pt\/wp-content\/uploads\/2023\/12\/Ly9JbWdzX0FydGlnb3MvSDIwTUVULmpwZw.jpg\",\"width\":313,\"height\":432,\"caption\":\"TOMADA DE PRESS\u00c3O M16 X M\u00c9TRICO\"},{\"@type\":\"BreadcrumbList\",\"@id\":\"https:\/\/barboflex.pt\/en\/product\/check-coupling-m16-x-metric-check-couplings\/#breadcrumb\",\"itemListElement\":[{\"@type\":\"ListItem\",\"position\":1,\"name\":\"In\u00edcio\",\"item\":\"https:\/\/barboflex.pt\/en\/\"},{\"@type\":\"ListItem\",\"position\":2,\"name\":\"Shop\",\"item\":\"https:\/\/barboflex.pt\/en\/shop\/\"},{\"@type\":\"ListItem\",\"position\":3,\"name\":\"CHECK COUPLING M16 X M\u00c9TRIC\"}]},{\"@type\":\"WebSite\",\"@id\":\"https:\/\/barboflex.pt\/#website\",\"url\":\"https:\/\/barboflex.pt\/\",\"name\":\"Barboflex\",\"description\":\"20 anos de experi\u00eancia em Hidr\u00e1ulica e Pneum\u00e1tica. Refer\u00eancia no mercado Nacional e Internacional na produ\u00e7\u00e3o e distribui\u00e7\u00e3o de mangueiras hidr\u00e1ulicas, componentes e acess\u00f3rios para a ind\u00fastria.\",\"publisher\":{\"@id\":\"https:\/\/barboflex.pt\/#organization\"},\"alternateName\":\"Barboflex Flexible Solutions\",\"potentialAction\":[{\"@type\":\"SearchAction\",\"target\":{\"@type\":\"EntryPoint\",\"urlTemplate\":\"https:\/\/barboflex.pt\/?s={search_term_string}\"},\"query-input\":\"required name=search_term_string\"}],\"inLanguage\":\"en-US\"},{\"@type\":\"Organization\",\"@id\":\"https:\/\/barboflex.pt\/#organization\",\"name\":\"Barboflex S.A.\",\"alternateName\":\"Barboflex\",\"url\":\"https:\/\/barboflex.pt\/\",\"logo\":{\"@type\":\"ImageObject\",\"inLanguage\":\"en-US\",\"@id\":\"https:\/\/barboflex.pt\/#\/schema\/logo\/image\/\",\"url\":\"https:\/\/barboflex.pt\/wp-content\/uploads\/2023\/05\/logo-2.svg\",\"contentUrl\":\"https:\/\/barboflex.pt\/wp-content\/uploads\/2023\/05\/logo-2.svg\",\"width\":1,\"height\":1,\"caption\":\"Barboflex S.A.\"},\"image\":{\"@id\":\"https:\/\/barboflex.pt\/#\/schema\/logo\/image\/\"},\"sameAs\":[\"https:\/\/www.facebook.com\/barboflex.pt\",\"https:\/\/www.instagram.com\/barboflex\",\"https:\/\/www.youtube.com\/@BarboflexSA\",\"https:\/\/www.linkedin.com\/company\/barboflex\/\"]}]}<\/script>\n<!-- \/ Yoast SEO plugin. -->","yoast_head_json":{"title":"CHECK COUPLING M16 X M\u00c9TRIC - Barboflex","robots":{"index":"index","follow":"follow","max-snippet":"max-snippet:-1","max-image-preview":"max-image-preview:large","max-video-preview":"max-video-preview:-1"},"canonical":"https:\/\/barboflex.pt\/en\/product\/check-coupling-m16-x-metric-check-couplings\/","og_locale":"en_US","og_type":"article","og_title":"CHECK COUPLING M16 X M\u00c9TRIC - Barboflex","og_description":"Not available","og_url":"https:\/\/barboflex.pt\/en\/product\/check-coupling-m16-x-metric-check-couplings\/","og_site_name":"Barboflex","article_publisher":"https:\/\/www.facebook.com\/barboflex.pt","article_modified_time":"2024-12-03T19:05:54+00:00","og_image":[{"width":313,"height":432,"url":"https:\/\/barboflex.pt\/wp-content\/uploads\/2024\/03\/Ly9JbWdzX0FydGlnb3MvSDIwTUVULmpwZw-5.jpg","type":"image\/jpeg"}],"twitter_card":"summary_large_image","schema":{"@context":"https:\/\/schema.org","@graph":[{"@type":"WebPage","@id":"https:\/\/barboflex.pt\/en\/product\/check-coupling-m16-x-metric-check-couplings\/","url":"https:\/\/barboflex.pt\/en\/product\/check-coupling-m16-x-metric-check-couplings\/","name":"CHECK COUPLING M16 X M\u00c9TRIC - Barboflex","isPartOf":{"@id":"https:\/\/barboflex.pt\/#website"},"primaryImageOfPage":{"@id":"https:\/\/barboflex.pt\/en\/product\/check-coupling-m16-x-metric-check-couplings\/#primaryimage"},"image":{"@id":"https:\/\/barboflex.pt\/en\/product\/check-coupling-m16-x-metric-check-couplings\/#primaryimage"},"thumbnailUrl":"https:\/\/barboflex.pt\/wp-content\/uploads\/2023\/12\/Ly9JbWdzX0FydGlnb3MvSDIwTUVULmpwZw.jpg","datePublished":"2024-01-27T19:21:25+00:00","dateModified":"2024-12-03T19:05:54+00:00","breadcrumb":{"@id":"https:\/\/barboflex.pt\/en\/product\/check-coupling-m16-x-metric-check-couplings\/#breadcrumb"},"inLanguage":"en-US","potentialAction":[{"@type":"ReadAction","target":["https:\/\/barboflex.pt\/en\/product\/check-coupling-m16-x-metric-check-couplings\/"]}]},{"@type":"ImageObject","inLanguage":"en-US","@id":"https:\/\/barboflex.pt\/en\/product\/check-coupling-m16-x-metric-check-couplings\/#primaryimage","url":"https:\/\/barboflex.pt\/wp-content\/uploads\/2023\/12\/Ly9JbWdzX0FydGlnb3MvSDIwTUVULmpwZw.jpg","contentUrl":"https:\/\/barboflex.pt\/wp-content\/uploads\/2023\/12\/Ly9JbWdzX0FydGlnb3MvSDIwTUVULmpwZw.jpg","width":313,"height":432,"caption":"TOMADA DE PRESS\u00c3O M16 X M\u00c9TRICO"},{"@type":"BreadcrumbList","@id":"https:\/\/barboflex.pt\/en\/product\/check-coupling-m16-x-metric-check-couplings\/#breadcrumb","itemListElement":[{"@type":"ListItem","position":1,"name":"In\u00edcio","item":"https:\/\/barboflex.pt\/en\/"},{"@type":"ListItem","position":2,"name":"Shop","item":"https:\/\/barboflex.pt\/en\/shop\/"},{"@type":"ListItem","position":3,"name":"CHECK COUPLING M16 X M\u00c9TRIC"}]},{"@type":"WebSite","@id":"https:\/\/barboflex.pt\/#website","url":"https:\/\/barboflex.pt\/","name":"Barboflex","description":"20 anos de experi\u00eancia em Hidr\u00e1ulica e Pneum\u00e1tica. Refer\u00eancia no mercado Nacional e Internacional na produ\u00e7\u00e3o e distribui\u00e7\u00e3o de mangueiras hidr\u00e1ulicas, componentes e acess\u00f3rios para a ind\u00fastria.","publisher":{"@id":"https:\/\/barboflex.pt\/#organization"},"alternateName":"Barboflex Flexible Solutions","potentialAction":[{"@type":"SearchAction","target":{"@type":"EntryPoint","urlTemplate":"https:\/\/barboflex.pt\/?s={search_term_string}"},"query-input":"required name=search_term_string"}],"inLanguage":"en-US"},{"@type":"Organization","@id":"https:\/\/barboflex.pt\/#organization","name":"Barboflex S.A.","alternateName":"Barboflex","url":"https:\/\/barboflex.pt\/","logo":{"@type":"ImageObject","inLanguage":"en-US","@id":"https:\/\/barboflex.pt\/#\/schema\/logo\/image\/","url":"https:\/\/barboflex.pt\/wp-content\/uploads\/2023\/05\/logo-2.svg","contentUrl":"https:\/\/barboflex.pt\/wp-content\/uploads\/2023\/05\/logo-2.svg","width":1,"height":1,"caption":"Barboflex S.A."},"image":{"@id":"https:\/\/barboflex.pt\/#\/schema\/logo\/image\/"},"sameAs":["https:\/\/www.facebook.com\/barboflex.pt","https:\/\/www.instagram.com\/barboflex","https:\/\/www.youtube.com\/@BarboflexSA","https:\/\/www.linkedin.com\/company\/barboflex\/"]}]}},"min_pressure":[],"brand":[""],"jetpack_sharing_enabled":true,"_links":{"self":[{"href":"https:\/\/barboflex.pt\/en\/wp-json\/wp\/v2\/product\/142960","targetHints":{"allow":["GET"]}}],"collection":[{"href":"https:\/\/barboflex.pt\/en\/wp-json\/wp\/v2\/product"}],"about":[{"href":"https:\/\/barboflex.pt\/en\/wp-json\/wp\/v2\/types\/product"}],"wp:featuredmedia":[{"embeddable":true,"href":"https:\/\/barboflex.pt\/en\/wp-json\/wp\/v2\/media\/100050"}],"wp:attachment":[{"href":"https:\/\/barboflex.pt\/en\/wp-json\/wp\/v2\/media?parent=142960"}],"wp:term":[{"taxonomy":"product_brand","embeddable":true,"href":"https:\/\/barboflex.pt\/en\/wp-json\/wp\/v2\/product_brand?post=142960"},{"taxonomy":"product_cat","embeddable":true,"href":"https:\/\/barboflex.pt\/en\/wp-json\/wp\/v2\/product_cat?post=142960"},{"taxonomy":"product_tag","embeddable":true,"href":"https:\/\/barboflex.pt\/en\/wp-json\/wp\/v2\/product_tag?post=142960"}],"curies":[{"name":"wp","href":"https:\/\/api.w.org\/{rel}","templated":true}]}}