{"id":44036,"date":"2023-05-26T10:46:28","date_gmt":"2023-05-26T10:46:28","guid":{"rendered":"https:\/\/barboflex.pt\/blog\/"},"modified":"2023-12-29T18:22:33","modified_gmt":"2023-12-29T18:22:33","slug":"blog","status":"publish","type":"page","link":"https:\/\/barboflex.pt\/en\/blog\/","title":{"rendered":"Blog"},"content":{"rendered":"<div class=\"wpb-content-wrapper\"><p>[vc_row unlock_row_content=&#8221;&#8221; row_height_percent=&#8221;0&#8243; override_padding=&#8221;yes&#8221; h_padding=&#8221;0&#8243; top_padding=&#8221;4&#8243; bottom_padding=&#8221;2&#8243; shift_y=&#8221;0&#8243; z_index=&#8221;0&#8243; el_class=&#8221;pt-adapt-0 pt-adapt-md-0&#8243;][vc_column position_horizontal=&#8221;&#8221; mobile_width=&#8221;11&#8243; shift_x=&#8221;0&#8243; shift_y=&#8221;0&#8243; z_index=&#8221;0&#8243; width=&#8221;8\/12&#8243; el_class=&#8221;pb-adapt-0 pb-adapt-md-0&#8243;][vc_custom_heading heading_semantic=&#8221;h1&#8243; text_size=&#8221;h1&#8243; text_color=&#8221;#040a1b&#8221;]We are committed to bring you the latest news.[\/vc_custom_heading][vc_column_text el_class=&#8221;mt-adapt-4&#8243; max_width=&#8221;440px&#8221;]With our commitment to keeping you informed, you&#8217;ll have exclusive first-hand access to all the latest news and relevant events. We are committed to bringing you quality content so that you are always up to date and well informed.[\/vc_column_text][\/vc_column][vc_column position_horizontal=&#8221;d-md-flex justify-content-md-end&#8221; position_vertical=&#8221;d-md-flex align-items-md-center&#8221; align_horizontal=&#8221;text-md-right&#8221; mobile_visibility=&#8221;yes&#8221; mobile_width=&#8221;3&#8243; shift_x=&#8221;0&#8243; shift_y=&#8221;0&#8243; z_index=&#8221;0&#8243; width=&#8221;4\/12&#8243;][\/vc_column][\/vc_row][vc_row unlock_row_content=&#8221;&#8221; row_height_percent=&#8221;0&#8243; override_padding=&#8221;yes&#8221; h_padding=&#8221;0&#8243; top_padding=&#8221;0&#8243; bottom_padding=&#8221;0&#8243; shift_y=&#8221;0&#8243; z_index=&#8221;0&#8243;][vc_column position_horizontal=&#8221;&#8221; override_padding=&#8221;yes&#8221; column_padding=&#8221;0&#8243; mobile_width=&#8221;11&#8243; shift_x=&#8221;0&#8243; shift_y=&#8221;0&#8243; z_index=&#8221;0&#8243; width=&#8221;8\/12&#8243; el_class=&#8221;border-radius-right&#8221;]<div class=\"posts_grid border-radius-right\" data-post=\"post\" data-name=\"post\" data-label=\"post\" id=\"post\" data-loadmore=\"\"><div class=\"archive-divs elements_animated w-100 h-100 border-radius-right text-left\">\n\t<figure>\n\t\t<picture><div class=\"aspectRatioPlaceholder\" style=\"margin:auto; \"><div class=\"fill\" style=\"padding-bottom: 83.173076923077%\"><\/div><\/div><span role=\"img\" aria-label=\"\" class=\"has_bg\" data-background-image=\"https:\/\/barboflex.pt\/wp-content\/uploads\/2023\/12\/Post-4_destaque.jpg\"><\/span><\/picture>\n\t\t<figcaption class=\"position-absolute w-100 d-flex \">\n      <div class=\"d-flex align-items-end flex-grow-1\">\n        <div class=\"flex-grow-1\">\n          <h3 class=\"text-white h4\">Hoses Prevention<\/h3>\n        <\/div>\n        <div class=\"flex-shrink-1 pl-2\">\n        <button class=\"news-button\" href=\"https:\/\/barboflex.pt\/en\/hoses-prevention\/\"><i class=\"icon-arrow_forward\" style=\"font-size:40px\"><\/i><\/button>\n        <\/div>\n      <\/div>\n    <\/figcaption>\n    <a class=\"linker\" href=\"https:\/\/barboflex.pt\/en\/hoses-prevention\/\" data-remote=\"true\"><\/a>\n\t<\/figure>\n<\/div><\/div>[\/vc_column][vc_column position_horizontal=&#8221;&#8221; mobile_width=&#8221;11&#8243; shift_x=&#8221;0&#8243; shift_y=&#8221;0&#8243; z_index=&#8221;0&#8243; width=&#8221;4\/12&#8243;]<div class=\"posts_grid \" data-post=\"post\" data-name=\"post\" data-label=\"post\" id=\"post\" data-loadmore=\"\"><div class=\"archive-divs elements_animated w-100 text-left\">\n\t<figure>\n\t\t<picture><div class=\"aspectRatioPlaceholder\" style=\"margin:auto; \"><div class=\"fill\" style=\"padding-bottom: 83.173076923077%\"><\/div><\/div><span role=\"img\" aria-label=\"\" class=\"has_bg\" data-background-image=\"https:\/\/barboflex.pt\/wp-content\/uploads\/2023\/12\/Post-3_Destaque.jpg\"><\/span><\/picture>\n\t\t<figcaption class=\"position-absolute w-100 d-flex \">\n      <div class=\"d-flex align-items-end flex-grow-1\">\n        <div class=\"flex-grow-1\">\n          <h3 class=\"text-white h4\">Pressure gauges<\/h3>\n        <\/div>\n        <div class=\"flex-shrink-1 pl-2\">\n        <button class=\"news-button\" href=\"https:\/\/barboflex.pt\/en\/pressure-gauges\/\"><i class=\"icon-arrow_forward\" style=\"font-size:40px\"><\/i><\/button>\n        <\/div>\n      <\/div>\n    <\/figcaption>\n    <a class=\"linker\" href=\"https:\/\/barboflex.pt\/en\/pressure-gauges\/\" data-remote=\"true\"><\/a>\n\t<\/figure>\n<\/div><div class=\"archive-divs elements_animated w-100 text-left\">\n\t<figure>\n\t\t<picture><div class=\"aspectRatioPlaceholder\" style=\"margin:auto; \"><div class=\"fill\" style=\"padding-bottom: 83.173076923077%\"><\/div><\/div><span role=\"img\" aria-label=\"\" class=\"has_bg\" data-background-image=\"https:\/\/barboflex.pt\/wp-content\/uploads\/2023\/07\/Post-2_Destaque.jpg\"><\/span><\/picture>\n\t\t<figcaption class=\"position-absolute w-100 d-flex \">\n      <div class=\"d-flex align-items-end flex-grow-1\">\n        <div class=\"flex-grow-1\">\n          <h3 class=\"text-white h4\">Clamp: Fixes just the way you need it.<\/h3>\n        <\/div>\n        <div class=\"flex-shrink-1 pl-2\">\n        <button class=\"news-button\" href=\"https:\/\/barboflex.pt\/en\/abracadeira\/\"><i class=\"icon-arrow_forward\" style=\"font-size:40px\"><\/i><\/button>\n        <\/div>\n      <\/div>\n    <\/figcaption>\n    <a class=\"linker\" href=\"https:\/\/barboflex.pt\/en\/abracadeira\/\" data-remote=\"true\"><\/a>\n\t<\/figure>\n<\/div><\/div>[\/vc_column][\/vc_row][vc_row unlock_row_content=&#8221;&#8221; row_height_percent=&#8221;0&#8243; override_padding=&#8221;yes&#8221; h_padding=&#8221;0&#8243; top_padding=&#8221;0&#8243; bottom_padding=&#8221;5&#8243; shift_y=&#8221;0&#8243; z_index=&#8221;0&#8243;][vc_column width=&#8221;1\/1&#8243;][\/vc_column][\/vc_row]<\/p>\n<\/div>","protected":false},"excerpt":{"rendered":"<p>[vc_row unlock_row_content=&#8221;&#8221; row_height_percent=&#8221;0&#8243; override_padding=&#8221;yes&#8221; h_padding=&#8221;0&#8243; top_padding=&#8221;4&#8243; bottom_padding=&#8221;2&#8243; shift_y=&#8221;0&#8243; z_index=&#8221;0&#8243; el_class=&#8221;pt-adapt-0 pt-adapt-md-0&#8243;][vc_column position_horizontal=&#8221;&#8221; mobile_width=&#8221;11&#8243; shift_x=&#8221;0&#8243; shift_y=&#8221;0&#8243; z_index=&#8221;0&#8243; width=&#8221;8\/12&#8243; el_class=&#8221;pb-adapt-0 pb-adapt-md-0&#8243;][vc_custom_heading heading_semantic=&#8221;h1&#8243; text_size=&#8221;h1&#8243; text_color=&#8221;#040a1b&#8221;]We are committed to bring you the latest news.[\/vc_custom_heading][vc_column_text el_class=&#8221;mt-adapt-4&#8243; max_width=&#8221;440px&#8221;]With our commitment to keeping you informed, you&#8217;ll have exclusive first-hand access to all the latest news and relevant events. We are committed to [&hellip;]<\/p>\n","protected":false},"author":1,"featured_media":0,"parent":0,"menu_order":0,"comment_status":"closed","ping_status":"closed","template":"","meta":{"_acf_changed":false,"content-type":"","footnotes":""},"class_list":["post-44036","page","type-page","status-publish","hentry"],"acf":[],"yoast_head":"<!-- This site is optimized with the Yoast SEO plugin v22.4 - https:\/\/yoast.com\/wordpress\/plugins\/seo\/ -->\n<title>Blog - Barboflex<\/title>\n<meta name=\"robots\" content=\"index, follow, max-snippet:-1, max-image-preview:large, max-video-preview:-1\" \/>\n<link rel=\"canonical\" href=\"https:\/\/barboflex.pt\/blog\/\" \/>\n<meta property=\"og:locale\" content=\"en_US\" \/>\n<meta property=\"og:type\" content=\"article\" \/>\n<meta property=\"og:title\" content=\"Blog - Barboflex\" \/>\n<meta property=\"og:description\" content=\"[vc_row unlock_row_content=&#8221;&#8221; row_height_percent=&#8221;0&#8243; override_padding=&#8221;yes&#8221; h_padding=&#8221;0&#8243; top_padding=&#8221;4&#8243; bottom_padding=&#8221;2&#8243; shift_y=&#8221;0&#8243; z_index=&#8221;0&#8243; el_class=&#8221;pt-adapt-0 pt-adapt-md-0&#8243;][vc_column position_horizontal=&#8221;&#8221; mobile_width=&#8221;11&#8243; shift_x=&#8221;0&#8243; shift_y=&#8221;0&#8243; z_index=&#8221;0&#8243; width=&#8221;8\/12&#8243; el_class=&#8221;pb-adapt-0 pb-adapt-md-0&#8243;][vc_custom_heading heading_semantic=&#8221;h1&#8243; text_size=&#8221;h1&#8243; text_color=&#8221;#040a1b&#8221;]We are committed to bring you the latest news.[\/vc_custom_heading][vc_column_text el_class=&#8221;mt-adapt-4&#8243; max_width=&#8221;440px&#8221;]With our commitment to keeping you informed, you&#8217;ll have exclusive first-hand access to all the latest news and relevant events. We are committed to [&hellip;]\" \/>\n<meta property=\"og:url\" content=\"https:\/\/barboflex.pt\/blog\/\" \/>\n<meta property=\"og:site_name\" content=\"Barboflex\" \/>\n<meta property=\"article:publisher\" content=\"https:\/\/www.facebook.com\/barboflex.pt\" \/>\n<meta property=\"article:modified_time\" content=\"2023-12-29T18:22:33+00:00\" \/>\n<meta property=\"og:image\" content=\"https:\/\/barboflex.pt\/wp-content\/uploads\/2024\/09\/Metadescription_Prancheta-1-scaled.jpg\" \/>\n\t<meta property=\"og:image:width\" content=\"2560\" \/>\n\t<meta property=\"og:image:height\" content=\"1440\" \/>\n\t<meta property=\"og:image:type\" content=\"image\/jpeg\" \/>\n<meta name=\"twitter:card\" content=\"summary_large_image\" \/>\n<meta name=\"twitter:label1\" content=\"Est. reading time\" \/>\n\t<meta name=\"twitter:data1\" content=\"1 minute\" \/>\n<script type=\"application\/ld+json\" class=\"yoast-schema-graph\">{\"@context\":\"https:\/\/schema.org\",\"@graph\":[{\"@type\":\"WebPage\",\"@id\":\"https:\/\/barboflex.pt\/blog\/\",\"url\":\"https:\/\/barboflex.pt\/blog\/\",\"name\":\"Blog - Barboflex\",\"isPartOf\":{\"@id\":\"https:\/\/barboflex.pt\/#website\"},\"datePublished\":\"2023-05-26T10:46:28+00:00\",\"dateModified\":\"2023-12-29T18:22:33+00:00\",\"breadcrumb\":{\"@id\":\"https:\/\/barboflex.pt\/blog\/#breadcrumb\"},\"inLanguage\":\"en-US\",\"potentialAction\":[{\"@type\":\"ReadAction\",\"target\":[\"https:\/\/barboflex.pt\/blog\/\"]}]},{\"@type\":\"BreadcrumbList\",\"@id\":\"https:\/\/barboflex.pt\/blog\/#breadcrumb\",\"itemListElement\":[{\"@type\":\"ListItem\",\"position\":1,\"name\":\"In\u00edcio\",\"item\":\"https:\/\/barboflex.pt\/en\/\"},{\"@type\":\"ListItem\",\"position\":2,\"name\":\"Blog\"}]},{\"@type\":\"WebSite\",\"@id\":\"https:\/\/barboflex.pt\/#website\",\"url\":\"https:\/\/barboflex.pt\/\",\"name\":\"Barboflex\",\"description\":\"20 anos de experi\u00eancia em Hidr\u00e1ulica e Pneum\u00e1tica. Refer\u00eancia no mercado Nacional e Internacional na produ\u00e7\u00e3o e distribui\u00e7\u00e3o de mangueiras hidr\u00e1ulicas, componentes e acess\u00f3rios para a ind\u00fastria.\",\"publisher\":{\"@id\":\"https:\/\/barboflex.pt\/#organization\"},\"alternateName\":\"Barboflex Flexible Solutions\",\"potentialAction\":[{\"@type\":\"SearchAction\",\"target\":{\"@type\":\"EntryPoint\",\"urlTemplate\":\"https:\/\/barboflex.pt\/?s={search_term_string}\"},\"query-input\":\"required name=search_term_string\"}],\"inLanguage\":\"en-US\"},{\"@type\":\"Organization\",\"@id\":\"https:\/\/barboflex.pt\/#organization\",\"name\":\"Barboflex S.A.\",\"alternateName\":\"Barboflex\",\"url\":\"https:\/\/barboflex.pt\/\",\"logo\":{\"@type\":\"ImageObject\",\"inLanguage\":\"en-US\",\"@id\":\"https:\/\/barboflex.pt\/#\/schema\/logo\/image\/\",\"url\":\"https:\/\/barboflex.pt\/wp-content\/uploads\/2023\/05\/logo-2.svg\",\"contentUrl\":\"https:\/\/barboflex.pt\/wp-content\/uploads\/2023\/05\/logo-2.svg\",\"width\":1,\"height\":1,\"caption\":\"Barboflex S.A.\"},\"image\":{\"@id\":\"https:\/\/barboflex.pt\/#\/schema\/logo\/image\/\"},\"sameAs\":[\"https:\/\/www.facebook.com\/barboflex.pt\",\"https:\/\/www.instagram.com\/barboflex\",\"https:\/\/www.youtube.com\/@BarboflexSA\",\"https:\/\/www.linkedin.com\/company\/barboflex\/\"]}]}<\/script>\n<!-- \/ Yoast SEO plugin. -->","yoast_head_json":{"title":"Blog - Barboflex","robots":{"index":"index","follow":"follow","max-snippet":"max-snippet:-1","max-image-preview":"max-image-preview:large","max-video-preview":"max-video-preview:-1"},"canonical":"https:\/\/barboflex.pt\/blog\/","og_locale":"en_US","og_type":"article","og_title":"Blog - Barboflex","og_description":"[vc_row unlock_row_content=&#8221;&#8221; row_height_percent=&#8221;0&#8243; override_padding=&#8221;yes&#8221; h_padding=&#8221;0&#8243; top_padding=&#8221;4&#8243; bottom_padding=&#8221;2&#8243; shift_y=&#8221;0&#8243; z_index=&#8221;0&#8243; el_class=&#8221;pt-adapt-0 pt-adapt-md-0&#8243;][vc_column position_horizontal=&#8221;&#8221; mobile_width=&#8221;11&#8243; shift_x=&#8221;0&#8243; shift_y=&#8221;0&#8243; z_index=&#8221;0&#8243; width=&#8221;8\/12&#8243; el_class=&#8221;pb-adapt-0 pb-adapt-md-0&#8243;][vc_custom_heading heading_semantic=&#8221;h1&#8243; text_size=&#8221;h1&#8243; text_color=&#8221;#040a1b&#8221;]We are committed to bring you the latest news.[\/vc_custom_heading][vc_column_text el_class=&#8221;mt-adapt-4&#8243; max_width=&#8221;440px&#8221;]With our commitment to keeping you informed, you&#8217;ll have exclusive first-hand access to all the latest news and relevant events. We are committed to [&hellip;]","og_url":"https:\/\/barboflex.pt\/blog\/","og_site_name":"Barboflex","article_publisher":"https:\/\/www.facebook.com\/barboflex.pt","article_modified_time":"2023-12-29T18:22:33+00:00","og_image":[{"width":2560,"height":1440,"url":"https:\/\/barboflex.pt\/wp-content\/uploads\/2024\/09\/Metadescription_Prancheta-1-scaled.jpg","type":"image\/jpeg"}],"twitter_card":"summary_large_image","twitter_misc":{"Est. reading time":"1 minute"},"schema":{"@context":"https:\/\/schema.org","@graph":[{"@type":"WebPage","@id":"https:\/\/barboflex.pt\/blog\/","url":"https:\/\/barboflex.pt\/blog\/","name":"Blog - Barboflex","isPartOf":{"@id":"https:\/\/barboflex.pt\/#website"},"datePublished":"2023-05-26T10:46:28+00:00","dateModified":"2023-12-29T18:22:33+00:00","breadcrumb":{"@id":"https:\/\/barboflex.pt\/blog\/#breadcrumb"},"inLanguage":"en-US","potentialAction":[{"@type":"ReadAction","target":["https:\/\/barboflex.pt\/blog\/"]}]},{"@type":"BreadcrumbList","@id":"https:\/\/barboflex.pt\/blog\/#breadcrumb","itemListElement":[{"@type":"ListItem","position":1,"name":"In\u00edcio","item":"https:\/\/barboflex.pt\/en\/"},{"@type":"ListItem","position":2,"name":"Blog"}]},{"@type":"WebSite","@id":"https:\/\/barboflex.pt\/#website","url":"https:\/\/barboflex.pt\/","name":"Barboflex","description":"20 anos de experi\u00eancia em Hidr\u00e1ulica e Pneum\u00e1tica. Refer\u00eancia no mercado Nacional e Internacional na produ\u00e7\u00e3o e distribui\u00e7\u00e3o de mangueiras hidr\u00e1ulicas, componentes e acess\u00f3rios para a ind\u00fastria.","publisher":{"@id":"https:\/\/barboflex.pt\/#organization"},"alternateName":"Barboflex Flexible Solutions","potentialAction":[{"@type":"SearchAction","target":{"@type":"EntryPoint","urlTemplate":"https:\/\/barboflex.pt\/?s={search_term_string}"},"query-input":"required name=search_term_string"}],"inLanguage":"en-US"},{"@type":"Organization","@id":"https:\/\/barboflex.pt\/#organization","name":"Barboflex S.A.","alternateName":"Barboflex","url":"https:\/\/barboflex.pt\/","logo":{"@type":"ImageObject","inLanguage":"en-US","@id":"https:\/\/barboflex.pt\/#\/schema\/logo\/image\/","url":"https:\/\/barboflex.pt\/wp-content\/uploads\/2023\/05\/logo-2.svg","contentUrl":"https:\/\/barboflex.pt\/wp-content\/uploads\/2023\/05\/logo-2.svg","width":1,"height":1,"caption":"Barboflex S.A."},"image":{"@id":"https:\/\/barboflex.pt\/#\/schema\/logo\/image\/"},"sameAs":["https:\/\/www.facebook.com\/barboflex.pt","https:\/\/www.instagram.com\/barboflex","https:\/\/www.youtube.com\/@BarboflexSA","https:\/\/www.linkedin.com\/company\/barboflex\/"]}]}},"jetpack_sharing_enabled":true,"_links":{"self":[{"href":"https:\/\/barboflex.pt\/en\/wp-json\/wp\/v2\/pages\/44036","targetHints":{"allow":["GET"]}}],"collection":[{"href":"https:\/\/barboflex.pt\/en\/wp-json\/wp\/v2\/pages"}],"about":[{"href":"https:\/\/barboflex.pt\/en\/wp-json\/wp\/v2\/types\/page"}],"author":[{"embeddable":true,"href":"https:\/\/barboflex.pt\/en\/wp-json\/wp\/v2\/users\/1"}],"replies":[{"embeddable":true,"href":"https:\/\/barboflex.pt\/en\/wp-json\/wp\/v2\/comments?post=44036"}],"version-history":[{"count":0,"href":"https:\/\/barboflex.pt\/en\/wp-json\/wp\/v2\/pages\/44036\/revisions"}],"wp:attachment":[{"href":"https:\/\/barboflex.pt\/en\/wp-json\/wp\/v2\/media?parent=44036"}],"curies":[{"name":"wp","href":"https:\/\/api.w.org\/{rel}","templated":true}]}}