{"id":1890,"date":"2023-10-04T12:14:00","date_gmt":"2023-10-04T12:14:00","guid":{"rendered":"https:\/\/barboflex.pt\/?page_id=1890"},"modified":"2024-02-08T18:22:43","modified_gmt":"2024-02-08T18:22:43","slug":"shipping-information","status":"publish","type":"page","link":"https:\/\/barboflex.pt\/en\/shipping-information\/","title":{"rendered":"Shipping Policy"},"content":{"rendered":"<div class=\"wpb-content-wrapper\"><p>[vc_row unlock_row_content=&#8221;&#8221; row_height_percent=&#8221;0&#8243; override_padding=&#8221;yes&#8221; h_padding=&#8221;0&#8243; top_padding=&#8221;3&#8243; bottom_padding=&#8221;2&#8243; shift_y=&#8221;0&#8243; z_index=&#8221;0&#8243;][vc_column position_horizontal=&#8221;&#8221; align_horizontal=&#8221;text-lg-center&#8221; mobile_width=&#8221;0&#8243; shift_x=&#8221;0&#8243; shift_y=&#8221;0&#8243; z_index=&#8221;0&#8243; medium_width=&#8221;0&#8243; width=&#8221;1\/1&#8243;][vc_custom_heading auto_text=&#8221;yes&#8221; heading_semantic=&#8221;h1&#8243; text_weight=&#8221;font-weight-light&#8221; el_class=&#8221;alternative-font&#8221;][\/vc_custom_heading][\/vc_column][\/vc_row][vc_row row_height_percent=&#8221;0&#8243; override_padding=&#8221;yes&#8221; h_padding=&#8221;0&#8243; top_padding=&#8221;1&#8243; bottom_padding=&#8221;3&#8243; shift_y=&#8221;0&#8243; z_index=&#8221;0&#8243; el_class=&#8221;mb-adapt-6&#8243;][vc_column position_horizontal=&#8221;&#8221; mobile_visibility=&#8221;yes&#8221; mobile_width=&#8221;0&#8243; shift_x=&#8221;0&#8243; shift_y=&#8221;0&#8243; z_index=&#8221;0&#8243; medium_visibility=&#8221;yes&#8221; medium_width=&#8221;0&#8243; width=&#8221;1\/6&#8243;][\/vc_column][vc_column width=&#8221;2\/3&#8243;][vc_custom_heading text_size=&#8221;h6&#8243;]<strong>Conditions of sale<\/strong>[\/vc_custom_heading][vc_column_text]The Customer confirms that, when placing the order, he\/she is aware of the terms and conditions of sale set out on the screen (name, price, components, quantity, colour, product specifications, etc.) and expressly declares that he\/she accepts them without reservation. The placing of the order and its confirmation by the Customer materialise their full and total acceptance of the terms of sale, applicable exclusively to the order in question.[\/vc_column_text][vc_empty_space empty_h=&#8221;3&#8243;][vc_custom_heading text_size=&#8221;h6&#8243;]<strong>Order<\/strong>[\/vc_custom_heading][vc_column_text]The Customer confirms the order by pressing the &#8220;Confirm Order&#8221; button. The order consists of a summary of all the items that the Customer confirms by clicking on the &#8220;Confirm Order&#8221; button in the &#8220;Checkout&#8221; tab. Barboflex&#8217;s automatic recording systems are considered to be proof of the nature, content and date of the order.[\/vc_column_text][vc_empty_space empty_h=&#8221;3&#8243;][vc_custom_heading text_size=&#8221;h6&#8243;]<strong>Order confirmation<\/strong>[\/vc_custom_heading][vc_column_text]Barboflex confirms acceptance of the order to the Customer by email. The sale will only be finalised once Barboflex has confirmed the order. Barboflex reserves the right not to confirm an order for any reason whatsoever, taking into account in particular the supply of products, a problem with the order received (e.g. faults in the data supplied by the Customer), an abnormal order or a foreseeable reason relating to future delivery. Barboflex will notify the Customer by all means at its disposal. Barboflex will only process an order placed by the Customer once payment has been confirmed or in accordance with previously agreed conditions.[\/vc_column_text][vc_empty_space empty_h=&#8221;3&#8243;][vc_custom_heading text_size=&#8221;h6&#8243;]<strong>Order delivery and supply conditions<\/strong>[\/vc_custom_heading][vc_column_text]The place and date of delivery of the order are chosen by the Customer at the time of placing the order. Barboflex reserves the right to use any carrier of its choice to deliver the products to the address indicated by the Customer.[\/vc_column_text][vc_empty_space empty_h=&#8221;3&#8243;][vc_custom_heading text_size=&#8221;h6&#8243;]<strong>Delivery time<\/strong>[\/vc_custom_heading][vc_column_text]Orders confirmed by 4pm will be dispatched on the same working day. Orders confirmed after 4pm will be dispatched the following working day. Deliveries are made on the working day following despatch, in the case of mainland Portugal. In the archipelagos, deliveries vary between 8 and 10 working days.[\/vc_column_text][vc_empty_space empty_h=&#8221;3&#8243;][vc_custom_heading text_size=&#8221;h6&#8243;]<strong>Delivery costs and other supply conditions<\/strong>[\/vc_custom_heading][vc_column_text]Delivery costs vary depending on the weight, size and delivery address of the Customer. When placing an order, the Customer undertakes to sign the delivery note presented by the carrier, on which they may make any comments they feel are unavoidable. By signing the delivery note, the Customer is confirming that they have received the number of packages indicated. Any occurrences such as force majeure, accidents, strikes, administrative decisions or transport stoppages which may delay, prevent or make the execution of the supply exorbitant, constitute a clause suspending or cancelling the obligations of Barboflex, S.A., without any right to compensation for the Customer.[\/vc_column_text][vc_empty_space empty_h=&#8221;3&#8243;][vc_custom_heading text_size=&#8221;h6&#8243;]<strong>Expedition<\/strong>[\/vc_custom_heading][vc_column_text]Deliveries will be made by the courier during normal office hours. Please select the shipping address so that someone can collect the products.[\/vc_column_text][vc_empty_space empty_h=&#8221;3&#8243;][vc_custom_heading text_size=&#8221;h6&#8243;]<strong>Price<\/strong>[\/vc_custom_heading][vc_column_text]All prices quoted are in Euros. The price invoiced to the Customer is the price indicated on the order confirmation sent by Barboflex.[\/vc_column_text][vc_empty_space empty_h=&#8221;3&#8243;][vc_custom_heading text_size=&#8221;h6&#8243;]<strong>Product sheet<\/strong>[\/vc_custom_heading][vc_column_text]The pictures illustrating the products are merely indicative. The accompanying texts are a reproduction of the information on the packaging or the instructions for use. Differences between the pictures and the products should only be minimal and do not imply any change in the main specifications of the products. The colour of the products displayed in the online shop may differ from the actual colour of the product.[\/vc_column_text][\/vc_column][vc_column position_horizontal=&#8221;&#8221; mobile_visibility=&#8221;yes&#8221; mobile_width=&#8221;0&#8243; shift_x=&#8221;0&#8243; shift_y=&#8221;0&#8243; z_index=&#8221;0&#8243; medium_visibility=&#8221;yes&#8221; medium_width=&#8221;0&#8243; width=&#8221;1\/6&#8243;][\/vc_column][\/vc_row][vc_row][vc_column width=&#8221;1\/1&#8243;][miew_block id=&#8221;1326&#8243;][\/vc_column][\/vc_row]<\/p>\n<\/div>","protected":false},"excerpt":{"rendered":"<p>[vc_row unlock_row_content=&#8221;&#8221; row_height_percent=&#8221;0&#8243; override_padding=&#8221;yes&#8221; h_padding=&#8221;0&#8243; top_padding=&#8221;3&#8243; bottom_padding=&#8221;2&#8243; shift_y=&#8221;0&#8243; z_index=&#8221;0&#8243;][vc_column position_horizontal=&#8221;&#8221; align_horizontal=&#8221;text-lg-center&#8221; mobile_width=&#8221;0&#8243; shift_x=&#8221;0&#8243; shift_y=&#8221;0&#8243; z_index=&#8221;0&#8243; medium_width=&#8221;0&#8243; width=&#8221;1\/1&#8243;][vc_custom_heading auto_text=&#8221;yes&#8221; heading_semantic=&#8221;h1&#8243; text_weight=&#8221;font-weight-light&#8221; el_class=&#8221;alternative-font&#8221;][\/vc_custom_heading][\/vc_column][\/vc_row][vc_row row_height_percent=&#8221;0&#8243; override_padding=&#8221;yes&#8221; h_padding=&#8221;0&#8243; top_padding=&#8221;1&#8243; bottom_padding=&#8221;3&#8243; shift_y=&#8221;0&#8243; z_index=&#8221;0&#8243; el_class=&#8221;mb-adapt-6&#8243;][vc_column position_horizontal=&#8221;&#8221; mobile_visibility=&#8221;yes&#8221; mobile_width=&#8221;0&#8243; shift_x=&#8221;0&#8243; shift_y=&#8221;0&#8243; z_index=&#8221;0&#8243; medium_visibility=&#8221;yes&#8221; medium_width=&#8221;0&#8243; width=&#8221;1\/6&#8243;][\/vc_column][vc_column width=&#8221;2\/3&#8243;][vc_custom_heading text_size=&#8221;h6&#8243;]Conditions of sale[\/vc_custom_heading][vc_column_text]The Customer confirms that, when placing the order, he\/she is aware of the terms [&hellip;]<\/p>\n","protected":false},"author":1,"featured_media":0,"parent":0,"menu_order":0,"comment_status":"closed","ping_status":"closed","template":"","meta":{"_acf_changed":false,"content-type":"","footnotes":""},"class_list":["post-1890","page","type-page","status-publish","hentry"],"acf":[],"yoast_head":"<!-- This site is optimized with the Yoast SEO plugin v22.4 - https:\/\/yoast.com\/wordpress\/plugins\/seo\/ -->\n<title>Shipping Policy - Barboflex<\/title>\n<meta name=\"robots\" content=\"index, follow, max-snippet:-1, max-image-preview:large, max-video-preview:-1\" \/>\n<link rel=\"canonical\" href=\"https:\/\/barboflex.pt\/informacao-de-envio\/\" \/>\n<meta property=\"og:locale\" content=\"en_US\" \/>\n<meta property=\"og:type\" content=\"article\" \/>\n<meta property=\"og:title\" content=\"Shipping Policy - Barboflex\" \/>\n<meta property=\"og:description\" content=\"[vc_row unlock_row_content=&#8221;&#8221; row_height_percent=&#8221;0&#8243; override_padding=&#8221;yes&#8221; h_padding=&#8221;0&#8243; top_padding=&#8221;3&#8243; bottom_padding=&#8221;2&#8243; shift_y=&#8221;0&#8243; z_index=&#8221;0&#8243;][vc_column position_horizontal=&#8221;&#8221; align_horizontal=&#8221;text-lg-center&#8221; mobile_width=&#8221;0&#8243; shift_x=&#8221;0&#8243; shift_y=&#8221;0&#8243; z_index=&#8221;0&#8243; medium_width=&#8221;0&#8243; width=&#8221;1\/1&#8243;][vc_custom_heading auto_text=&#8221;yes&#8221; heading_semantic=&#8221;h1&#8243; text_weight=&#8221;font-weight-light&#8221; el_class=&#8221;alternative-font&#8221;][\/vc_custom_heading][\/vc_column][\/vc_row][vc_row row_height_percent=&#8221;0&#8243; override_padding=&#8221;yes&#8221; h_padding=&#8221;0&#8243; top_padding=&#8221;1&#8243; bottom_padding=&#8221;3&#8243; shift_y=&#8221;0&#8243; z_index=&#8221;0&#8243; el_class=&#8221;mb-adapt-6&#8243;][vc_column position_horizontal=&#8221;&#8221; mobile_visibility=&#8221;yes&#8221; mobile_width=&#8221;0&#8243; shift_x=&#8221;0&#8243; shift_y=&#8221;0&#8243; z_index=&#8221;0&#8243; medium_visibility=&#8221;yes&#8221; medium_width=&#8221;0&#8243; width=&#8221;1\/6&#8243;][\/vc_column][vc_column width=&#8221;2\/3&#8243;][vc_custom_heading text_size=&#8221;h6&#8243;]Conditions of sale[\/vc_custom_heading][vc_column_text]The Customer confirms that, when placing the order, he\/she is aware of the terms [&hellip;]\" \/>\n<meta property=\"og:url\" content=\"https:\/\/barboflex.pt\/informacao-de-envio\/\" \/>\n<meta property=\"og:site_name\" content=\"Barboflex\" \/>\n<meta property=\"article:publisher\" content=\"https:\/\/www.facebook.com\/barboflex.pt\" \/>\n<meta property=\"article:modified_time\" content=\"2024-02-08T18:22:43+00:00\" \/>\n<meta property=\"og:image\" content=\"https:\/\/barboflex.pt\/wp-content\/uploads\/2024\/09\/Metadescription_Prancheta-1-scaled.jpg\" \/>\n\t<meta property=\"og:image:width\" content=\"2560\" \/>\n\t<meta property=\"og:image:height\" content=\"1440\" \/>\n\t<meta property=\"og:image:type\" content=\"image\/jpeg\" \/>\n<meta name=\"twitter:card\" content=\"summary_large_image\" \/>\n<meta name=\"twitter:label1\" content=\"Est. reading time\" \/>\n\t<meta name=\"twitter:data1\" content=\"4 minutes\" \/>\n<script type=\"application\/ld+json\" class=\"yoast-schema-graph\">{\"@context\":\"https:\/\/schema.org\",\"@graph\":[{\"@type\":\"WebPage\",\"@id\":\"https:\/\/barboflex.pt\/informacao-de-envio\/\",\"url\":\"https:\/\/barboflex.pt\/informacao-de-envio\/\",\"name\":\"Shipping Policy - Barboflex\",\"isPartOf\":{\"@id\":\"https:\/\/barboflex.pt\/#website\"},\"datePublished\":\"2023-10-04T12:14:00+00:00\",\"dateModified\":\"2024-02-08T18:22:43+00:00\",\"breadcrumb\":{\"@id\":\"https:\/\/barboflex.pt\/informacao-de-envio\/#breadcrumb\"},\"inLanguage\":\"en-US\",\"potentialAction\":[{\"@type\":\"ReadAction\",\"target\":[\"https:\/\/barboflex.pt\/informacao-de-envio\/\"]}]},{\"@type\":\"BreadcrumbList\",\"@id\":\"https:\/\/barboflex.pt\/informacao-de-envio\/#breadcrumb\",\"itemListElement\":[{\"@type\":\"ListItem\",\"position\":1,\"name\":\"In\u00edcio\",\"item\":\"https:\/\/barboflex.pt\/en\/\"},{\"@type\":\"ListItem\",\"position\":2,\"name\":\"Shipping Policy\"}]},{\"@type\":\"WebSite\",\"@id\":\"https:\/\/barboflex.pt\/#website\",\"url\":\"https:\/\/barboflex.pt\/\",\"name\":\"Barboflex\",\"description\":\"20 anos de experi\u00eancia em Hidr\u00e1ulica e Pneum\u00e1tica. Refer\u00eancia no mercado Nacional e Internacional na produ\u00e7\u00e3o e distribui\u00e7\u00e3o de mangueiras hidr\u00e1ulicas, componentes e acess\u00f3rios para a ind\u00fastria.\",\"publisher\":{\"@id\":\"https:\/\/barboflex.pt\/#organization\"},\"alternateName\":\"Barboflex Flexible Solutions\",\"potentialAction\":[{\"@type\":\"SearchAction\",\"target\":{\"@type\":\"EntryPoint\",\"urlTemplate\":\"https:\/\/barboflex.pt\/?s={search_term_string}\"},\"query-input\":\"required name=search_term_string\"}],\"inLanguage\":\"en-US\"},{\"@type\":\"Organization\",\"@id\":\"https:\/\/barboflex.pt\/#organization\",\"name\":\"Barboflex S.A.\",\"alternateName\":\"Barboflex\",\"url\":\"https:\/\/barboflex.pt\/\",\"logo\":{\"@type\":\"ImageObject\",\"inLanguage\":\"en-US\",\"@id\":\"https:\/\/barboflex.pt\/#\/schema\/logo\/image\/\",\"url\":\"https:\/\/barboflex.pt\/wp-content\/uploads\/2023\/05\/logo-2.svg\",\"contentUrl\":\"https:\/\/barboflex.pt\/wp-content\/uploads\/2023\/05\/logo-2.svg\",\"width\":1,\"height\":1,\"caption\":\"Barboflex S.A.\"},\"image\":{\"@id\":\"https:\/\/barboflex.pt\/#\/schema\/logo\/image\/\"},\"sameAs\":[\"https:\/\/www.facebook.com\/barboflex.pt\",\"https:\/\/www.instagram.com\/barboflex\",\"https:\/\/www.youtube.com\/@BarboflexSA\",\"https:\/\/www.linkedin.com\/company\/barboflex\/\"]}]}<\/script>\n<!-- \/ Yoast SEO plugin. -->","yoast_head_json":{"title":"Shipping Policy - Barboflex","robots":{"index":"index","follow":"follow","max-snippet":"max-snippet:-1","max-image-preview":"max-image-preview:large","max-video-preview":"max-video-preview:-1"},"canonical":"https:\/\/barboflex.pt\/informacao-de-envio\/","og_locale":"en_US","og_type":"article","og_title":"Shipping Policy - Barboflex","og_description":"[vc_row unlock_row_content=&#8221;&#8221; row_height_percent=&#8221;0&#8243; override_padding=&#8221;yes&#8221; h_padding=&#8221;0&#8243; top_padding=&#8221;3&#8243; bottom_padding=&#8221;2&#8243; shift_y=&#8221;0&#8243; z_index=&#8221;0&#8243;][vc_column position_horizontal=&#8221;&#8221; align_horizontal=&#8221;text-lg-center&#8221; mobile_width=&#8221;0&#8243; shift_x=&#8221;0&#8243; shift_y=&#8221;0&#8243; z_index=&#8221;0&#8243; medium_width=&#8221;0&#8243; width=&#8221;1\/1&#8243;][vc_custom_heading auto_text=&#8221;yes&#8221; heading_semantic=&#8221;h1&#8243; text_weight=&#8221;font-weight-light&#8221; el_class=&#8221;alternative-font&#8221;][\/vc_custom_heading][\/vc_column][\/vc_row][vc_row row_height_percent=&#8221;0&#8243; override_padding=&#8221;yes&#8221; h_padding=&#8221;0&#8243; top_padding=&#8221;1&#8243; bottom_padding=&#8221;3&#8243; shift_y=&#8221;0&#8243; z_index=&#8221;0&#8243; el_class=&#8221;mb-adapt-6&#8243;][vc_column position_horizontal=&#8221;&#8221; mobile_visibility=&#8221;yes&#8221; mobile_width=&#8221;0&#8243; shift_x=&#8221;0&#8243; shift_y=&#8221;0&#8243; z_index=&#8221;0&#8243; medium_visibility=&#8221;yes&#8221; medium_width=&#8221;0&#8243; width=&#8221;1\/6&#8243;][\/vc_column][vc_column width=&#8221;2\/3&#8243;][vc_custom_heading text_size=&#8221;h6&#8243;]Conditions of sale[\/vc_custom_heading][vc_column_text]The Customer confirms that, when placing the order, he\/she is aware of the terms [&hellip;]","og_url":"https:\/\/barboflex.pt\/informacao-de-envio\/","og_site_name":"Barboflex","article_publisher":"https:\/\/www.facebook.com\/barboflex.pt","article_modified_time":"2024-02-08T18:22:43+00:00","og_image":[{"width":2560,"height":1440,"url":"https:\/\/barboflex.pt\/wp-content\/uploads\/2024\/09\/Metadescription_Prancheta-1-scaled.jpg","type":"image\/jpeg"}],"twitter_card":"summary_large_image","twitter_misc":{"Est. reading time":"4 minutes"},"schema":{"@context":"https:\/\/schema.org","@graph":[{"@type":"WebPage","@id":"https:\/\/barboflex.pt\/informacao-de-envio\/","url":"https:\/\/barboflex.pt\/informacao-de-envio\/","name":"Shipping Policy - Barboflex","isPartOf":{"@id":"https:\/\/barboflex.pt\/#website"},"datePublished":"2023-10-04T12:14:00+00:00","dateModified":"2024-02-08T18:22:43+00:00","breadcrumb":{"@id":"https:\/\/barboflex.pt\/informacao-de-envio\/#breadcrumb"},"inLanguage":"en-US","potentialAction":[{"@type":"ReadAction","target":["https:\/\/barboflex.pt\/informacao-de-envio\/"]}]},{"@type":"BreadcrumbList","@id":"https:\/\/barboflex.pt\/informacao-de-envio\/#breadcrumb","itemListElement":[{"@type":"ListItem","position":1,"name":"In\u00edcio","item":"https:\/\/barboflex.pt\/en\/"},{"@type":"ListItem","position":2,"name":"Shipping Policy"}]},{"@type":"WebSite","@id":"https:\/\/barboflex.pt\/#website","url":"https:\/\/barboflex.pt\/","name":"Barboflex","description":"20 anos de experi\u00eancia em Hidr\u00e1ulica e Pneum\u00e1tica. Refer\u00eancia no mercado Nacional e Internacional na produ\u00e7\u00e3o e distribui\u00e7\u00e3o de mangueiras hidr\u00e1ulicas, componentes e acess\u00f3rios para a ind\u00fastria.","publisher":{"@id":"https:\/\/barboflex.pt\/#organization"},"alternateName":"Barboflex Flexible Solutions","potentialAction":[{"@type":"SearchAction","target":{"@type":"EntryPoint","urlTemplate":"https:\/\/barboflex.pt\/?s={search_term_string}"},"query-input":"required name=search_term_string"}],"inLanguage":"en-US"},{"@type":"Organization","@id":"https:\/\/barboflex.pt\/#organization","name":"Barboflex S.A.","alternateName":"Barboflex","url":"https:\/\/barboflex.pt\/","logo":{"@type":"ImageObject","inLanguage":"en-US","@id":"https:\/\/barboflex.pt\/#\/schema\/logo\/image\/","url":"https:\/\/barboflex.pt\/wp-content\/uploads\/2023\/05\/logo-2.svg","contentUrl":"https:\/\/barboflex.pt\/wp-content\/uploads\/2023\/05\/logo-2.svg","width":1,"height":1,"caption":"Barboflex S.A."},"image":{"@id":"https:\/\/barboflex.pt\/#\/schema\/logo\/image\/"},"sameAs":["https:\/\/www.facebook.com\/barboflex.pt","https:\/\/www.instagram.com\/barboflex","https:\/\/www.youtube.com\/@BarboflexSA","https:\/\/www.linkedin.com\/company\/barboflex\/"]}]}},"jetpack_sharing_enabled":true,"_links":{"self":[{"href":"https:\/\/barboflex.pt\/en\/wp-json\/wp\/v2\/pages\/1890","targetHints":{"allow":["GET"]}}],"collection":[{"href":"https:\/\/barboflex.pt\/en\/wp-json\/wp\/v2\/pages"}],"about":[{"href":"https:\/\/barboflex.pt\/en\/wp-json\/wp\/v2\/types\/page"}],"author":[{"embeddable":true,"href":"https:\/\/barboflex.pt\/en\/wp-json\/wp\/v2\/users\/1"}],"replies":[{"embeddable":true,"href":"https:\/\/barboflex.pt\/en\/wp-json\/wp\/v2\/comments?post=1890"}],"version-history":[{"count":0,"href":"https:\/\/barboflex.pt\/en\/wp-json\/wp\/v2\/pages\/1890\/revisions"}],"wp:attachment":[{"href":"https:\/\/barboflex.pt\/en\/wp-json\/wp\/v2\/media?parent=1890"}],"curies":[{"name":"wp","href":"https:\/\/api.w.org\/{rel}","templated":true}]}}